{"id":5224,"date":"2023-03-22T17:31:03","date_gmt":"2023-03-22T16:31:03","guid":{"rendered":"https:\/\/dicifood.ch\/?post_type=product&#038;p=5224"},"modified":"2024-02-20T08:41:38","modified_gmt":"2024-02-20T07:41:38","slug":"popcorn-sale-pour-micro-onde-90g","status":"publish","type":"product","link":"https:\/\/dicifood.ch\/de\/produkt\/popcorn-sale-pour-micro-onde-90g\/","title":{"rendered":"Popcorn sal\u00e9 pour micro-onde 90g"},"content":{"rendered":"<p class=\"font_8\">Popcornmais aus der Schweiz - das ist m\u00f6glich! Seit 2018 bauen wir ihn in Cottens sowie bei zwei Landwirtskollegen in der Region an. Es handelt sich um spezielle, sp\u00e4t reifende Sorten, um 100% nat\u00fcrliches Butterfly- und Mushroom-Popcorn zuzubereiten. Das Popcorn ist reich an Ballaststoffen und Antioxidantien und hat nur wenig Kalorien.<\/p>\n<p>&nbsp;<\/p>\n<p>Conditionn\u00e9 chez:<\/p>\n<p><a href=\"https:\/\/www.afiro.ch\/association\"><img decoding=\"async\" class=\"alignnone wp-image-5346\" src=\"https:\/\/dicifood.ch\/wp-content\/uploads\/2023\/03\/afiro-300x136.png\" alt=\"\" width=\"221\" height=\"100\" srcset=\"https:\/\/dicifood.ch\/wp-content\/uploads\/2023\/03\/afiro-300x136.png 300w, https:\/\/dicifood.ch\/wp-content\/uploads\/2023\/03\/afiro.png 332w\" sizes=\"(max-width: 221px) 100vw, 221px\" \/><\/a><\/p>","protected":false},"excerpt":{"rendered":"<p>Gesalzener Popcorn-Mais, OHNE PALM\u00d6L, f\u00fcr die Mikrowelle! Nat\u00fcrlich 100% Schweiz.<\/p>\n<p><a href=\"https:\/\/webapp.beelong.ch\/fr\/public\/factsheet\/view\/5d95eaeb1f651\"><img decoding=\"async\" class=\"alignnone wp-image-11214 size-medium\" src=\"https:\/\/dicifood.ch\/wp-content\/uploads\/2023\/02\/2_Primary_color_border_screened_A-300x139.png\" alt=\"\" width=\"300\" height=\"139\" srcset=\"https:\/\/dicifood.ch\/wp-content\/uploads\/2023\/02\/2_Primary_color_border_screened_A-300x139.png 300w, https:\/\/dicifood.ch\/wp-content\/uploads\/2023\/02\/2_Primary_color_border_screened_A-600x279.png 600w, https:\/\/dicifood.ch\/wp-content\/uploads\/2023\/02\/2_Primary_color_border_screened_A-1024x476.png 1024w, https:\/\/dicifood.ch\/wp-content\/uploads\/2023\/02\/2_Primary_color_border_screened_A-768x357.png 768w, https:\/\/dicifood.ch\/wp-content\/uploads\/2023\/02\/2_Primary_color_border_screened_A-1536x713.png 1536w, https:\/\/dicifood.ch\/wp-content\/uploads\/2023\/02\/2_Primary_color_border_screened_A-2048x951.png 2048w, https:\/\/dicifood.ch\/wp-content\/uploads\/2023\/02\/2_Primary_color_border_screened_A-18x8.png 18w\" sizes=\"(max-width: 300px) 100vw, 300px\" \/><\/a><a href=\"https:\/\/www.ipsuisse.ch\/fr\/consomateurs-2\/a-propos-consomateurs\/labels-consomateurs-2\/\"><img decoding=\"async\" class=\"alignnone wp-image-5180\" src=\"https:\/\/dicifood.ch\/wp-content\/uploads\/2023\/03\/IPS_Logo_jpg-800x800-1-e1679474450941-300x300.jpg\" alt=\"\" width=\"138\" height=\"138\" \/><\/a><\/p>","protected":false},"featured_media":5265,"comment_status":"open","ping_status":"closed","template":"","meta":[],"product_brand":[],"product_cat":[124,110],"product_tag":[],"class_list":{"0":"post-5224","1":"product","2":"type-product","3":"status-publish","4":"has-post-thumbnail","6":"product_cat-mais","7":"product_cat-petits-emballages-100-400g","9":"first","10":"instock","11":"taxable","12":"shipping-taxable","13":"purchasable","14":"product-type-simple"},"yoast_head":"<!-- This site is optimized with the Yoast SEO plugin v27.4 - https:\/\/yoast.com\/product\/yoast-seo-wordpress\/ -->\n<title>Popcorn sal\u00e9 pour micro-onde 90g - Dicifood<\/title>\n<meta name=\"robots\" content=\"index, follow, max-snippet:-1, max-image-preview:large, max-video-preview:-1\" \/>\n<link rel=\"canonical\" href=\"https:\/\/dicifood.ch\/de\/produkt\/popcorn-sale-pour-micro-onde-90g\/\" \/>\n<meta property=\"og:locale\" content=\"de_DE\" \/>\n<meta property=\"og:type\" content=\"article\" \/>\n<meta property=\"og:title\" content=\"Popcorn sal\u00e9 pour micro-onde 90g - Dicifood\" \/>\n<meta property=\"og:description\" content=\"Ma\u00efs popcorn sal\u00e9, SANS HUILE DE PALME, pour micro-onde! \u00c9videmment, 100% Suisse.\" \/>\n<meta property=\"og:url\" content=\"https:\/\/dicifood.ch\/de\/produkt\/popcorn-sale-pour-micro-onde-90g\/\" \/>\n<meta property=\"og:site_name\" content=\"Dicifood\" \/>\n<meta property=\"article:modified_time\" content=\"2024-02-20T07:41:38+00:00\" \/>\n<meta property=\"og:image\" content=\"https:\/\/dicifood.ch\/wp-content\/uploads\/2023\/03\/popcorn_micro-onde1-scaled.jpg\" \/>\n\t<meta property=\"og:image:width\" content=\"1700\" \/>\n\t<meta property=\"og:image:height\" content=\"2560\" \/>\n\t<meta property=\"og:image:type\" content=\"image\/jpeg\" \/>\n<meta name=\"twitter:card\" content=\"summary_large_image\" \/>\n<meta name=\"twitter:label1\" content=\"Gesch\u00e4tzte Lesezeit\" \/>\n\t<meta name=\"twitter:data1\" content=\"1\u00a0Minute\" \/>\n<script type=\"application\/ld+json\" class=\"yoast-schema-graph\">{\"@context\":\"https:\\\/\\\/schema.org\",\"@graph\":[{\"@type\":\"WebPage\",\"@id\":\"https:\\\/\\\/dicifood.ch\\\/produit\\\/popcorn-sale-pour-micro-onde-90g\\\/\",\"url\":\"https:\\\/\\\/dicifood.ch\\\/produit\\\/popcorn-sale-pour-micro-onde-90g\\\/\",\"name\":\"Popcorn sal\u00e9 pour micro-onde 90g - Dicifood\",\"isPartOf\":{\"@id\":\"https:\\\/\\\/dicifood.ch\\\/#website\"},\"primaryImageOfPage\":{\"@id\":\"https:\\\/\\\/dicifood.ch\\\/produit\\\/popcorn-sale-pour-micro-onde-90g\\\/#primaryimage\"},\"image\":{\"@id\":\"https:\\\/\\\/dicifood.ch\\\/produit\\\/popcorn-sale-pour-micro-onde-90g\\\/#primaryimage\"},\"thumbnailUrl\":\"https:\\\/\\\/dicifood.ch\\\/wp-content\\\/uploads\\\/2023\\\/03\\\/popcorn_micro-onde1-scaled.jpg\",\"datePublished\":\"2023-03-22T16:31:03+00:00\",\"dateModified\":\"2024-02-20T07:41:38+00:00\",\"breadcrumb\":{\"@id\":\"https:\\\/\\\/dicifood.ch\\\/produit\\\/popcorn-sale-pour-micro-onde-90g\\\/#breadcrumb\"},\"inLanguage\":\"de\",\"potentialAction\":[{\"@type\":\"ReadAction\",\"target\":[\"https:\\\/\\\/dicifood.ch\\\/produit\\\/popcorn-sale-pour-micro-onde-90g\\\/\"]}]},{\"@type\":\"ImageObject\",\"inLanguage\":\"de\",\"@id\":\"https:\\\/\\\/dicifood.ch\\\/produit\\\/popcorn-sale-pour-micro-onde-90g\\\/#primaryimage\",\"url\":\"https:\\\/\\\/dicifood.ch\\\/wp-content\\\/uploads\\\/2023\\\/03\\\/popcorn_micro-onde1-scaled.jpg\",\"contentUrl\":\"https:\\\/\\\/dicifood.ch\\\/wp-content\\\/uploads\\\/2023\\\/03\\\/popcorn_micro-onde1-scaled.jpg\",\"width\":1700,\"height\":2560},{\"@type\":\"BreadcrumbList\",\"@id\":\"https:\\\/\\\/dicifood.ch\\\/produit\\\/popcorn-sale-pour-micro-onde-90g\\\/#breadcrumb\",\"itemListElement\":[{\"@type\":\"ListItem\",\"position\":1,\"name\":\"Accueil\",\"item\":\"https:\\\/\\\/dicifood.ch\\\/\"},{\"@type\":\"ListItem\",\"position\":2,\"name\":\"Boutique\",\"item\":\"https:\\\/\\\/dicifood.ch\\\/boutique\\\/\"},{\"@type\":\"ListItem\",\"position\":3,\"name\":\"Popcorn sal\u00e9 pour micro-onde 90g\"}]},{\"@type\":\"WebSite\",\"@id\":\"https:\\\/\\\/dicifood.ch\\\/#website\",\"url\":\"https:\\\/\\\/dicifood.ch\\\/\",\"name\":\"Dicifood\",\"description\":\"De la fourche \u00e0 la fourchette\",\"potentialAction\":[{\"@type\":\"SearchAction\",\"target\":{\"@type\":\"EntryPoint\",\"urlTemplate\":\"https:\\\/\\\/dicifood.ch\\\/?s={search_term_string}\"},\"query-input\":{\"@type\":\"PropertyValueSpecification\",\"valueRequired\":true,\"valueName\":\"search_term_string\"}}],\"inLanguage\":\"de\"}]}<\/script>\n<!-- \/ Yoast SEO plugin. -->","yoast_head_json":{"title":"Popcorn sal\u00e9 pour micro-onde 90g - Dicifood","robots":{"index":"index","follow":"follow","max-snippet":"max-snippet:-1","max-image-preview":"max-image-preview:large","max-video-preview":"max-video-preview:-1"},"canonical":"https:\/\/dicifood.ch\/de\/produkt\/popcorn-sale-pour-micro-onde-90g\/","og_locale":"de_DE","og_type":"article","og_title":"Popcorn sal\u00e9 pour micro-onde 90g - Dicifood","og_description":"Ma\u00efs popcorn sal\u00e9, SANS HUILE DE PALME, pour micro-onde! \u00c9videmment, 100% Suisse.","og_url":"https:\/\/dicifood.ch\/de\/produkt\/popcorn-sale-pour-micro-onde-90g\/","og_site_name":"Dicifood","article_modified_time":"2024-02-20T07:41:38+00:00","og_image":[{"width":1700,"height":2560,"url":"https:\/\/dicifood.ch\/wp-content\/uploads\/2023\/03\/popcorn_micro-onde1-scaled.jpg","type":"image\/jpeg"}],"twitter_card":"summary_large_image","twitter_misc":{"Gesch\u00e4tzte Lesezeit":"1\u00a0Minute"},"schema":{"@context":"https:\/\/schema.org","@graph":[{"@type":"WebPage","@id":"https:\/\/dicifood.ch\/produit\/popcorn-sale-pour-micro-onde-90g\/","url":"https:\/\/dicifood.ch\/produit\/popcorn-sale-pour-micro-onde-90g\/","name":"Popcorn sal\u00e9 pour micro-onde 90g - Dicifood","isPartOf":{"@id":"https:\/\/dicifood.ch\/#website"},"primaryImageOfPage":{"@id":"https:\/\/dicifood.ch\/produit\/popcorn-sale-pour-micro-onde-90g\/#primaryimage"},"image":{"@id":"https:\/\/dicifood.ch\/produit\/popcorn-sale-pour-micro-onde-90g\/#primaryimage"},"thumbnailUrl":"https:\/\/dicifood.ch\/wp-content\/uploads\/2023\/03\/popcorn_micro-onde1-scaled.jpg","datePublished":"2023-03-22T16:31:03+00:00","dateModified":"2024-02-20T07:41:38+00:00","breadcrumb":{"@id":"https:\/\/dicifood.ch\/produit\/popcorn-sale-pour-micro-onde-90g\/#breadcrumb"},"inLanguage":"de","potentialAction":[{"@type":"ReadAction","target":["https:\/\/dicifood.ch\/produit\/popcorn-sale-pour-micro-onde-90g\/"]}]},{"@type":"ImageObject","inLanguage":"de","@id":"https:\/\/dicifood.ch\/produit\/popcorn-sale-pour-micro-onde-90g\/#primaryimage","url":"https:\/\/dicifood.ch\/wp-content\/uploads\/2023\/03\/popcorn_micro-onde1-scaled.jpg","contentUrl":"https:\/\/dicifood.ch\/wp-content\/uploads\/2023\/03\/popcorn_micro-onde1-scaled.jpg","width":1700,"height":2560},{"@type":"BreadcrumbList","@id":"https:\/\/dicifood.ch\/produit\/popcorn-sale-pour-micro-onde-90g\/#breadcrumb","itemListElement":[{"@type":"ListItem","position":1,"name":"Accueil","item":"https:\/\/dicifood.ch\/"},{"@type":"ListItem","position":2,"name":"Boutique","item":"https:\/\/dicifood.ch\/boutique\/"},{"@type":"ListItem","position":3,"name":"Popcorn sal\u00e9 pour micro-onde 90g"}]},{"@type":"WebSite","@id":"https:\/\/dicifood.ch\/#website","url":"https:\/\/dicifood.ch\/","name":"Dicifood","description":"De la fourche \u00e0 la fourchette","potentialAction":[{"@type":"SearchAction","target":{"@type":"EntryPoint","urlTemplate":"https:\/\/dicifood.ch\/?s={search_term_string}"},"query-input":{"@type":"PropertyValueSpecification","valueRequired":true,"valueName":"search_term_string"}}],"inLanguage":"de"}]}},"_links":{"self":[{"href":"https:\/\/dicifood.ch\/de\/wp-json\/wp\/v2\/product\/5224","targetHints":{"allow":["GET"]}}],"collection":[{"href":"https:\/\/dicifood.ch\/de\/wp-json\/wp\/v2\/product"}],"about":[{"href":"https:\/\/dicifood.ch\/de\/wp-json\/wp\/v2\/types\/product"}],"replies":[{"embeddable":true,"href":"https:\/\/dicifood.ch\/de\/wp-json\/wp\/v2\/comments?post=5224"}],"wp:featuredmedia":[{"embeddable":true,"href":"https:\/\/dicifood.ch\/de\/wp-json\/wp\/v2\/media\/5265"}],"wp:attachment":[{"href":"https:\/\/dicifood.ch\/de\/wp-json\/wp\/v2\/media?parent=5224"}],"wp:term":[{"taxonomy":"product_brand","embeddable":true,"href":"https:\/\/dicifood.ch\/de\/wp-json\/wp\/v2\/product_brand?post=5224"},{"taxonomy":"product_cat","embeddable":true,"href":"https:\/\/dicifood.ch\/de\/wp-json\/wp\/v2\/product_cat?post=5224"},{"taxonomy":"product_tag","embeddable":true,"href":"https:\/\/dicifood.ch\/de\/wp-json\/wp\/v2\/product_tag?post=5224"}],"curies":[{"name":"wp","href":"https:\/\/api.w.org\/{rel}","templated":true}]}}