{"id":5223,"date":"2023-03-22T17:18:17","date_gmt":"2023-03-22T16:18:17","guid":{"rendered":"https:\/\/dicifood.ch\/?post_type=product&#038;p=5223"},"modified":"2025-10-01T00:00:34","modified_gmt":"2025-09-30T22:00:34","slug":"noisettes-decortiquees-et-torrefiees-200g","status":"publish","type":"product","link":"https:\/\/dicifood.ch\/de\/produkt\/noisettes-decortiquees-et-torrefiees-200g\/","title":{"rendered":"Gesch\u00e4lte und ger\u00f6stete Haseln\u00fcsse 200g"},"content":{"rendered":"<p>Seit 2015 haben wir mit dem Anbau von Haseln\u00fcssen begonnen, die es damals in der Schweiz noch nicht gab. Ziel ist es, den Konsumenten ein saisonales, 100% lokales und qualitativ hochwertiges Produkt anbieten zu k\u00f6nnen. Wir haben zwischen 2015 und 2019 eine Fl\u00e4che von 25 Hektar mit Haselnussstr\u00e4uchern bepflanzt. Die Sorten Hennis und Corabel f\u00fcr Tafelhaseln\u00fcsse und Segorbe f\u00fcr die Bruchfrucht.<\/p>\n<p>&nbsp;<\/p>\n<p>Conditionn\u00e9 chez:<\/p>\n<p><a href=\"https:\/\/www.afiro.ch\/association\"><img decoding=\"async\" class=\"alignnone wp-image-5346\" src=\"https:\/\/dicifood.ch\/wp-content\/uploads\/2023\/03\/afiro-300x136.png\" alt=\"\" width=\"221\" height=\"100\" srcset=\"https:\/\/dicifood.ch\/wp-content\/uploads\/2023\/03\/afiro-300x136.png 300w, https:\/\/dicifood.ch\/wp-content\/uploads\/2023\/03\/afiro.png 332w\" sizes=\"(max-width: 221px) 100vw, 221px\" \/><\/a><\/p>","protected":false},"excerpt":{"rendered":"<p>100% Waadtl\u00e4nder Haseln\u00fcsse, pasteurisiert und ger\u00f6stet<\/p>\n<p><a href=\"https:\/\/webapp.beelong.ch\/fr\/public\/factsheet\/view\/5d95ed4732ebb\"><img decoding=\"async\" class=\"alignnone wp-image-11214 size-medium\" src=\"https:\/\/dicifood.ch\/wp-content\/uploads\/2023\/02\/2_Primary_color_border_screened_A-300x139.png\" alt=\"\" width=\"300\" height=\"139\" srcset=\"https:\/\/dicifood.ch\/wp-content\/uploads\/2023\/02\/2_Primary_color_border_screened_A-300x139.png 300w, https:\/\/dicifood.ch\/wp-content\/uploads\/2023\/02\/2_Primary_color_border_screened_A-600x279.png 600w, https:\/\/dicifood.ch\/wp-content\/uploads\/2023\/02\/2_Primary_color_border_screened_A-1024x476.png 1024w, https:\/\/dicifood.ch\/wp-content\/uploads\/2023\/02\/2_Primary_color_border_screened_A-768x357.png 768w, https:\/\/dicifood.ch\/wp-content\/uploads\/2023\/02\/2_Primary_color_border_screened_A-1536x713.png 1536w, https:\/\/dicifood.ch\/wp-content\/uploads\/2023\/02\/2_Primary_color_border_screened_A-2048x951.png 2048w, https:\/\/dicifood.ch\/wp-content\/uploads\/2023\/02\/2_Primary_color_border_screened_A-18x8.png 18w\" sizes=\"(max-width: 300px) 100vw, 300px\" \/><\/a><a href=\"https:\/\/www.ipsuisse.ch\/fr\/consomateurs-2\/a-propos-consomateurs\/labels-consomateurs-2\/\"><img decoding=\"async\" class=\"alignnone wp-image-5180\" src=\"https:\/\/dicifood.ch\/wp-content\/uploads\/2023\/03\/IPS_Logo_jpg-800x800-1-e1679474450941-300x300.jpg\" alt=\"\" width=\"138\" height=\"138\" \/><\/a><\/p>","protected":false},"featured_media":12203,"comment_status":"open","ping_status":"closed","template":"","meta":[],"product_brand":[],"product_cat":[230,120,110],"product_tag":[],"class_list":{"0":"post-5223","1":"product","2":"type-product","3":"status-publish","4":"has-post-thumbnail","6":"product_cat-fruits-a-coque","7":"product_cat-noisettes","8":"product_cat-petits-emballages-100-400g","10":"first","11":"instock","12":"taxable","13":"shipping-taxable","14":"purchasable","15":"product-type-simple"},"yoast_head":"<!-- This site is optimized with the Yoast SEO plugin v27.4 - https:\/\/yoast.com\/product\/yoast-seo-wordpress\/ -->\n<title>Noisettes d\u00e9cortiqu\u00e9es et torr\u00e9fi\u00e9es 200g - Dicifood<\/title>\n<meta name=\"robots\" content=\"index, follow, max-snippet:-1, max-image-preview:large, max-video-preview:-1\" \/>\n<link rel=\"canonical\" href=\"https:\/\/dicifood.ch\/de\/produkt\/noisettes-decortiquees-et-torrefiees-200g\/\" \/>\n<meta property=\"og:locale\" content=\"de_DE\" \/>\n<meta property=\"og:type\" content=\"article\" \/>\n<meta property=\"og:title\" content=\"Noisettes d\u00e9cortiqu\u00e9es et torr\u00e9fi\u00e9es 200g - Dicifood\" \/>\n<meta property=\"og:description\" content=\"Noisettes 100% vaudoises, pasteuris\u00e9es et torr\u00e9fi\u00e9es\" \/>\n<meta property=\"og:url\" content=\"https:\/\/dicifood.ch\/de\/produkt\/noisettes-decortiquees-et-torrefiees-200g\/\" \/>\n<meta property=\"og:site_name\" content=\"Dicifood\" \/>\n<meta property=\"article:modified_time\" content=\"2025-09-30T22:00:34+00:00\" \/>\n<meta property=\"og:image\" content=\"https:\/\/dicifood.ch\/wp-content\/uploads\/2023\/03\/Noisettes-torrefiees-200g.png\" \/>\n\t<meta property=\"og:image:width\" content=\"1000\" \/>\n\t<meta property=\"og:image:height\" content=\"1000\" \/>\n\t<meta property=\"og:image:type\" content=\"image\/png\" \/>\n<meta name=\"twitter:card\" content=\"summary_large_image\" \/>\n<meta name=\"twitter:label1\" content=\"Gesch\u00e4tzte Lesezeit\" \/>\n\t<meta name=\"twitter:data1\" content=\"1\u00a0Minute\" \/>\n<script type=\"application\/ld+json\" class=\"yoast-schema-graph\">{\"@context\":\"https:\\\/\\\/schema.org\",\"@graph\":[{\"@type\":\"WebPage\",\"@id\":\"https:\\\/\\\/dicifood.ch\\\/produit\\\/noisettes-decortiquees-et-torrefiees-200g\\\/\",\"url\":\"https:\\\/\\\/dicifood.ch\\\/produit\\\/noisettes-decortiquees-et-torrefiees-200g\\\/\",\"name\":\"Noisettes d\u00e9cortiqu\u00e9es et torr\u00e9fi\u00e9es 200g - Dicifood\",\"isPartOf\":{\"@id\":\"https:\\\/\\\/dicifood.ch\\\/#website\"},\"primaryImageOfPage\":{\"@id\":\"https:\\\/\\\/dicifood.ch\\\/produit\\\/noisettes-decortiquees-et-torrefiees-200g\\\/#primaryimage\"},\"image\":{\"@id\":\"https:\\\/\\\/dicifood.ch\\\/produit\\\/noisettes-decortiquees-et-torrefiees-200g\\\/#primaryimage\"},\"thumbnailUrl\":\"https:\\\/\\\/dicifood.ch\\\/wp-content\\\/uploads\\\/2023\\\/03\\\/Noisettes-torrefiees-200g.png\",\"datePublished\":\"2023-03-22T16:18:17+00:00\",\"dateModified\":\"2025-09-30T22:00:34+00:00\",\"breadcrumb\":{\"@id\":\"https:\\\/\\\/dicifood.ch\\\/produit\\\/noisettes-decortiquees-et-torrefiees-200g\\\/#breadcrumb\"},\"inLanguage\":\"de\",\"potentialAction\":[{\"@type\":\"ReadAction\",\"target\":[\"https:\\\/\\\/dicifood.ch\\\/produit\\\/noisettes-decortiquees-et-torrefiees-200g\\\/\"]}]},{\"@type\":\"ImageObject\",\"inLanguage\":\"de\",\"@id\":\"https:\\\/\\\/dicifood.ch\\\/produit\\\/noisettes-decortiquees-et-torrefiees-200g\\\/#primaryimage\",\"url\":\"https:\\\/\\\/dicifood.ch\\\/wp-content\\\/uploads\\\/2023\\\/03\\\/Noisettes-torrefiees-200g.png\",\"contentUrl\":\"https:\\\/\\\/dicifood.ch\\\/wp-content\\\/uploads\\\/2023\\\/03\\\/Noisettes-torrefiees-200g.png\",\"width\":1000,\"height\":1000},{\"@type\":\"BreadcrumbList\",\"@id\":\"https:\\\/\\\/dicifood.ch\\\/produit\\\/noisettes-decortiquees-et-torrefiees-200g\\\/#breadcrumb\",\"itemListElement\":[{\"@type\":\"ListItem\",\"position\":1,\"name\":\"Accueil\",\"item\":\"https:\\\/\\\/dicifood.ch\\\/\"},{\"@type\":\"ListItem\",\"position\":2,\"name\":\"Boutique\",\"item\":\"https:\\\/\\\/dicifood.ch\\\/boutique\\\/\"},{\"@type\":\"ListItem\",\"position\":3,\"name\":\"Noisettes d\u00e9cortiqu\u00e9es et torr\u00e9fi\u00e9es 200g\"}]},{\"@type\":\"WebSite\",\"@id\":\"https:\\\/\\\/dicifood.ch\\\/#website\",\"url\":\"https:\\\/\\\/dicifood.ch\\\/\",\"name\":\"Dicifood\",\"description\":\"De la fourche \u00e0 la fourchette\",\"potentialAction\":[{\"@type\":\"SearchAction\",\"target\":{\"@type\":\"EntryPoint\",\"urlTemplate\":\"https:\\\/\\\/dicifood.ch\\\/?s={search_term_string}\"},\"query-input\":{\"@type\":\"PropertyValueSpecification\",\"valueRequired\":true,\"valueName\":\"search_term_string\"}}],\"inLanguage\":\"de\"}]}<\/script>\n<!-- \/ Yoast SEO plugin. -->","yoast_head_json":{"title":"Noisettes d\u00e9cortiqu\u00e9es et torr\u00e9fi\u00e9es 200g - Dicifood","robots":{"index":"index","follow":"follow","max-snippet":"max-snippet:-1","max-image-preview":"max-image-preview:large","max-video-preview":"max-video-preview:-1"},"canonical":"https:\/\/dicifood.ch\/de\/produkt\/noisettes-decortiquees-et-torrefiees-200g\/","og_locale":"de_DE","og_type":"article","og_title":"Noisettes d\u00e9cortiqu\u00e9es et torr\u00e9fi\u00e9es 200g - Dicifood","og_description":"Noisettes 100% vaudoises, pasteuris\u00e9es et torr\u00e9fi\u00e9es","og_url":"https:\/\/dicifood.ch\/de\/produkt\/noisettes-decortiquees-et-torrefiees-200g\/","og_site_name":"Dicifood","article_modified_time":"2025-09-30T22:00:34+00:00","og_image":[{"width":1000,"height":1000,"url":"https:\/\/dicifood.ch\/wp-content\/uploads\/2023\/03\/Noisettes-torrefiees-200g.png","type":"image\/png"}],"twitter_card":"summary_large_image","twitter_misc":{"Gesch\u00e4tzte Lesezeit":"1\u00a0Minute"},"schema":{"@context":"https:\/\/schema.org","@graph":[{"@type":"WebPage","@id":"https:\/\/dicifood.ch\/produit\/noisettes-decortiquees-et-torrefiees-200g\/","url":"https:\/\/dicifood.ch\/produit\/noisettes-decortiquees-et-torrefiees-200g\/","name":"Noisettes d\u00e9cortiqu\u00e9es et torr\u00e9fi\u00e9es 200g - Dicifood","isPartOf":{"@id":"https:\/\/dicifood.ch\/#website"},"primaryImageOfPage":{"@id":"https:\/\/dicifood.ch\/produit\/noisettes-decortiquees-et-torrefiees-200g\/#primaryimage"},"image":{"@id":"https:\/\/dicifood.ch\/produit\/noisettes-decortiquees-et-torrefiees-200g\/#primaryimage"},"thumbnailUrl":"https:\/\/dicifood.ch\/wp-content\/uploads\/2023\/03\/Noisettes-torrefiees-200g.png","datePublished":"2023-03-22T16:18:17+00:00","dateModified":"2025-09-30T22:00:34+00:00","breadcrumb":{"@id":"https:\/\/dicifood.ch\/produit\/noisettes-decortiquees-et-torrefiees-200g\/#breadcrumb"},"inLanguage":"de","potentialAction":[{"@type":"ReadAction","target":["https:\/\/dicifood.ch\/produit\/noisettes-decortiquees-et-torrefiees-200g\/"]}]},{"@type":"ImageObject","inLanguage":"de","@id":"https:\/\/dicifood.ch\/produit\/noisettes-decortiquees-et-torrefiees-200g\/#primaryimage","url":"https:\/\/dicifood.ch\/wp-content\/uploads\/2023\/03\/Noisettes-torrefiees-200g.png","contentUrl":"https:\/\/dicifood.ch\/wp-content\/uploads\/2023\/03\/Noisettes-torrefiees-200g.png","width":1000,"height":1000},{"@type":"BreadcrumbList","@id":"https:\/\/dicifood.ch\/produit\/noisettes-decortiquees-et-torrefiees-200g\/#breadcrumb","itemListElement":[{"@type":"ListItem","position":1,"name":"Accueil","item":"https:\/\/dicifood.ch\/"},{"@type":"ListItem","position":2,"name":"Boutique","item":"https:\/\/dicifood.ch\/boutique\/"},{"@type":"ListItem","position":3,"name":"Noisettes d\u00e9cortiqu\u00e9es et torr\u00e9fi\u00e9es 200g"}]},{"@type":"WebSite","@id":"https:\/\/dicifood.ch\/#website","url":"https:\/\/dicifood.ch\/","name":"Dicifood","description":"De la fourche \u00e0 la fourchette","potentialAction":[{"@type":"SearchAction","target":{"@type":"EntryPoint","urlTemplate":"https:\/\/dicifood.ch\/?s={search_term_string}"},"query-input":{"@type":"PropertyValueSpecification","valueRequired":true,"valueName":"search_term_string"}}],"inLanguage":"de"}]}},"_links":{"self":[{"href":"https:\/\/dicifood.ch\/de\/wp-json\/wp\/v2\/product\/5223","targetHints":{"allow":["GET"]}}],"collection":[{"href":"https:\/\/dicifood.ch\/de\/wp-json\/wp\/v2\/product"}],"about":[{"href":"https:\/\/dicifood.ch\/de\/wp-json\/wp\/v2\/types\/product"}],"replies":[{"embeddable":true,"href":"https:\/\/dicifood.ch\/de\/wp-json\/wp\/v2\/comments?post=5223"}],"wp:featuredmedia":[{"embeddable":true,"href":"https:\/\/dicifood.ch\/de\/wp-json\/wp\/v2\/media\/12203"}],"wp:attachment":[{"href":"https:\/\/dicifood.ch\/de\/wp-json\/wp\/v2\/media?parent=5223"}],"wp:term":[{"taxonomy":"product_brand","embeddable":true,"href":"https:\/\/dicifood.ch\/de\/wp-json\/wp\/v2\/product_brand?post=5223"},{"taxonomy":"product_cat","embeddable":true,"href":"https:\/\/dicifood.ch\/de\/wp-json\/wp\/v2\/product_cat?post=5223"},{"taxonomy":"product_tag","embeddable":true,"href":"https:\/\/dicifood.ch\/de\/wp-json\/wp\/v2\/product_tag?post=5223"}],"curies":[{"name":"wp","href":"https:\/\/api.w.org\/{rel}","templated":true}]}}