{"id":4944,"date":"2023-03-06T10:39:44","date_gmt":"2023-03-06T09:39:44","guid":{"rendered":"https:\/\/dicifood.ch\/?post_type=product&#038;p=4944"},"modified":"2026-02-05T15:27:16","modified_gmt":"2026-02-05T14:27:16","slug":"pavot-3kg","status":"publish","type":"product","link":"https:\/\/dicifood.ch\/de\/produkt\/pavot-3kg\/","title":{"rendered":"Mohn 3kg"},"content":{"rendered":"<p>Hier kommt unser 100% Waadtl\u00e4nder Mohn! Diese h\u00fcbschen kleinen, leicht bl\u00e4ulichen Samen werden Ihre Brote, Kuchen oder Joghurts verfeinern. Sie wurden mit Sorgfalt auf der Domaine du Ch\u00e2teau in Cottens angebaut.<\/p>","protected":false},"excerpt":{"rendered":"<p>Perfekt zum Belegen von Brot, Joghurt oder Kuchen!<\/p>","protected":false},"featured_media":5302,"comment_status":"open","ping_status":"closed","template":"","meta":[],"product_brand":[],"product_cat":[122,115],"product_tag":[],"class_list":{"0":"post-4944","1":"product","2":"type-product","3":"status-publish","4":"has-post-thumbnail","6":"product_cat-graines","7":"product_cat-grands-emballages-3-5-kg","9":"first","10":"instock","11":"taxable","12":"shipping-taxable","13":"purchasable","14":"product-type-simple"},"yoast_head":"<!-- This site is optimized with the Yoast SEO plugin v27.4 - https:\/\/yoast.com\/product\/yoast-seo-wordpress\/ -->\n<title>Pavot 3kg - Dicifood<\/title>\n<meta name=\"robots\" content=\"index, follow, max-snippet:-1, max-image-preview:large, max-video-preview:-1\" \/>\n<link rel=\"canonical\" href=\"https:\/\/dicifood.ch\/de\/produkt\/pavot-3kg\/\" \/>\n<meta property=\"og:locale\" content=\"de_DE\" \/>\n<meta property=\"og:type\" content=\"article\" \/>\n<meta property=\"og:title\" content=\"Pavot 3kg - Dicifood\" \/>\n<meta property=\"og:description\" content=\"Parfait pour garnir vos pains, yoghourts ou g\u00e2teaux !\" \/>\n<meta property=\"og:url\" content=\"https:\/\/dicifood.ch\/de\/produkt\/pavot-3kg\/\" \/>\n<meta property=\"og:site_name\" content=\"Dicifood\" \/>\n<meta property=\"article:modified_time\" content=\"2026-02-05T14:27:16+00:00\" \/>\n<meta property=\"og:image\" content=\"https:\/\/dicifood.ch\/wp-content\/uploads\/2023\/03\/Pavot-3kg-scaled.jpg\" \/>\n\t<meta property=\"og:image:width\" content=\"1810\" \/>\n\t<meta property=\"og:image:height\" content=\"2560\" \/>\n\t<meta property=\"og:image:type\" content=\"image\/jpeg\" \/>\n<meta name=\"twitter:card\" content=\"summary_large_image\" \/>\n<script type=\"application\/ld+json\" class=\"yoast-schema-graph\">{\"@context\":\"https:\\\/\\\/schema.org\",\"@graph\":[{\"@type\":\"WebPage\",\"@id\":\"https:\\\/\\\/dicifood.ch\\\/produit\\\/pavot-3kg\\\/\",\"url\":\"https:\\\/\\\/dicifood.ch\\\/produit\\\/pavot-3kg\\\/\",\"name\":\"Pavot 3kg - Dicifood\",\"isPartOf\":{\"@id\":\"https:\\\/\\\/dicifood.ch\\\/#website\"},\"primaryImageOfPage\":{\"@id\":\"https:\\\/\\\/dicifood.ch\\\/produit\\\/pavot-3kg\\\/#primaryimage\"},\"image\":{\"@id\":\"https:\\\/\\\/dicifood.ch\\\/produit\\\/pavot-3kg\\\/#primaryimage\"},\"thumbnailUrl\":\"https:\\\/\\\/dicifood.ch\\\/wp-content\\\/uploads\\\/2023\\\/03\\\/Pavot-3kg-scaled.jpg\",\"datePublished\":\"2023-03-06T09:39:44+00:00\",\"dateModified\":\"2026-02-05T14:27:16+00:00\",\"breadcrumb\":{\"@id\":\"https:\\\/\\\/dicifood.ch\\\/produit\\\/pavot-3kg\\\/#breadcrumb\"},\"inLanguage\":\"de\",\"potentialAction\":[{\"@type\":\"ReadAction\",\"target\":[\"https:\\\/\\\/dicifood.ch\\\/produit\\\/pavot-3kg\\\/\"]}]},{\"@type\":\"ImageObject\",\"inLanguage\":\"de\",\"@id\":\"https:\\\/\\\/dicifood.ch\\\/produit\\\/pavot-3kg\\\/#primaryimage\",\"url\":\"https:\\\/\\\/dicifood.ch\\\/wp-content\\\/uploads\\\/2023\\\/03\\\/Pavot-3kg-scaled.jpg\",\"contentUrl\":\"https:\\\/\\\/dicifood.ch\\\/wp-content\\\/uploads\\\/2023\\\/03\\\/Pavot-3kg-scaled.jpg\",\"width\":1810,\"height\":2560},{\"@type\":\"BreadcrumbList\",\"@id\":\"https:\\\/\\\/dicifood.ch\\\/produit\\\/pavot-3kg\\\/#breadcrumb\",\"itemListElement\":[{\"@type\":\"ListItem\",\"position\":1,\"name\":\"Accueil\",\"item\":\"https:\\\/\\\/dicifood.ch\\\/\"},{\"@type\":\"ListItem\",\"position\":2,\"name\":\"Boutique\",\"item\":\"https:\\\/\\\/dicifood.ch\\\/boutique\\\/\"},{\"@type\":\"ListItem\",\"position\":3,\"name\":\"Pavot 3kg\"}]},{\"@type\":\"WebSite\",\"@id\":\"https:\\\/\\\/dicifood.ch\\\/#website\",\"url\":\"https:\\\/\\\/dicifood.ch\\\/\",\"name\":\"Dicifood\",\"description\":\"De la fourche \u00e0 la fourchette\",\"potentialAction\":[{\"@type\":\"SearchAction\",\"target\":{\"@type\":\"EntryPoint\",\"urlTemplate\":\"https:\\\/\\\/dicifood.ch\\\/?s={search_term_string}\"},\"query-input\":{\"@type\":\"PropertyValueSpecification\",\"valueRequired\":true,\"valueName\":\"search_term_string\"}}],\"inLanguage\":\"de\"}]}<\/script>\n<!-- \/ Yoast SEO plugin. -->","yoast_head_json":{"title":"Pavot 3kg - Dicifood","robots":{"index":"index","follow":"follow","max-snippet":"max-snippet:-1","max-image-preview":"max-image-preview:large","max-video-preview":"max-video-preview:-1"},"canonical":"https:\/\/dicifood.ch\/de\/produkt\/pavot-3kg\/","og_locale":"de_DE","og_type":"article","og_title":"Pavot 3kg - Dicifood","og_description":"Parfait pour garnir vos pains, yoghourts ou g\u00e2teaux !","og_url":"https:\/\/dicifood.ch\/de\/produkt\/pavot-3kg\/","og_site_name":"Dicifood","article_modified_time":"2026-02-05T14:27:16+00:00","og_image":[{"width":1810,"height":2560,"url":"https:\/\/dicifood.ch\/wp-content\/uploads\/2023\/03\/Pavot-3kg-scaled.jpg","type":"image\/jpeg"}],"twitter_card":"summary_large_image","schema":{"@context":"https:\/\/schema.org","@graph":[{"@type":"WebPage","@id":"https:\/\/dicifood.ch\/produit\/pavot-3kg\/","url":"https:\/\/dicifood.ch\/produit\/pavot-3kg\/","name":"Pavot 3kg - Dicifood","isPartOf":{"@id":"https:\/\/dicifood.ch\/#website"},"primaryImageOfPage":{"@id":"https:\/\/dicifood.ch\/produit\/pavot-3kg\/#primaryimage"},"image":{"@id":"https:\/\/dicifood.ch\/produit\/pavot-3kg\/#primaryimage"},"thumbnailUrl":"https:\/\/dicifood.ch\/wp-content\/uploads\/2023\/03\/Pavot-3kg-scaled.jpg","datePublished":"2023-03-06T09:39:44+00:00","dateModified":"2026-02-05T14:27:16+00:00","breadcrumb":{"@id":"https:\/\/dicifood.ch\/produit\/pavot-3kg\/#breadcrumb"},"inLanguage":"de","potentialAction":[{"@type":"ReadAction","target":["https:\/\/dicifood.ch\/produit\/pavot-3kg\/"]}]},{"@type":"ImageObject","inLanguage":"de","@id":"https:\/\/dicifood.ch\/produit\/pavot-3kg\/#primaryimage","url":"https:\/\/dicifood.ch\/wp-content\/uploads\/2023\/03\/Pavot-3kg-scaled.jpg","contentUrl":"https:\/\/dicifood.ch\/wp-content\/uploads\/2023\/03\/Pavot-3kg-scaled.jpg","width":1810,"height":2560},{"@type":"BreadcrumbList","@id":"https:\/\/dicifood.ch\/produit\/pavot-3kg\/#breadcrumb","itemListElement":[{"@type":"ListItem","position":1,"name":"Accueil","item":"https:\/\/dicifood.ch\/"},{"@type":"ListItem","position":2,"name":"Boutique","item":"https:\/\/dicifood.ch\/boutique\/"},{"@type":"ListItem","position":3,"name":"Pavot 3kg"}]},{"@type":"WebSite","@id":"https:\/\/dicifood.ch\/#website","url":"https:\/\/dicifood.ch\/","name":"Dicifood","description":"De la fourche \u00e0 la fourchette","potentialAction":[{"@type":"SearchAction","target":{"@type":"EntryPoint","urlTemplate":"https:\/\/dicifood.ch\/?s={search_term_string}"},"query-input":{"@type":"PropertyValueSpecification","valueRequired":true,"valueName":"search_term_string"}}],"inLanguage":"de"}]}},"_links":{"self":[{"href":"https:\/\/dicifood.ch\/de\/wp-json\/wp\/v2\/product\/4944","targetHints":{"allow":["GET"]}}],"collection":[{"href":"https:\/\/dicifood.ch\/de\/wp-json\/wp\/v2\/product"}],"about":[{"href":"https:\/\/dicifood.ch\/de\/wp-json\/wp\/v2\/types\/product"}],"replies":[{"embeddable":true,"href":"https:\/\/dicifood.ch\/de\/wp-json\/wp\/v2\/comments?post=4944"}],"wp:featuredmedia":[{"embeddable":true,"href":"https:\/\/dicifood.ch\/de\/wp-json\/wp\/v2\/media\/5302"}],"wp:attachment":[{"href":"https:\/\/dicifood.ch\/de\/wp-json\/wp\/v2\/media?parent=4944"}],"wp:term":[{"taxonomy":"product_brand","embeddable":true,"href":"https:\/\/dicifood.ch\/de\/wp-json\/wp\/v2\/product_brand?post=4944"},{"taxonomy":"product_cat","embeddable":true,"href":"https:\/\/dicifood.ch\/de\/wp-json\/wp\/v2\/product_cat?post=4944"},{"taxonomy":"product_tag","embeddable":true,"href":"https:\/\/dicifood.ch\/de\/wp-json\/wp\/v2\/product_tag?post=4944"}],"curies":[{"name":"wp","href":"https:\/\/api.w.org\/{rel}","templated":true}]}}