{"id":4940,"date":"2023-03-06T10:20:29","date_gmt":"2023-03-06T09:20:29","guid":{"rendered":"https:\/\/dicifood.ch\/?post_type=product&#038;p=4940"},"modified":"2024-11-08T14:31:31","modified_gmt":"2024-11-08T13:31:31","slug":"sarrasin-decortique-3kg","status":"publish","type":"product","link":"https:\/\/dicifood.ch\/de\/produkt\/sarrasin-decortique-3kg\/","title":{"rendered":"Gesch\u00e4lter Buchweizen 3kg"},"content":{"rendered":"<p class=\"font_8\">Buchweizen, auch \"Buchweizen\" genannt, ist in unseren Breiten vor allem f\u00fcr sein Mehl bekannt, das vor allem f\u00fcr Pfannkuchen verwendet wird. Die gesch\u00e4lten Samen sind in Russland und Polen sehr beliebt, wo sie als Beilage, anstelle von Reis oder Kartoffeln, aber auch in Suppen oder Eint\u00f6pfen verwendet werden.<\/p>\n<p class=\"font_8\">Dieses Korn mit seinem subtilen, nussigen Geschmack wird Sie garantiert verf\u00fchren! Buchweizen ist von Natur aus reich an Mineralien und f\u00f6rdert die Verdauung.<\/p>\n<p>&nbsp;<\/p>\n<p>Conditionn\u00e9 chez:<\/p>\n<p><a href=\"https:\/\/www.afiro.ch\/association\"><img decoding=\"async\" class=\"alignnone wp-image-5346\" src=\"https:\/\/dicifood.ch\/wp-content\/uploads\/2023\/03\/afiro-300x136.png\" alt=\"\" width=\"221\" height=\"100\" srcset=\"https:\/\/dicifood.ch\/wp-content\/uploads\/2023\/03\/afiro-300x136.png 300w, https:\/\/dicifood.ch\/wp-content\/uploads\/2023\/03\/afiro.png 332w\" sizes=\"(max-width: 221px) 100vw, 221px\" \/><\/a><\/p>","protected":false},"excerpt":{"rendered":"<p>Allgemein bekannt f\u00fcr sein Mehl, ist Buchweizen auch als Beilage ein Wunder.<\/p>\n<p><a href=\"https:\/\/webapp.beelong.ch\/fr\/public\/factsheet\/view\/5f05b72fb74d7\"><img decoding=\"async\" class=\"alignnone wp-image-11214 size-medium\" src=\"https:\/\/dicifood.ch\/wp-content\/uploads\/2023\/02\/2_Primary_color_border_screened_A-300x139.png\" alt=\"\" width=\"300\" height=\"139\" srcset=\"https:\/\/dicifood.ch\/wp-content\/uploads\/2023\/02\/2_Primary_color_border_screened_A-300x139.png 300w, https:\/\/dicifood.ch\/wp-content\/uploads\/2023\/02\/2_Primary_color_border_screened_A-600x279.png 600w, https:\/\/dicifood.ch\/wp-content\/uploads\/2023\/02\/2_Primary_color_border_screened_A-1024x476.png 1024w, https:\/\/dicifood.ch\/wp-content\/uploads\/2023\/02\/2_Primary_color_border_screened_A-768x357.png 768w, https:\/\/dicifood.ch\/wp-content\/uploads\/2023\/02\/2_Primary_color_border_screened_A-1536x713.png 1536w, https:\/\/dicifood.ch\/wp-content\/uploads\/2023\/02\/2_Primary_color_border_screened_A-2048x951.png 2048w, https:\/\/dicifood.ch\/wp-content\/uploads\/2023\/02\/2_Primary_color_border_screened_A-18x8.png 18w\" sizes=\"(max-width: 300px) 100vw, 300px\" \/><\/a><\/p>","protected":false},"featured_media":11743,"comment_status":"open","ping_status":"closed","template":"","meta":[],"product_brand":[],"product_cat":[119,115,126],"product_tag":[],"class_list":{"0":"post-4940","1":"product","2":"type-product","3":"status-publish","4":"has-post-thumbnail","6":"product_cat-cereales","7":"product_cat-grands-emballages-3-5-kg","8":"product_cat-sarrasin","10":"first","11":"outofstock","12":"taxable","13":"shipping-taxable","14":"purchasable","15":"product-type-simple"},"yoast_head":"<!-- This site is optimized with the Yoast SEO plugin v27.4 - https:\/\/yoast.com\/product\/yoast-seo-wordpress\/ -->\n<title>Sarrasin d\u00e9cortiqu\u00e9 3kg - Dicifood<\/title>\n<meta name=\"robots\" content=\"index, follow, max-snippet:-1, max-image-preview:large, max-video-preview:-1\" \/>\n<link rel=\"canonical\" href=\"https:\/\/dicifood.ch\/de\/produkt\/sarrasin-decortique-3kg\/\" \/>\n<meta property=\"og:locale\" content=\"de_DE\" \/>\n<meta property=\"og:type\" content=\"article\" \/>\n<meta property=\"og:title\" content=\"Sarrasin d\u00e9cortiqu\u00e9 3kg - Dicifood\" \/>\n<meta property=\"og:description\" content=\"G\u00e9n\u00e9ralement connu pour sa farine, le sarrasin est une merveille en accompagnement.\" \/>\n<meta property=\"og:url\" content=\"https:\/\/dicifood.ch\/de\/produkt\/sarrasin-decortique-3kg\/\" \/>\n<meta property=\"og:site_name\" content=\"Dicifood\" \/>\n<meta property=\"article:modified_time\" content=\"2024-11-08T13:31:31+00:00\" \/>\n<meta property=\"og:image\" content=\"https:\/\/dicifood.ch\/wp-content\/uploads\/2023\/03\/Sarasin-3kg.png\" \/>\n\t<meta property=\"og:image:width\" content=\"2480\" \/>\n\t<meta property=\"og:image:height\" content=\"3508\" \/>\n\t<meta property=\"og:image:type\" content=\"image\/png\" \/>\n<meta name=\"twitter:card\" content=\"summary_large_image\" \/>\n<meta name=\"twitter:label1\" content=\"Gesch\u00e4tzte Lesezeit\" \/>\n\t<meta name=\"twitter:data1\" content=\"1\u00a0Minute\" \/>\n<script type=\"application\/ld+json\" class=\"yoast-schema-graph\">{\"@context\":\"https:\\\/\\\/schema.org\",\"@graph\":[{\"@type\":\"WebPage\",\"@id\":\"https:\\\/\\\/dicifood.ch\\\/produit\\\/sarrasin-decortique-3kg\\\/\",\"url\":\"https:\\\/\\\/dicifood.ch\\\/produit\\\/sarrasin-decortique-3kg\\\/\",\"name\":\"Sarrasin d\u00e9cortiqu\u00e9 3kg - Dicifood\",\"isPartOf\":{\"@id\":\"https:\\\/\\\/dicifood.ch\\\/#website\"},\"primaryImageOfPage\":{\"@id\":\"https:\\\/\\\/dicifood.ch\\\/produit\\\/sarrasin-decortique-3kg\\\/#primaryimage\"},\"image\":{\"@id\":\"https:\\\/\\\/dicifood.ch\\\/produit\\\/sarrasin-decortique-3kg\\\/#primaryimage\"},\"thumbnailUrl\":\"https:\\\/\\\/dicifood.ch\\\/wp-content\\\/uploads\\\/2023\\\/03\\\/Sarasin-3kg-scaled.png\",\"datePublished\":\"2023-03-06T09:20:29+00:00\",\"dateModified\":\"2024-11-08T13:31:31+00:00\",\"breadcrumb\":{\"@id\":\"https:\\\/\\\/dicifood.ch\\\/produit\\\/sarrasin-decortique-3kg\\\/#breadcrumb\"},\"inLanguage\":\"de\",\"potentialAction\":[{\"@type\":\"ReadAction\",\"target\":[\"https:\\\/\\\/dicifood.ch\\\/produit\\\/sarrasin-decortique-3kg\\\/\"]}]},{\"@type\":\"ImageObject\",\"inLanguage\":\"de\",\"@id\":\"https:\\\/\\\/dicifood.ch\\\/produit\\\/sarrasin-decortique-3kg\\\/#primaryimage\",\"url\":\"https:\\\/\\\/dicifood.ch\\\/wp-content\\\/uploads\\\/2023\\\/03\\\/Sarasin-3kg-scaled.png\",\"contentUrl\":\"https:\\\/\\\/dicifood.ch\\\/wp-content\\\/uploads\\\/2023\\\/03\\\/Sarasin-3kg-scaled.png\",\"width\":1810,\"height\":2560,\"caption\":\"Sarrasin\"},{\"@type\":\"BreadcrumbList\",\"@id\":\"https:\\\/\\\/dicifood.ch\\\/produit\\\/sarrasin-decortique-3kg\\\/#breadcrumb\",\"itemListElement\":[{\"@type\":\"ListItem\",\"position\":1,\"name\":\"Accueil\",\"item\":\"https:\\\/\\\/dicifood.ch\\\/\"},{\"@type\":\"ListItem\",\"position\":2,\"name\":\"Boutique\",\"item\":\"https:\\\/\\\/dicifood.ch\\\/boutique\\\/\"},{\"@type\":\"ListItem\",\"position\":3,\"name\":\"Sarrasin d\u00e9cortiqu\u00e9 3kg\"}]},{\"@type\":\"WebSite\",\"@id\":\"https:\\\/\\\/dicifood.ch\\\/#website\",\"url\":\"https:\\\/\\\/dicifood.ch\\\/\",\"name\":\"Dicifood\",\"description\":\"De la fourche \u00e0 la fourchette\",\"potentialAction\":[{\"@type\":\"SearchAction\",\"target\":{\"@type\":\"EntryPoint\",\"urlTemplate\":\"https:\\\/\\\/dicifood.ch\\\/?s={search_term_string}\"},\"query-input\":{\"@type\":\"PropertyValueSpecification\",\"valueRequired\":true,\"valueName\":\"search_term_string\"}}],\"inLanguage\":\"de\"}]}<\/script>\n<!-- \/ Yoast SEO plugin. -->","yoast_head_json":{"title":"Sarrasin d\u00e9cortiqu\u00e9 3kg - Dicifood","robots":{"index":"index","follow":"follow","max-snippet":"max-snippet:-1","max-image-preview":"max-image-preview:large","max-video-preview":"max-video-preview:-1"},"canonical":"https:\/\/dicifood.ch\/de\/produkt\/sarrasin-decortique-3kg\/","og_locale":"de_DE","og_type":"article","og_title":"Sarrasin d\u00e9cortiqu\u00e9 3kg - Dicifood","og_description":"G\u00e9n\u00e9ralement connu pour sa farine, le sarrasin est une merveille en accompagnement.","og_url":"https:\/\/dicifood.ch\/de\/produkt\/sarrasin-decortique-3kg\/","og_site_name":"Dicifood","article_modified_time":"2024-11-08T13:31:31+00:00","og_image":[{"width":2480,"height":3508,"url":"https:\/\/dicifood.ch\/wp-content\/uploads\/2023\/03\/Sarasin-3kg.png","type":"image\/png"}],"twitter_card":"summary_large_image","twitter_misc":{"Gesch\u00e4tzte Lesezeit":"1\u00a0Minute"},"schema":{"@context":"https:\/\/schema.org","@graph":[{"@type":"WebPage","@id":"https:\/\/dicifood.ch\/produit\/sarrasin-decortique-3kg\/","url":"https:\/\/dicifood.ch\/produit\/sarrasin-decortique-3kg\/","name":"Sarrasin d\u00e9cortiqu\u00e9 3kg - Dicifood","isPartOf":{"@id":"https:\/\/dicifood.ch\/#website"},"primaryImageOfPage":{"@id":"https:\/\/dicifood.ch\/produit\/sarrasin-decortique-3kg\/#primaryimage"},"image":{"@id":"https:\/\/dicifood.ch\/produit\/sarrasin-decortique-3kg\/#primaryimage"},"thumbnailUrl":"https:\/\/dicifood.ch\/wp-content\/uploads\/2023\/03\/Sarasin-3kg-scaled.png","datePublished":"2023-03-06T09:20:29+00:00","dateModified":"2024-11-08T13:31:31+00:00","breadcrumb":{"@id":"https:\/\/dicifood.ch\/produit\/sarrasin-decortique-3kg\/#breadcrumb"},"inLanguage":"de","potentialAction":[{"@type":"ReadAction","target":["https:\/\/dicifood.ch\/produit\/sarrasin-decortique-3kg\/"]}]},{"@type":"ImageObject","inLanguage":"de","@id":"https:\/\/dicifood.ch\/produit\/sarrasin-decortique-3kg\/#primaryimage","url":"https:\/\/dicifood.ch\/wp-content\/uploads\/2023\/03\/Sarasin-3kg-scaled.png","contentUrl":"https:\/\/dicifood.ch\/wp-content\/uploads\/2023\/03\/Sarasin-3kg-scaled.png","width":1810,"height":2560,"caption":"Sarrasin"},{"@type":"BreadcrumbList","@id":"https:\/\/dicifood.ch\/produit\/sarrasin-decortique-3kg\/#breadcrumb","itemListElement":[{"@type":"ListItem","position":1,"name":"Accueil","item":"https:\/\/dicifood.ch\/"},{"@type":"ListItem","position":2,"name":"Boutique","item":"https:\/\/dicifood.ch\/boutique\/"},{"@type":"ListItem","position":3,"name":"Sarrasin d\u00e9cortiqu\u00e9 3kg"}]},{"@type":"WebSite","@id":"https:\/\/dicifood.ch\/#website","url":"https:\/\/dicifood.ch\/","name":"Dicifood","description":"De la fourche \u00e0 la fourchette","potentialAction":[{"@type":"SearchAction","target":{"@type":"EntryPoint","urlTemplate":"https:\/\/dicifood.ch\/?s={search_term_string}"},"query-input":{"@type":"PropertyValueSpecification","valueRequired":true,"valueName":"search_term_string"}}],"inLanguage":"de"}]}},"_links":{"self":[{"href":"https:\/\/dicifood.ch\/de\/wp-json\/wp\/v2\/product\/4940","targetHints":{"allow":["GET"]}}],"collection":[{"href":"https:\/\/dicifood.ch\/de\/wp-json\/wp\/v2\/product"}],"about":[{"href":"https:\/\/dicifood.ch\/de\/wp-json\/wp\/v2\/types\/product"}],"replies":[{"embeddable":true,"href":"https:\/\/dicifood.ch\/de\/wp-json\/wp\/v2\/comments?post=4940"}],"wp:featuredmedia":[{"embeddable":true,"href":"https:\/\/dicifood.ch\/de\/wp-json\/wp\/v2\/media\/11743"}],"wp:attachment":[{"href":"https:\/\/dicifood.ch\/de\/wp-json\/wp\/v2\/media?parent=4940"}],"wp:term":[{"taxonomy":"product_brand","embeddable":true,"href":"https:\/\/dicifood.ch\/de\/wp-json\/wp\/v2\/product_brand?post=4940"},{"taxonomy":"product_cat","embeddable":true,"href":"https:\/\/dicifood.ch\/de\/wp-json\/wp\/v2\/product_cat?post=4940"},{"taxonomy":"product_tag","embeddable":true,"href":"https:\/\/dicifood.ch\/de\/wp-json\/wp\/v2\/product_tag?post=4940"}],"curies":[{"name":"wp","href":"https:\/\/api.w.org\/{rel}","templated":true}]}}