{"id":4939,"date":"2023-03-06T10:19:03","date_gmt":"2023-03-06T09:19:03","guid":{"rendered":"https:\/\/dicifood.ch\/?post_type=product&#038;p=4939"},"modified":"2024-07-16T15:47:26","modified_gmt":"2024-07-16T13:47:26","slug":"sorgho-3kg","status":"publish","type":"product","link":"https:\/\/dicifood.ch\/de\/produkt\/sorgho-3kg\/","title":{"rendered":"Sorghum 3kg"},"content":{"rendered":"<p class=\"font_8\">Sorghum, ein in Afrika beheimatetes Gras, ist ein Getreide, das sowohl f\u00fcr die menschliche als auch f\u00fcr die tierische Ern\u00e4hrung angebaut wird. Seine gro\u00dfe St\u00e4rke ist, dass es f\u00fcr den Anbau nur sehr wenig Wasser ben\u00f6tigt.<\/p>\n<p class=\"font_8\">Sein einzigartiger Geschmack sowie seine n\u00e4hrstoffreichen Eigenschaften werden Sie mit Sicherheit begeistern.  Sorghum enth\u00e4lt n\u00e4mlich kein Gluten, ist aber reich an Mineralstoffen wie Eisen oder Kalzium. Au\u00dferdem sorgt sie f\u00fcr eine gute Versorgung mit Kohlenhydraten, Proteinen und Ballaststoffen.<\/p>\n<p>&nbsp;<\/p>\n<p>Conditionn\u00e9 chez:<\/p>\n<p><a href=\"https:\/\/www.afiro.ch\/association\"><img decoding=\"async\" class=\"alignnone wp-image-5346\" src=\"https:\/\/dicifood.ch\/wp-content\/uploads\/2023\/03\/afiro-300x136.png\" alt=\"\" width=\"221\" height=\"100\" srcset=\"https:\/\/dicifood.ch\/wp-content\/uploads\/2023\/03\/afiro-300x136.png 300w, https:\/\/dicifood.ch\/wp-content\/uploads\/2023\/03\/afiro.png 332w\" sizes=\"(max-width: 221px) 100vw, 221px\" \/><\/a><\/p>","protected":false},"excerpt":{"rendered":"<p>Sorghum ist in unseren Breitengraden eine Rarit\u00e4t, aber wir bieten es Ihnen zu 100% aus dem Waadtland an!<\/p>\n<p><a href=\"https:\/\/webapp.beelong.ch\/fr\/public\/factsheet\/view\/62024b0dee111\"><img decoding=\"async\" class=\"alignnone wp-image-11214 size-medium\" src=\"https:\/\/dicifood.ch\/wp-content\/uploads\/2023\/02\/2_Primary_color_border_screened_A-300x139.png\" alt=\"\" width=\"300\" height=\"139\" srcset=\"https:\/\/dicifood.ch\/wp-content\/uploads\/2023\/02\/2_Primary_color_border_screened_A-300x139.png 300w, https:\/\/dicifood.ch\/wp-content\/uploads\/2023\/02\/2_Primary_color_border_screened_A-600x279.png 600w, https:\/\/dicifood.ch\/wp-content\/uploads\/2023\/02\/2_Primary_color_border_screened_A-1024x476.png 1024w, https:\/\/dicifood.ch\/wp-content\/uploads\/2023\/02\/2_Primary_color_border_screened_A-768x357.png 768w, https:\/\/dicifood.ch\/wp-content\/uploads\/2023\/02\/2_Primary_color_border_screened_A-1536x713.png 1536w, https:\/\/dicifood.ch\/wp-content\/uploads\/2023\/02\/2_Primary_color_border_screened_A-2048x951.png 2048w, https:\/\/dicifood.ch\/wp-content\/uploads\/2023\/02\/2_Primary_color_border_screened_A-18x8.png 18w\" sizes=\"(max-width: 300px) 100vw, 300px\" \/><\/a><\/p>","protected":false},"featured_media":5314,"comment_status":"open","ping_status":"closed","template":"","meta":[],"product_brand":[],"product_cat":[119,115,129],"product_tag":[],"class_list":{"0":"post-4939","1":"product","2":"type-product","3":"status-publish","4":"has-post-thumbnail","6":"product_cat-cereales","7":"product_cat-grands-emballages-3-5-kg","8":"product_cat-sorgho","10":"first","11":"instock","12":"taxable","13":"shipping-taxable","14":"purchasable","15":"product-type-simple"},"yoast_head":"<!-- This site is optimized with the Yoast SEO plugin v27.4 - https:\/\/yoast.com\/product\/yoast-seo-wordpress\/ -->\n<title>Sorgho 3kg - Dicifood<\/title>\n<meta name=\"robots\" content=\"index, follow, max-snippet:-1, max-image-preview:large, max-video-preview:-1\" \/>\n<link rel=\"canonical\" href=\"https:\/\/dicifood.ch\/de\/produkt\/sorgho-3kg\/\" \/>\n<meta property=\"og:locale\" content=\"de_DE\" \/>\n<meta property=\"og:type\" content=\"article\" \/>\n<meta property=\"og:title\" content=\"Sorgho 3kg - Dicifood\" \/>\n<meta property=\"og:description\" content=\"Le sorgho est une raret\u00e9 sous nos latitudes, mais nous vous le proposons en 100% vaudois !\" \/>\n<meta property=\"og:url\" content=\"https:\/\/dicifood.ch\/de\/produkt\/sorgho-3kg\/\" \/>\n<meta property=\"og:site_name\" content=\"Dicifood\" \/>\n<meta property=\"article:modified_time\" content=\"2024-07-16T13:47:26+00:00\" \/>\n<meta property=\"og:image\" content=\"https:\/\/dicifood.ch\/wp-content\/uploads\/2023\/03\/Sorgho-3kg-scaled.jpg\" \/>\n\t<meta property=\"og:image:width\" content=\"1810\" \/>\n\t<meta property=\"og:image:height\" content=\"2560\" \/>\n\t<meta property=\"og:image:type\" content=\"image\/jpeg\" \/>\n<meta name=\"twitter:card\" content=\"summary_large_image\" \/>\n<meta name=\"twitter:label1\" content=\"Gesch\u00e4tzte Lesezeit\" \/>\n\t<meta name=\"twitter:data1\" content=\"1\u00a0Minute\" \/>\n<script type=\"application\/ld+json\" class=\"yoast-schema-graph\">{\"@context\":\"https:\\\/\\\/schema.org\",\"@graph\":[{\"@type\":\"WebPage\",\"@id\":\"https:\\\/\\\/dicifood.ch\\\/produit\\\/sorgho-3kg\\\/\",\"url\":\"https:\\\/\\\/dicifood.ch\\\/produit\\\/sorgho-3kg\\\/\",\"name\":\"Sorgho 3kg - Dicifood\",\"isPartOf\":{\"@id\":\"https:\\\/\\\/dicifood.ch\\\/#website\"},\"primaryImageOfPage\":{\"@id\":\"https:\\\/\\\/dicifood.ch\\\/produit\\\/sorgho-3kg\\\/#primaryimage\"},\"image\":{\"@id\":\"https:\\\/\\\/dicifood.ch\\\/produit\\\/sorgho-3kg\\\/#primaryimage\"},\"thumbnailUrl\":\"https:\\\/\\\/dicifood.ch\\\/wp-content\\\/uploads\\\/2023\\\/03\\\/Sorgho-3kg-scaled.jpg\",\"datePublished\":\"2023-03-06T09:19:03+00:00\",\"dateModified\":\"2024-07-16T13:47:26+00:00\",\"breadcrumb\":{\"@id\":\"https:\\\/\\\/dicifood.ch\\\/produit\\\/sorgho-3kg\\\/#breadcrumb\"},\"inLanguage\":\"de\",\"potentialAction\":[{\"@type\":\"ReadAction\",\"target\":[\"https:\\\/\\\/dicifood.ch\\\/produit\\\/sorgho-3kg\\\/\"]}]},{\"@type\":\"ImageObject\",\"inLanguage\":\"de\",\"@id\":\"https:\\\/\\\/dicifood.ch\\\/produit\\\/sorgho-3kg\\\/#primaryimage\",\"url\":\"https:\\\/\\\/dicifood.ch\\\/wp-content\\\/uploads\\\/2023\\\/03\\\/Sorgho-3kg-scaled.jpg\",\"contentUrl\":\"https:\\\/\\\/dicifood.ch\\\/wp-content\\\/uploads\\\/2023\\\/03\\\/Sorgho-3kg-scaled.jpg\",\"width\":1810,\"height\":2560},{\"@type\":\"BreadcrumbList\",\"@id\":\"https:\\\/\\\/dicifood.ch\\\/produit\\\/sorgho-3kg\\\/#breadcrumb\",\"itemListElement\":[{\"@type\":\"ListItem\",\"position\":1,\"name\":\"Accueil\",\"item\":\"https:\\\/\\\/dicifood.ch\\\/\"},{\"@type\":\"ListItem\",\"position\":2,\"name\":\"Boutique\",\"item\":\"https:\\\/\\\/dicifood.ch\\\/boutique\\\/\"},{\"@type\":\"ListItem\",\"position\":3,\"name\":\"Sorgho 3kg\"}]},{\"@type\":\"WebSite\",\"@id\":\"https:\\\/\\\/dicifood.ch\\\/#website\",\"url\":\"https:\\\/\\\/dicifood.ch\\\/\",\"name\":\"Dicifood\",\"description\":\"De la fourche \u00e0 la fourchette\",\"potentialAction\":[{\"@type\":\"SearchAction\",\"target\":{\"@type\":\"EntryPoint\",\"urlTemplate\":\"https:\\\/\\\/dicifood.ch\\\/?s={search_term_string}\"},\"query-input\":{\"@type\":\"PropertyValueSpecification\",\"valueRequired\":true,\"valueName\":\"search_term_string\"}}],\"inLanguage\":\"de\"}]}<\/script>\n<!-- \/ Yoast SEO plugin. -->","yoast_head_json":{"title":"Sorgho 3kg - Dicifood","robots":{"index":"index","follow":"follow","max-snippet":"max-snippet:-1","max-image-preview":"max-image-preview:large","max-video-preview":"max-video-preview:-1"},"canonical":"https:\/\/dicifood.ch\/de\/produkt\/sorgho-3kg\/","og_locale":"de_DE","og_type":"article","og_title":"Sorgho 3kg - Dicifood","og_description":"Le sorgho est une raret\u00e9 sous nos latitudes, mais nous vous le proposons en 100% vaudois !","og_url":"https:\/\/dicifood.ch\/de\/produkt\/sorgho-3kg\/","og_site_name":"Dicifood","article_modified_time":"2024-07-16T13:47:26+00:00","og_image":[{"width":1810,"height":2560,"url":"https:\/\/dicifood.ch\/wp-content\/uploads\/2023\/03\/Sorgho-3kg-scaled.jpg","type":"image\/jpeg"}],"twitter_card":"summary_large_image","twitter_misc":{"Gesch\u00e4tzte Lesezeit":"1\u00a0Minute"},"schema":{"@context":"https:\/\/schema.org","@graph":[{"@type":"WebPage","@id":"https:\/\/dicifood.ch\/produit\/sorgho-3kg\/","url":"https:\/\/dicifood.ch\/produit\/sorgho-3kg\/","name":"Sorgho 3kg - Dicifood","isPartOf":{"@id":"https:\/\/dicifood.ch\/#website"},"primaryImageOfPage":{"@id":"https:\/\/dicifood.ch\/produit\/sorgho-3kg\/#primaryimage"},"image":{"@id":"https:\/\/dicifood.ch\/produit\/sorgho-3kg\/#primaryimage"},"thumbnailUrl":"https:\/\/dicifood.ch\/wp-content\/uploads\/2023\/03\/Sorgho-3kg-scaled.jpg","datePublished":"2023-03-06T09:19:03+00:00","dateModified":"2024-07-16T13:47:26+00:00","breadcrumb":{"@id":"https:\/\/dicifood.ch\/produit\/sorgho-3kg\/#breadcrumb"},"inLanguage":"de","potentialAction":[{"@type":"ReadAction","target":["https:\/\/dicifood.ch\/produit\/sorgho-3kg\/"]}]},{"@type":"ImageObject","inLanguage":"de","@id":"https:\/\/dicifood.ch\/produit\/sorgho-3kg\/#primaryimage","url":"https:\/\/dicifood.ch\/wp-content\/uploads\/2023\/03\/Sorgho-3kg-scaled.jpg","contentUrl":"https:\/\/dicifood.ch\/wp-content\/uploads\/2023\/03\/Sorgho-3kg-scaled.jpg","width":1810,"height":2560},{"@type":"BreadcrumbList","@id":"https:\/\/dicifood.ch\/produit\/sorgho-3kg\/#breadcrumb","itemListElement":[{"@type":"ListItem","position":1,"name":"Accueil","item":"https:\/\/dicifood.ch\/"},{"@type":"ListItem","position":2,"name":"Boutique","item":"https:\/\/dicifood.ch\/boutique\/"},{"@type":"ListItem","position":3,"name":"Sorgho 3kg"}]},{"@type":"WebSite","@id":"https:\/\/dicifood.ch\/#website","url":"https:\/\/dicifood.ch\/","name":"Dicifood","description":"De la fourche \u00e0 la fourchette","potentialAction":[{"@type":"SearchAction","target":{"@type":"EntryPoint","urlTemplate":"https:\/\/dicifood.ch\/?s={search_term_string}"},"query-input":{"@type":"PropertyValueSpecification","valueRequired":true,"valueName":"search_term_string"}}],"inLanguage":"de"}]}},"_links":{"self":[{"href":"https:\/\/dicifood.ch\/de\/wp-json\/wp\/v2\/product\/4939","targetHints":{"allow":["GET"]}}],"collection":[{"href":"https:\/\/dicifood.ch\/de\/wp-json\/wp\/v2\/product"}],"about":[{"href":"https:\/\/dicifood.ch\/de\/wp-json\/wp\/v2\/types\/product"}],"replies":[{"embeddable":true,"href":"https:\/\/dicifood.ch\/de\/wp-json\/wp\/v2\/comments?post=4939"}],"wp:featuredmedia":[{"embeddable":true,"href":"https:\/\/dicifood.ch\/de\/wp-json\/wp\/v2\/media\/5314"}],"wp:attachment":[{"href":"https:\/\/dicifood.ch\/de\/wp-json\/wp\/v2\/media?parent=4939"}],"wp:term":[{"taxonomy":"product_brand","embeddable":true,"href":"https:\/\/dicifood.ch\/de\/wp-json\/wp\/v2\/product_brand?post=4939"},{"taxonomy":"product_cat","embeddable":true,"href":"https:\/\/dicifood.ch\/de\/wp-json\/wp\/v2\/product_cat?post=4939"},{"taxonomy":"product_tag","embeddable":true,"href":"https:\/\/dicifood.ch\/de\/wp-json\/wp\/v2\/product_tag?post=4939"}],"curies":[{"name":"wp","href":"https:\/\/api.w.org\/{rel}","templated":true}]}}