{"id":4920,"date":"2023-03-06T10:10:48","date_gmt":"2023-03-06T09:10:48","guid":{"rendered":"https:\/\/dicifood.ch\/?post_type=product&#038;p=4920"},"modified":"2026-03-09T16:39:49","modified_gmt":"2026-03-09T15:39:49","slug":"tournesol-decortique-ip-suisse-3kg","status":"publish","type":"product","link":"https:\/\/dicifood.ch\/de\/produkt\/tournesol-decortique-ip-suisse-3kg\/","title":{"rendered":"Sonnenblumen gesch\u00e4lt IP-SUISSE 3kg"},"content":{"rendered":"<p class=\"font_8\">Sonnenblumenkerne sind ein gesunder und nahrhafter Snack f\u00fcr zwischendurch. Sie sind vor allem reich an mehrfach unges\u00e4ttigten Fetts\u00e4uren, die vor Herz-Kreislauf-Erkrankungen sch\u00fctzen.<\/p>\n<p class=\"font_8\">Seit 2019 werden die Sonnenblumenkerne auf der Domaine Chambaz in Bremblens angebaut.<\/p>","protected":false},"excerpt":{"rendered":"<p>K\u00f6stliche gesch\u00e4lte Sonnenblumenkerne, die sich perfekt f\u00fcr Salate, Bircherm\u00fcesli oder als Brotbelag eignen.<\/p>","protected":false},"featured_media":11744,"comment_status":"open","ping_status":"closed","template":"","meta":[],"product_brand":[],"product_cat":[119,122,115],"product_tag":[],"class_list":{"0":"post-4920","1":"product","2":"type-product","3":"status-publish","4":"has-post-thumbnail","6":"product_cat-cereales","7":"product_cat-graines","8":"product_cat-grands-emballages-3-5-kg","10":"first","11":"instock","12":"taxable","13":"shipping-taxable","14":"purchasable","15":"product-type-simple"},"yoast_head":"<!-- This site is optimized with the Yoast SEO plugin v27.6 - https:\/\/yoast.com\/product\/yoast-seo-wordpress\/ -->\n<title>Tournesol d\u00e9cortiqu\u00e9 IP-SUISSE 3kg - Dicifood<\/title>\n<meta name=\"robots\" content=\"index, follow, max-snippet:-1, max-image-preview:large, max-video-preview:-1\" \/>\n<link rel=\"canonical\" href=\"https:\/\/dicifood.ch\/de\/produkt\/tournesol-decortique-ip-suisse-3kg\/\" \/>\n<meta property=\"og:locale\" content=\"de_DE\" \/>\n<meta property=\"og:type\" content=\"article\" \/>\n<meta property=\"og:title\" content=\"Tournesol d\u00e9cortiqu\u00e9 IP-SUISSE 3kg - Dicifood\" \/>\n<meta property=\"og:description\" content=\"De d\u00e9licieuses graines de tournesol d\u00e9cortiqu\u00e9es, parfaites pour vos salades, birchers ou garnir votre pain.\" \/>\n<meta property=\"og:url\" content=\"https:\/\/dicifood.ch\/de\/produkt\/tournesol-decortique-ip-suisse-3kg\/\" \/>\n<meta property=\"og:site_name\" content=\"Dicifood\" \/>\n<meta property=\"article:modified_time\" content=\"2026-03-09T15:39:49+00:00\" \/>\n<meta property=\"og:image\" content=\"https:\/\/dicifood.ch\/wp-content\/uploads\/2023\/03\/Tournesol-3kg-scaled.png\" \/>\n\t<meta property=\"og:image:width\" content=\"1810\" \/>\n\t<meta property=\"og:image:height\" content=\"2560\" \/>\n\t<meta property=\"og:image:type\" content=\"image\/png\" \/>\n<meta name=\"twitter:card\" content=\"summary_large_image\" \/>\n<meta name=\"twitter:label1\" content=\"Gesch\u00e4tzte Lesezeit\" \/>\n\t<meta name=\"twitter:data1\" content=\"1\u00a0Minute\" \/>\n<script type=\"application\/ld+json\" class=\"yoast-schema-graph\">{\"@context\":\"https:\\\/\\\/schema.org\",\"@graph\":[{\"@type\":\"WebPage\",\"@id\":\"https:\\\/\\\/dicifood.ch\\\/produit\\\/tournesol-decortique-ip-suisse-3kg\\\/\",\"url\":\"https:\\\/\\\/dicifood.ch\\\/produit\\\/tournesol-decortique-ip-suisse-3kg\\\/\",\"name\":\"Tournesol d\u00e9cortiqu\u00e9 IP-SUISSE 3kg - Dicifood\",\"isPartOf\":{\"@id\":\"https:\\\/\\\/dicifood.ch\\\/#website\"},\"primaryImageOfPage\":{\"@id\":\"https:\\\/\\\/dicifood.ch\\\/produit\\\/tournesol-decortique-ip-suisse-3kg\\\/#primaryimage\"},\"image\":{\"@id\":\"https:\\\/\\\/dicifood.ch\\\/produit\\\/tournesol-decortique-ip-suisse-3kg\\\/#primaryimage\"},\"thumbnailUrl\":\"https:\\\/\\\/dicifood.ch\\\/wp-content\\\/uploads\\\/2023\\\/03\\\/Tournesol-3kg-scaled.png\",\"datePublished\":\"2023-03-06T09:10:48+00:00\",\"dateModified\":\"2026-03-09T15:39:49+00:00\",\"breadcrumb\":{\"@id\":\"https:\\\/\\\/dicifood.ch\\\/produit\\\/tournesol-decortique-ip-suisse-3kg\\\/#breadcrumb\"},\"inLanguage\":\"de\",\"potentialAction\":[{\"@type\":\"ReadAction\",\"target\":[\"https:\\\/\\\/dicifood.ch\\\/produit\\\/tournesol-decortique-ip-suisse-3kg\\\/\"]}]},{\"@type\":\"ImageObject\",\"inLanguage\":\"de\",\"@id\":\"https:\\\/\\\/dicifood.ch\\\/produit\\\/tournesol-decortique-ip-suisse-3kg\\\/#primaryimage\",\"url\":\"https:\\\/\\\/dicifood.ch\\\/wp-content\\\/uploads\\\/2023\\\/03\\\/Tournesol-3kg-scaled.png\",\"contentUrl\":\"https:\\\/\\\/dicifood.ch\\\/wp-content\\\/uploads\\\/2023\\\/03\\\/Tournesol-3kg-scaled.png\",\"width\":1810,\"height\":2560,\"caption\":\"Graines de tournesol\"},{\"@type\":\"BreadcrumbList\",\"@id\":\"https:\\\/\\\/dicifood.ch\\\/produit\\\/tournesol-decortique-ip-suisse-3kg\\\/#breadcrumb\",\"itemListElement\":[{\"@type\":\"ListItem\",\"position\":1,\"name\":\"Accueil\",\"item\":\"https:\\\/\\\/dicifood.ch\\\/\"},{\"@type\":\"ListItem\",\"position\":2,\"name\":\"Boutique\",\"item\":\"https:\\\/\\\/dicifood.ch\\\/boutique\\\/\"},{\"@type\":\"ListItem\",\"position\":3,\"name\":\"Tournesol d\u00e9cortiqu\u00e9 IP-SUISSE 3kg\"}]},{\"@type\":\"WebSite\",\"@id\":\"https:\\\/\\\/dicifood.ch\\\/#website\",\"url\":\"https:\\\/\\\/dicifood.ch\\\/\",\"name\":\"Dicifood\",\"description\":\"De la fourche \u00e0 la fourchette\",\"potentialAction\":[{\"@type\":\"SearchAction\",\"target\":{\"@type\":\"EntryPoint\",\"urlTemplate\":\"https:\\\/\\\/dicifood.ch\\\/?s={search_term_string}\"},\"query-input\":{\"@type\":\"PropertyValueSpecification\",\"valueRequired\":true,\"valueName\":\"search_term_string\"}}],\"inLanguage\":\"de\"}]}<\/script>\n<!-- \/ Yoast SEO plugin. -->","yoast_head_json":{"title":"Tournesol d\u00e9cortiqu\u00e9 IP-SUISSE 3kg - Dicifood","robots":{"index":"index","follow":"follow","max-snippet":"max-snippet:-1","max-image-preview":"max-image-preview:large","max-video-preview":"max-video-preview:-1"},"canonical":"https:\/\/dicifood.ch\/de\/produkt\/tournesol-decortique-ip-suisse-3kg\/","og_locale":"de_DE","og_type":"article","og_title":"Tournesol d\u00e9cortiqu\u00e9 IP-SUISSE 3kg - Dicifood","og_description":"De d\u00e9licieuses graines de tournesol d\u00e9cortiqu\u00e9es, parfaites pour vos salades, birchers ou garnir votre pain.","og_url":"https:\/\/dicifood.ch\/de\/produkt\/tournesol-decortique-ip-suisse-3kg\/","og_site_name":"Dicifood","article_modified_time":"2026-03-09T15:39:49+00:00","og_image":[{"width":1810,"height":2560,"url":"https:\/\/dicifood.ch\/wp-content\/uploads\/2023\/03\/Tournesol-3kg-scaled.png","type":"image\/png"}],"twitter_card":"summary_large_image","twitter_misc":{"Gesch\u00e4tzte Lesezeit":"1\u00a0Minute"},"schema":{"@context":"https:\/\/schema.org","@graph":[{"@type":"WebPage","@id":"https:\/\/dicifood.ch\/produit\/tournesol-decortique-ip-suisse-3kg\/","url":"https:\/\/dicifood.ch\/produit\/tournesol-decortique-ip-suisse-3kg\/","name":"Tournesol d\u00e9cortiqu\u00e9 IP-SUISSE 3kg - Dicifood","isPartOf":{"@id":"https:\/\/dicifood.ch\/#website"},"primaryImageOfPage":{"@id":"https:\/\/dicifood.ch\/produit\/tournesol-decortique-ip-suisse-3kg\/#primaryimage"},"image":{"@id":"https:\/\/dicifood.ch\/produit\/tournesol-decortique-ip-suisse-3kg\/#primaryimage"},"thumbnailUrl":"https:\/\/dicifood.ch\/wp-content\/uploads\/2023\/03\/Tournesol-3kg-scaled.png","datePublished":"2023-03-06T09:10:48+00:00","dateModified":"2026-03-09T15:39:49+00:00","breadcrumb":{"@id":"https:\/\/dicifood.ch\/produit\/tournesol-decortique-ip-suisse-3kg\/#breadcrumb"},"inLanguage":"de","potentialAction":[{"@type":"ReadAction","target":["https:\/\/dicifood.ch\/produit\/tournesol-decortique-ip-suisse-3kg\/"]}]},{"@type":"ImageObject","inLanguage":"de","@id":"https:\/\/dicifood.ch\/produit\/tournesol-decortique-ip-suisse-3kg\/#primaryimage","url":"https:\/\/dicifood.ch\/wp-content\/uploads\/2023\/03\/Tournesol-3kg-scaled.png","contentUrl":"https:\/\/dicifood.ch\/wp-content\/uploads\/2023\/03\/Tournesol-3kg-scaled.png","width":1810,"height":2560,"caption":"Graines de tournesol"},{"@type":"BreadcrumbList","@id":"https:\/\/dicifood.ch\/produit\/tournesol-decortique-ip-suisse-3kg\/#breadcrumb","itemListElement":[{"@type":"ListItem","position":1,"name":"Accueil","item":"https:\/\/dicifood.ch\/"},{"@type":"ListItem","position":2,"name":"Boutique","item":"https:\/\/dicifood.ch\/boutique\/"},{"@type":"ListItem","position":3,"name":"Tournesol d\u00e9cortiqu\u00e9 IP-SUISSE 3kg"}]},{"@type":"WebSite","@id":"https:\/\/dicifood.ch\/#website","url":"https:\/\/dicifood.ch\/","name":"Dicifood","description":"De la fourche \u00e0 la fourchette","potentialAction":[{"@type":"SearchAction","target":{"@type":"EntryPoint","urlTemplate":"https:\/\/dicifood.ch\/?s={search_term_string}"},"query-input":{"@type":"PropertyValueSpecification","valueRequired":true,"valueName":"search_term_string"}}],"inLanguage":"de"}]}},"_links":{"self":[{"href":"https:\/\/dicifood.ch\/de\/wp-json\/wp\/v2\/product\/4920","targetHints":{"allow":["GET"]}}],"collection":[{"href":"https:\/\/dicifood.ch\/de\/wp-json\/wp\/v2\/product"}],"about":[{"href":"https:\/\/dicifood.ch\/de\/wp-json\/wp\/v2\/types\/product"}],"replies":[{"embeddable":true,"href":"https:\/\/dicifood.ch\/de\/wp-json\/wp\/v2\/comments?post=4920"}],"wp:featuredmedia":[{"embeddable":true,"href":"https:\/\/dicifood.ch\/de\/wp-json\/wp\/v2\/media\/11744"}],"wp:attachment":[{"href":"https:\/\/dicifood.ch\/de\/wp-json\/wp\/v2\/media?parent=4920"}],"wp:term":[{"taxonomy":"product_brand","embeddable":true,"href":"https:\/\/dicifood.ch\/de\/wp-json\/wp\/v2\/product_brand?post=4920"},{"taxonomy":"product_cat","embeddable":true,"href":"https:\/\/dicifood.ch\/de\/wp-json\/wp\/v2\/product_cat?post=4920"},{"taxonomy":"product_tag","embeddable":true,"href":"https:\/\/dicifood.ch\/de\/wp-json\/wp\/v2\/product_tag?post=4920"}],"curies":[{"name":"wp","href":"https:\/\/api.w.org\/{rel}","templated":true}]}}