{"id":4912,"date":"2023-03-06T10:00:21","date_gmt":"2023-03-06T09:00:21","guid":{"rendered":"https:\/\/dicifood.ch\/?post_type=product&#038;p=4912"},"modified":"2025-09-25T08:41:50","modified_gmt":"2025-09-25T06:41:50","slug":"local-pot-quinoa-aux-petits-legumes-chia","status":"publish","type":"product","link":"https:\/\/dicifood.ch\/de\/produkt\/local-pot-quinoa-aux-petits-legumes-chia\/","title":{"rendered":"Local Pot - Quinoa mit kleinem Gem\u00fcse &amp; Chia"},"content":{"rendered":"<p>Fertigpr\u00e4parat f\u00fcr zwei, entwickelt mit einem Landwirt in Donatyre (Waadtl\u00e4nder Broye), der seit 2018 Wei\u00dfe Quinoa anbaut.  Diese aus S\u00fcdamerika stammende Pflanze scheint sich auch in unseren Breitengraden wohl zu f\u00fchlen. Quinoa wird f\u00fcr seinen feinen Geschmack gesch\u00e4tzt und versorgt Sie mit Proteinen, Mineralien und Antioxidantien. Verfeinert mit einer hausgemachten W\u00fcrze und kleinem Gem\u00fcse werden Sie ihn kompromisslos annehmen!<\/p>\n<p>Alles fertig-alles nah!<\/p>\n<p>&nbsp;<\/p>\n<p>Conditionn\u00e9 chez:<\/p>\n<p><a href=\"https:\/\/www.afiro.ch\/association\"><img decoding=\"async\" class=\"alignnone wp-image-5346\" src=\"https:\/\/dicifood.ch\/wp-content\/uploads\/2023\/03\/afiro-300x136.png\" alt=\"\" width=\"221\" height=\"100\" srcset=\"https:\/\/dicifood.ch\/wp-content\/uploads\/2023\/03\/afiro-300x136.png 300w, https:\/\/dicifood.ch\/wp-content\/uploads\/2023\/03\/afiro.png 332w\" sizes=\"(max-width: 221px) 100vw, 221px\" \/><\/a><\/p>","protected":false},"excerpt":{"rendered":"<p>Eine k\u00f6stliche Quinoa mit kleinem Gem\u00fcse und Chia, 100% lokal und (fast) fertig!<\/p>\n<p><a href=\"https:\/\/webapp.beelong.ch\/fr\/public\/factsheet\/view\/63185be4455db\"><img decoding=\"async\" class=\"alignnone wp-image-11214 size-medium\" src=\"https:\/\/dicifood.ch\/wp-content\/uploads\/2023\/02\/2_Primary_color_border_screened_A-300x139.png\" alt=\"\" width=\"300\" height=\"139\" srcset=\"https:\/\/dicifood.ch\/wp-content\/uploads\/2023\/02\/2_Primary_color_border_screened_A-300x139.png 300w, https:\/\/dicifood.ch\/wp-content\/uploads\/2023\/02\/2_Primary_color_border_screened_A-600x279.png 600w, https:\/\/dicifood.ch\/wp-content\/uploads\/2023\/02\/2_Primary_color_border_screened_A-1024x476.png 1024w, https:\/\/dicifood.ch\/wp-content\/uploads\/2023\/02\/2_Primary_color_border_screened_A-768x357.png 768w, https:\/\/dicifood.ch\/wp-content\/uploads\/2023\/02\/2_Primary_color_border_screened_A-1536x713.png 1536w, https:\/\/dicifood.ch\/wp-content\/uploads\/2023\/02\/2_Primary_color_border_screened_A-2048x951.png 2048w, https:\/\/dicifood.ch\/wp-content\/uploads\/2023\/02\/2_Primary_color_border_screened_A-18x8.png 18w\" sizes=\"(max-width: 300px) 100vw, 300px\" \/><\/a><a href=\"https:\/\/www.ipsuisse.ch\/fr\/consomateurs-2\/a-propos-consomateurs\/labels-consomateurs-2\/\"><img decoding=\"async\" class=\"alignnone wp-image-5180\" src=\"https:\/\/dicifood.ch\/wp-content\/uploads\/2023\/03\/IPS_Logo_jpg-800x800-1-e1679474450941-300x300.jpg\" alt=\"\" width=\"138\" height=\"138\" \/><\/a><\/p>","protected":false},"featured_media":5323,"comment_status":"open","ping_status":"closed","template":"","meta":[],"product_brand":[],"product_cat":[119,116,110,123],"product_tag":[],"class_list":{"0":"post-4912","1":"product","2":"type-product","3":"status-publish","4":"has-post-thumbnail","6":"product_cat-cereales","7":"product_cat-lucul-local-pots","8":"product_cat-petits-emballages-100-400g","9":"product_cat-quinoa","11":"first","12":"instock","13":"taxable","14":"shipping-taxable","15":"purchasable","16":"product-type-simple"},"yoast_head":"<!-- This site is optimized with the Yoast SEO plugin v27.3 - https:\/\/yoast.com\/product\/yoast-seo-wordpress\/ -->\n<title>Local Pot - Quinoa aux petits l\u00e9gumes &amp; Chia - Dicifood<\/title>\n<meta name=\"robots\" content=\"index, follow, max-snippet:-1, max-image-preview:large, max-video-preview:-1\" \/>\n<link rel=\"canonical\" href=\"https:\/\/dicifood.ch\/de\/produkt\/local-pot-quinoa-aux-petits-legumes-chia\/\" \/>\n<meta property=\"og:locale\" content=\"de_DE\" \/>\n<meta property=\"og:type\" content=\"article\" \/>\n<meta property=\"og:title\" content=\"Local Pot - Quinoa aux petits l\u00e9gumes &amp; Chia - Dicifood\" \/>\n<meta property=\"og:description\" content=\"Un d\u00e9licieux quinoa aux petits l\u00e9gumes et chia, 100% local et (presque) tout pr\u00eat !\" \/>\n<meta property=\"og:url\" content=\"https:\/\/dicifood.ch\/de\/produkt\/local-pot-quinoa-aux-petits-legumes-chia\/\" \/>\n<meta property=\"og:site_name\" content=\"Dicifood\" \/>\n<meta property=\"article:modified_time\" content=\"2025-09-25T06:41:50+00:00\" \/>\n<meta property=\"og:image\" content=\"https:\/\/dicifood.ch\/wp-content\/uploads\/2023\/03\/LocalPot_QuinoaPetitLegumes_RECTO_75x75mm-scaled.jpg\" \/>\n\t<meta property=\"og:image:width\" content=\"2560\" \/>\n\t<meta property=\"og:image:height\" content=\"2560\" \/>\n\t<meta property=\"og:image:type\" content=\"image\/jpeg\" \/>\n<meta name=\"twitter:card\" content=\"summary_large_image\" \/>\n<meta name=\"twitter:label1\" content=\"Gesch\u00e4tzte Lesezeit\" \/>\n\t<meta name=\"twitter:data1\" content=\"1\u00a0Minute\" \/>\n<script type=\"application\/ld+json\" class=\"yoast-schema-graph\">{\"@context\":\"https:\\\/\\\/schema.org\",\"@graph\":[{\"@type\":\"WebPage\",\"@id\":\"https:\\\/\\\/dicifood.ch\\\/produit\\\/local-pot-quinoa-aux-petits-legumes-chia\\\/\",\"url\":\"https:\\\/\\\/dicifood.ch\\\/produit\\\/local-pot-quinoa-aux-petits-legumes-chia\\\/\",\"name\":\"Local Pot - Quinoa aux petits l\u00e9gumes & Chia - Dicifood\",\"isPartOf\":{\"@id\":\"https:\\\/\\\/dicifood.ch\\\/#website\"},\"primaryImageOfPage\":{\"@id\":\"https:\\\/\\\/dicifood.ch\\\/produit\\\/local-pot-quinoa-aux-petits-legumes-chia\\\/#primaryimage\"},\"image\":{\"@id\":\"https:\\\/\\\/dicifood.ch\\\/produit\\\/local-pot-quinoa-aux-petits-legumes-chia\\\/#primaryimage\"},\"thumbnailUrl\":\"https:\\\/\\\/dicifood.ch\\\/wp-content\\\/uploads\\\/2023\\\/03\\\/LocalPot_QuinoaPetitLegumes_RECTO_75x75mm-scaled.jpg\",\"datePublished\":\"2023-03-06T09:00:21+00:00\",\"dateModified\":\"2025-09-25T06:41:50+00:00\",\"breadcrumb\":{\"@id\":\"https:\\\/\\\/dicifood.ch\\\/produit\\\/local-pot-quinoa-aux-petits-legumes-chia\\\/#breadcrumb\"},\"inLanguage\":\"de\",\"potentialAction\":[{\"@type\":\"ReadAction\",\"target\":[\"https:\\\/\\\/dicifood.ch\\\/produit\\\/local-pot-quinoa-aux-petits-legumes-chia\\\/\"]}]},{\"@type\":\"ImageObject\",\"inLanguage\":\"de\",\"@id\":\"https:\\\/\\\/dicifood.ch\\\/produit\\\/local-pot-quinoa-aux-petits-legumes-chia\\\/#primaryimage\",\"url\":\"https:\\\/\\\/dicifood.ch\\\/wp-content\\\/uploads\\\/2023\\\/03\\\/LocalPot_QuinoaPetitLegumes_RECTO_75x75mm-scaled.jpg\",\"contentUrl\":\"https:\\\/\\\/dicifood.ch\\\/wp-content\\\/uploads\\\/2023\\\/03\\\/LocalPot_QuinoaPetitLegumes_RECTO_75x75mm-scaled.jpg\",\"width\":2560,\"height\":2560},{\"@type\":\"BreadcrumbList\",\"@id\":\"https:\\\/\\\/dicifood.ch\\\/produit\\\/local-pot-quinoa-aux-petits-legumes-chia\\\/#breadcrumb\",\"itemListElement\":[{\"@type\":\"ListItem\",\"position\":1,\"name\":\"Accueil\",\"item\":\"https:\\\/\\\/dicifood.ch\\\/\"},{\"@type\":\"ListItem\",\"position\":2,\"name\":\"Boutique\",\"item\":\"https:\\\/\\\/dicifood.ch\\\/boutique\\\/\"},{\"@type\":\"ListItem\",\"position\":3,\"name\":\"Local Pot &#8211; Quinoa aux petits l\u00e9gumes &#038; Chia\"}]},{\"@type\":\"WebSite\",\"@id\":\"https:\\\/\\\/dicifood.ch\\\/#website\",\"url\":\"https:\\\/\\\/dicifood.ch\\\/\",\"name\":\"Dicifood\",\"description\":\"De la fourche \u00e0 la fourchette\",\"potentialAction\":[{\"@type\":\"SearchAction\",\"target\":{\"@type\":\"EntryPoint\",\"urlTemplate\":\"https:\\\/\\\/dicifood.ch\\\/?s={search_term_string}\"},\"query-input\":{\"@type\":\"PropertyValueSpecification\",\"valueRequired\":true,\"valueName\":\"search_term_string\"}}],\"inLanguage\":\"de\"}]}<\/script>\n<!-- \/ Yoast SEO plugin. -->","yoast_head_json":{"title":"Local Pot - Quinoa aux petits l\u00e9gumes & Chia - Dicifood","robots":{"index":"index","follow":"follow","max-snippet":"max-snippet:-1","max-image-preview":"max-image-preview:large","max-video-preview":"max-video-preview:-1"},"canonical":"https:\/\/dicifood.ch\/de\/produkt\/local-pot-quinoa-aux-petits-legumes-chia\/","og_locale":"de_DE","og_type":"article","og_title":"Local Pot - Quinoa aux petits l\u00e9gumes & Chia - Dicifood","og_description":"Un d\u00e9licieux quinoa aux petits l\u00e9gumes et chia, 100% local et (presque) tout pr\u00eat !","og_url":"https:\/\/dicifood.ch\/de\/produkt\/local-pot-quinoa-aux-petits-legumes-chia\/","og_site_name":"Dicifood","article_modified_time":"2025-09-25T06:41:50+00:00","og_image":[{"width":2560,"height":2560,"url":"https:\/\/dicifood.ch\/wp-content\/uploads\/2023\/03\/LocalPot_QuinoaPetitLegumes_RECTO_75x75mm-scaled.jpg","type":"image\/jpeg"}],"twitter_card":"summary_large_image","twitter_misc":{"Gesch\u00e4tzte Lesezeit":"1\u00a0Minute"},"schema":{"@context":"https:\/\/schema.org","@graph":[{"@type":"WebPage","@id":"https:\/\/dicifood.ch\/produit\/local-pot-quinoa-aux-petits-legumes-chia\/","url":"https:\/\/dicifood.ch\/produit\/local-pot-quinoa-aux-petits-legumes-chia\/","name":"Local Pot - Quinoa aux petits l\u00e9gumes & Chia - Dicifood","isPartOf":{"@id":"https:\/\/dicifood.ch\/#website"},"primaryImageOfPage":{"@id":"https:\/\/dicifood.ch\/produit\/local-pot-quinoa-aux-petits-legumes-chia\/#primaryimage"},"image":{"@id":"https:\/\/dicifood.ch\/produit\/local-pot-quinoa-aux-petits-legumes-chia\/#primaryimage"},"thumbnailUrl":"https:\/\/dicifood.ch\/wp-content\/uploads\/2023\/03\/LocalPot_QuinoaPetitLegumes_RECTO_75x75mm-scaled.jpg","datePublished":"2023-03-06T09:00:21+00:00","dateModified":"2025-09-25T06:41:50+00:00","breadcrumb":{"@id":"https:\/\/dicifood.ch\/produit\/local-pot-quinoa-aux-petits-legumes-chia\/#breadcrumb"},"inLanguage":"de","potentialAction":[{"@type":"ReadAction","target":["https:\/\/dicifood.ch\/produit\/local-pot-quinoa-aux-petits-legumes-chia\/"]}]},{"@type":"ImageObject","inLanguage":"de","@id":"https:\/\/dicifood.ch\/produit\/local-pot-quinoa-aux-petits-legumes-chia\/#primaryimage","url":"https:\/\/dicifood.ch\/wp-content\/uploads\/2023\/03\/LocalPot_QuinoaPetitLegumes_RECTO_75x75mm-scaled.jpg","contentUrl":"https:\/\/dicifood.ch\/wp-content\/uploads\/2023\/03\/LocalPot_QuinoaPetitLegumes_RECTO_75x75mm-scaled.jpg","width":2560,"height":2560},{"@type":"BreadcrumbList","@id":"https:\/\/dicifood.ch\/produit\/local-pot-quinoa-aux-petits-legumes-chia\/#breadcrumb","itemListElement":[{"@type":"ListItem","position":1,"name":"Accueil","item":"https:\/\/dicifood.ch\/"},{"@type":"ListItem","position":2,"name":"Boutique","item":"https:\/\/dicifood.ch\/boutique\/"},{"@type":"ListItem","position":3,"name":"Local Pot &#8211; Quinoa aux petits l\u00e9gumes &#038; Chia"}]},{"@type":"WebSite","@id":"https:\/\/dicifood.ch\/#website","url":"https:\/\/dicifood.ch\/","name":"Dicifood","description":"De la fourche \u00e0 la fourchette","potentialAction":[{"@type":"SearchAction","target":{"@type":"EntryPoint","urlTemplate":"https:\/\/dicifood.ch\/?s={search_term_string}"},"query-input":{"@type":"PropertyValueSpecification","valueRequired":true,"valueName":"search_term_string"}}],"inLanguage":"de"}]}},"_links":{"self":[{"href":"https:\/\/dicifood.ch\/de\/wp-json\/wp\/v2\/product\/4912","targetHints":{"allow":["GET"]}}],"collection":[{"href":"https:\/\/dicifood.ch\/de\/wp-json\/wp\/v2\/product"}],"about":[{"href":"https:\/\/dicifood.ch\/de\/wp-json\/wp\/v2\/types\/product"}],"replies":[{"embeddable":true,"href":"https:\/\/dicifood.ch\/de\/wp-json\/wp\/v2\/comments?post=4912"}],"wp:featuredmedia":[{"embeddable":true,"href":"https:\/\/dicifood.ch\/de\/wp-json\/wp\/v2\/media\/5323"}],"wp:attachment":[{"href":"https:\/\/dicifood.ch\/de\/wp-json\/wp\/v2\/media?parent=4912"}],"wp:term":[{"taxonomy":"product_brand","embeddable":true,"href":"https:\/\/dicifood.ch\/de\/wp-json\/wp\/v2\/product_brand?post=4912"},{"taxonomy":"product_cat","embeddable":true,"href":"https:\/\/dicifood.ch\/de\/wp-json\/wp\/v2\/product_cat?post=4912"},{"taxonomy":"product_tag","embeddable":true,"href":"https:\/\/dicifood.ch\/de\/wp-json\/wp\/v2\/product_tag?post=4912"}],"curies":[{"name":"wp","href":"https:\/\/api.w.org\/{rel}","templated":true}]}}