{"id":4910,"date":"2023-03-06T09:59:24","date_gmt":"2023-03-06T08:59:24","guid":{"rendered":"https:\/\/dicifood.ch\/?post_type=product&#038;p=4910"},"modified":"2025-11-13T10:37:20","modified_gmt":"2025-11-13T09:37:20","slug":"local-pot-lentilles-aux-oignons-lard","status":"publish","type":"product","link":"https:\/\/dicifood.ch\/de\/produkt\/local-pot-lentilles-aux-oignons-lard\/","title":{"rendered":"Local Pot - Linsen mit Zwiebeln &amp; Speck"},"content":{"rendered":"<p>Fertig und f\u00fcr zwei, mit einer subtilen Gew\u00fcrzmischung, um sie zu verfeinern. Gr\u00fcne Linsen haben in den letzten Jahren ein bemerkenswertes Comeback auf unseren Tellern erlebt. Sie werden nicht nur wegen ihres Geschmacks, sondern auch wegen ihrer N\u00e4hrwerte und ihres Gehalts an Proteinen, Ballaststoffen und Mineralien gesch\u00e4tzt. Seit 2017 werden sie auf der Domaine du Ch\u00e2teau in Cottens angebaut. Genie\u00dfen Sie sie warm oder kalt im Glas,<\/p>\n<p>Alles fertig-alles nah!<\/p>\n<p>&nbsp;<\/p>\n<p>Conditionn\u00e9 chez:<\/p>\n<p><a href=\"https:\/\/www.afiro.ch\/association\"><img decoding=\"async\" class=\"alignnone wp-image-5346\" src=\"https:\/\/dicifood.ch\/wp-content\/uploads\/2023\/03\/afiro-300x136.png\" alt=\"\" width=\"221\" height=\"100\" srcset=\"https:\/\/dicifood.ch\/wp-content\/uploads\/2023\/03\/afiro-300x136.png 300w, https:\/\/dicifood.ch\/wp-content\/uploads\/2023\/03\/afiro.png 332w\" sizes=\"(max-width: 221px) 100vw, 221px\" \/><\/a><\/p>","protected":false},"excerpt":{"rendered":"<p>Leckere Linsen mit Zwiebeln und Speck, 100% lokal und (fast) fertig!<\/p>\n<p><a href=\"https:\/\/webapp.beelong.ch\/fr\/public\/factsheet\/view\/631854d210b89\"><img decoding=\"async\" class=\"alignnone wp-image-11214 size-medium\" src=\"https:\/\/dicifood.ch\/wp-content\/uploads\/2023\/02\/2_Primary_color_border_screened_A-300x139.png\" alt=\"\" width=\"300\" height=\"139\" srcset=\"https:\/\/dicifood.ch\/wp-content\/uploads\/2023\/02\/2_Primary_color_border_screened_A-300x139.png 300w, https:\/\/dicifood.ch\/wp-content\/uploads\/2023\/02\/2_Primary_color_border_screened_A-600x279.png 600w, https:\/\/dicifood.ch\/wp-content\/uploads\/2023\/02\/2_Primary_color_border_screened_A-1024x476.png 1024w, https:\/\/dicifood.ch\/wp-content\/uploads\/2023\/02\/2_Primary_color_border_screened_A-768x357.png 768w, https:\/\/dicifood.ch\/wp-content\/uploads\/2023\/02\/2_Primary_color_border_screened_A-1536x713.png 1536w, https:\/\/dicifood.ch\/wp-content\/uploads\/2023\/02\/2_Primary_color_border_screened_A-2048x951.png 2048w, https:\/\/dicifood.ch\/wp-content\/uploads\/2023\/02\/2_Primary_color_border_screened_A-18x8.png 18w\" sizes=\"(max-width: 300px) 100vw, 300px\" \/><\/a><a href=\"https:\/\/www.ipsuisse.ch\/fr\/consomateurs-2\/a-propos-consomateurs\/labels-consomateurs-2\/\"><img decoding=\"async\" class=\"alignnone wp-image-5180\" src=\"https:\/\/dicifood.ch\/wp-content\/uploads\/2023\/03\/IPS_Logo_jpg-800x800-1-e1679474450941-300x300.jpg\" alt=\"\" width=\"138\" height=\"138\" \/><\/a><\/p>","protected":false},"featured_media":5321,"comment_status":"open","ping_status":"closed","template":"","meta":[],"product_brand":[],"product_cat":[118,121,116,110],"product_tag":[],"class_list":{"0":"post-4910","1":"product","2":"type-product","3":"status-publish","4":"has-post-thumbnail","6":"product_cat-legumineuses","7":"product_cat-lentilles","8":"product_cat-lucul-local-pots","9":"product_cat-petits-emballages-100-400g","11":"first","12":"instock","13":"taxable","14":"shipping-taxable","15":"purchasable","16":"product-type-simple"},"yoast_head":"<!-- This site is optimized with the Yoast SEO plugin v27.4 - https:\/\/yoast.com\/product\/yoast-seo-wordpress\/ -->\n<title>Local Pot - Lentilles aux oignons &amp; lard - Dicifood<\/title>\n<meta name=\"robots\" content=\"index, follow, max-snippet:-1, max-image-preview:large, max-video-preview:-1\" \/>\n<link rel=\"canonical\" href=\"https:\/\/dicifood.ch\/de\/produkt\/local-pot-lentilles-aux-oignons-lard\/\" \/>\n<meta property=\"og:locale\" content=\"de_DE\" \/>\n<meta property=\"og:type\" content=\"article\" \/>\n<meta property=\"og:title\" content=\"Local Pot - Lentilles aux oignons &amp; lard - Dicifood\" \/>\n<meta property=\"og:description\" content=\"De d\u00e9licieuses lentilles aux oignons et lard, 100% locales et (presque) toutes pr\u00eates !\" \/>\n<meta property=\"og:url\" content=\"https:\/\/dicifood.ch\/de\/produkt\/local-pot-lentilles-aux-oignons-lard\/\" \/>\n<meta property=\"og:site_name\" content=\"Dicifood\" \/>\n<meta property=\"article:modified_time\" content=\"2025-11-13T09:37:20+00:00\" \/>\n<meta property=\"og:image\" content=\"https:\/\/dicifood.ch\/wp-content\/uploads\/2023\/03\/LocalPot_LentillesOignons_RECTO_75x75mm-scaled.jpg\" \/>\n\t<meta property=\"og:image:width\" content=\"2560\" \/>\n\t<meta property=\"og:image:height\" content=\"2560\" \/>\n\t<meta property=\"og:image:type\" content=\"image\/jpeg\" \/>\n<meta name=\"twitter:card\" content=\"summary_large_image\" \/>\n<meta name=\"twitter:label1\" content=\"Gesch\u00e4tzte Lesezeit\" \/>\n\t<meta name=\"twitter:data1\" content=\"1\u00a0Minute\" \/>\n<script type=\"application\/ld+json\" class=\"yoast-schema-graph\">{\"@context\":\"https:\\\/\\\/schema.org\",\"@graph\":[{\"@type\":\"WebPage\",\"@id\":\"https:\\\/\\\/dicifood.ch\\\/produit\\\/local-pot-lentilles-aux-oignons-lard\\\/\",\"url\":\"https:\\\/\\\/dicifood.ch\\\/produit\\\/local-pot-lentilles-aux-oignons-lard\\\/\",\"name\":\"Local Pot - Lentilles aux oignons & lard - Dicifood\",\"isPartOf\":{\"@id\":\"https:\\\/\\\/dicifood.ch\\\/#website\"},\"primaryImageOfPage\":{\"@id\":\"https:\\\/\\\/dicifood.ch\\\/produit\\\/local-pot-lentilles-aux-oignons-lard\\\/#primaryimage\"},\"image\":{\"@id\":\"https:\\\/\\\/dicifood.ch\\\/produit\\\/local-pot-lentilles-aux-oignons-lard\\\/#primaryimage\"},\"thumbnailUrl\":\"https:\\\/\\\/dicifood.ch\\\/wp-content\\\/uploads\\\/2023\\\/03\\\/LocalPot_LentillesOignons_RECTO_75x75mm-scaled.jpg\",\"datePublished\":\"2023-03-06T08:59:24+00:00\",\"dateModified\":\"2025-11-13T09:37:20+00:00\",\"breadcrumb\":{\"@id\":\"https:\\\/\\\/dicifood.ch\\\/produit\\\/local-pot-lentilles-aux-oignons-lard\\\/#breadcrumb\"},\"inLanguage\":\"de\",\"potentialAction\":[{\"@type\":\"ReadAction\",\"target\":[\"https:\\\/\\\/dicifood.ch\\\/produit\\\/local-pot-lentilles-aux-oignons-lard\\\/\"]}]},{\"@type\":\"ImageObject\",\"inLanguage\":\"de\",\"@id\":\"https:\\\/\\\/dicifood.ch\\\/produit\\\/local-pot-lentilles-aux-oignons-lard\\\/#primaryimage\",\"url\":\"https:\\\/\\\/dicifood.ch\\\/wp-content\\\/uploads\\\/2023\\\/03\\\/LocalPot_LentillesOignons_RECTO_75x75mm-scaled.jpg\",\"contentUrl\":\"https:\\\/\\\/dicifood.ch\\\/wp-content\\\/uploads\\\/2023\\\/03\\\/LocalPot_LentillesOignons_RECTO_75x75mm-scaled.jpg\",\"width\":2560,\"height\":2560},{\"@type\":\"BreadcrumbList\",\"@id\":\"https:\\\/\\\/dicifood.ch\\\/produit\\\/local-pot-lentilles-aux-oignons-lard\\\/#breadcrumb\",\"itemListElement\":[{\"@type\":\"ListItem\",\"position\":1,\"name\":\"Accueil\",\"item\":\"https:\\\/\\\/dicifood.ch\\\/\"},{\"@type\":\"ListItem\",\"position\":2,\"name\":\"Boutique\",\"item\":\"https:\\\/\\\/dicifood.ch\\\/boutique\\\/\"},{\"@type\":\"ListItem\",\"position\":3,\"name\":\"Local Pot &#8211; Lentilles aux oignons &#038; lard\"}]},{\"@type\":\"WebSite\",\"@id\":\"https:\\\/\\\/dicifood.ch\\\/#website\",\"url\":\"https:\\\/\\\/dicifood.ch\\\/\",\"name\":\"Dicifood\",\"description\":\"De la fourche \u00e0 la fourchette\",\"potentialAction\":[{\"@type\":\"SearchAction\",\"target\":{\"@type\":\"EntryPoint\",\"urlTemplate\":\"https:\\\/\\\/dicifood.ch\\\/?s={search_term_string}\"},\"query-input\":{\"@type\":\"PropertyValueSpecification\",\"valueRequired\":true,\"valueName\":\"search_term_string\"}}],\"inLanguage\":\"de\"}]}<\/script>\n<!-- \/ Yoast SEO plugin. -->","yoast_head_json":{"title":"Local Pot - Lentilles aux oignons & lard - Dicifood","robots":{"index":"index","follow":"follow","max-snippet":"max-snippet:-1","max-image-preview":"max-image-preview:large","max-video-preview":"max-video-preview:-1"},"canonical":"https:\/\/dicifood.ch\/de\/produkt\/local-pot-lentilles-aux-oignons-lard\/","og_locale":"de_DE","og_type":"article","og_title":"Local Pot - Lentilles aux oignons & lard - Dicifood","og_description":"De d\u00e9licieuses lentilles aux oignons et lard, 100% locales et (presque) toutes pr\u00eates !","og_url":"https:\/\/dicifood.ch\/de\/produkt\/local-pot-lentilles-aux-oignons-lard\/","og_site_name":"Dicifood","article_modified_time":"2025-11-13T09:37:20+00:00","og_image":[{"width":2560,"height":2560,"url":"https:\/\/dicifood.ch\/wp-content\/uploads\/2023\/03\/LocalPot_LentillesOignons_RECTO_75x75mm-scaled.jpg","type":"image\/jpeg"}],"twitter_card":"summary_large_image","twitter_misc":{"Gesch\u00e4tzte Lesezeit":"1\u00a0Minute"},"schema":{"@context":"https:\/\/schema.org","@graph":[{"@type":"WebPage","@id":"https:\/\/dicifood.ch\/produit\/local-pot-lentilles-aux-oignons-lard\/","url":"https:\/\/dicifood.ch\/produit\/local-pot-lentilles-aux-oignons-lard\/","name":"Local Pot - Lentilles aux oignons & lard - Dicifood","isPartOf":{"@id":"https:\/\/dicifood.ch\/#website"},"primaryImageOfPage":{"@id":"https:\/\/dicifood.ch\/produit\/local-pot-lentilles-aux-oignons-lard\/#primaryimage"},"image":{"@id":"https:\/\/dicifood.ch\/produit\/local-pot-lentilles-aux-oignons-lard\/#primaryimage"},"thumbnailUrl":"https:\/\/dicifood.ch\/wp-content\/uploads\/2023\/03\/LocalPot_LentillesOignons_RECTO_75x75mm-scaled.jpg","datePublished":"2023-03-06T08:59:24+00:00","dateModified":"2025-11-13T09:37:20+00:00","breadcrumb":{"@id":"https:\/\/dicifood.ch\/produit\/local-pot-lentilles-aux-oignons-lard\/#breadcrumb"},"inLanguage":"de","potentialAction":[{"@type":"ReadAction","target":["https:\/\/dicifood.ch\/produit\/local-pot-lentilles-aux-oignons-lard\/"]}]},{"@type":"ImageObject","inLanguage":"de","@id":"https:\/\/dicifood.ch\/produit\/local-pot-lentilles-aux-oignons-lard\/#primaryimage","url":"https:\/\/dicifood.ch\/wp-content\/uploads\/2023\/03\/LocalPot_LentillesOignons_RECTO_75x75mm-scaled.jpg","contentUrl":"https:\/\/dicifood.ch\/wp-content\/uploads\/2023\/03\/LocalPot_LentillesOignons_RECTO_75x75mm-scaled.jpg","width":2560,"height":2560},{"@type":"BreadcrumbList","@id":"https:\/\/dicifood.ch\/produit\/local-pot-lentilles-aux-oignons-lard\/#breadcrumb","itemListElement":[{"@type":"ListItem","position":1,"name":"Accueil","item":"https:\/\/dicifood.ch\/"},{"@type":"ListItem","position":2,"name":"Boutique","item":"https:\/\/dicifood.ch\/boutique\/"},{"@type":"ListItem","position":3,"name":"Local Pot &#8211; Lentilles aux oignons &#038; lard"}]},{"@type":"WebSite","@id":"https:\/\/dicifood.ch\/#website","url":"https:\/\/dicifood.ch\/","name":"Dicifood","description":"De la fourche \u00e0 la fourchette","potentialAction":[{"@type":"SearchAction","target":{"@type":"EntryPoint","urlTemplate":"https:\/\/dicifood.ch\/?s={search_term_string}"},"query-input":{"@type":"PropertyValueSpecification","valueRequired":true,"valueName":"search_term_string"}}],"inLanguage":"de"}]}},"_links":{"self":[{"href":"https:\/\/dicifood.ch\/de\/wp-json\/wp\/v2\/product\/4910","targetHints":{"allow":["GET"]}}],"collection":[{"href":"https:\/\/dicifood.ch\/de\/wp-json\/wp\/v2\/product"}],"about":[{"href":"https:\/\/dicifood.ch\/de\/wp-json\/wp\/v2\/types\/product"}],"replies":[{"embeddable":true,"href":"https:\/\/dicifood.ch\/de\/wp-json\/wp\/v2\/comments?post=4910"}],"wp:featuredmedia":[{"embeddable":true,"href":"https:\/\/dicifood.ch\/de\/wp-json\/wp\/v2\/media\/5321"}],"wp:attachment":[{"href":"https:\/\/dicifood.ch\/de\/wp-json\/wp\/v2\/media?parent=4910"}],"wp:term":[{"taxonomy":"product_brand","embeddable":true,"href":"https:\/\/dicifood.ch\/de\/wp-json\/wp\/v2\/product_brand?post=4910"},{"taxonomy":"product_cat","embeddable":true,"href":"https:\/\/dicifood.ch\/de\/wp-json\/wp\/v2\/product_cat?post=4910"},{"taxonomy":"product_tag","embeddable":true,"href":"https:\/\/dicifood.ch\/de\/wp-json\/wp\/v2\/product_tag?post=4910"}],"curies":[{"name":"wp","href":"https:\/\/api.w.org\/{rel}","templated":true}]}}