{"id":4905,"date":"2023-02-27T17:03:51","date_gmt":"2023-02-27T16:03:51","guid":{"rendered":"https:\/\/dicifood.ch\/?post_type=product&#038;p=4905"},"modified":"2024-07-22T16:41:42","modified_gmt":"2024-07-22T14:41:42","slug":"tournesol-decortique-ip-suisse-250g","status":"publish","type":"product","link":"https:\/\/dicifood.ch\/de\/produkt\/tournesol-decortique-ip-suisse-250g\/","title":{"rendered":"Sonnenblumenkerne gesch\u00e4lt IP-SUISSE 250g"},"content":{"rendered":"<p class=\"font_8\">Sonnenblumenkerne sind ein gesunder und nahrhafter Snack f\u00fcr zwischendurch. Sie sind vor allem reich an mehrfach unges\u00e4ttigten Fetts\u00e4uren, die vor Herz-Kreislauf-Erkrankungen sch\u00fctzen.<\/p>\n<p class=\"font_8\">Seit 2019 werden die Sonnenblumenkerne auf der Domaine Chambaz in Bremblens angebaut.<\/p>\n<p>&nbsp;<\/p>\n<p>Conditionn\u00e9 par:<\/p>\n<p><a href=\"https:\/\/www.afiro.ch\/association\"><img decoding=\"async\" class=\"alignnone wp-image-5346\" src=\"https:\/\/dicifood.ch\/wp-content\/uploads\/2023\/03\/afiro-300x136.png\" alt=\"\" width=\"221\" height=\"100\" srcset=\"https:\/\/dicifood.ch\/wp-content\/uploads\/2023\/03\/afiro-300x136.png 300w, https:\/\/dicifood.ch\/wp-content\/uploads\/2023\/03\/afiro.png 332w\" sizes=\"(max-width: 221px) 100vw, 221px\" \/><\/a><\/p>","protected":false},"excerpt":{"rendered":"<p>K\u00f6stliche gesch\u00e4lte Sonnenblumenkerne, die sich perfekt f\u00fcr Salate, Bircherm\u00fcesli oder als Brotbelag eignen.<\/p>\n<p><a href=\"https:\/\/webapp.beelong.ch\/fr\/public\/factsheet\/view\/5d95e92c89ab2\"><img decoding=\"async\" class=\"alignnone wp-image-8211 size-medium\" src=\"https:\/\/dicifood.ch\/wp-content\/uploads\/2023\/02\/Beelong_Ecoscore_a-300x140.jpg\" alt=\"\" width=\"300\" height=\"140\" srcset=\"https:\/\/dicifood.ch\/wp-content\/uploads\/2023\/02\/Beelong_Ecoscore_a-300x140.jpg 300w, https:\/\/dicifood.ch\/wp-content\/uploads\/2023\/02\/Beelong_Ecoscore_a-600x280.jpg 600w, https:\/\/dicifood.ch\/wp-content\/uploads\/2023\/02\/Beelong_Ecoscore_a-1024x478.jpg 1024w, https:\/\/dicifood.ch\/wp-content\/uploads\/2023\/02\/Beelong_Ecoscore_a-768x358.jpg 768w, https:\/\/dicifood.ch\/wp-content\/uploads\/2023\/02\/Beelong_Ecoscore_a-18x8.jpg 18w, https:\/\/dicifood.ch\/wp-content\/uploads\/2023\/02\/Beelong_Ecoscore_a.jpg 1417w\" sizes=\"(max-width: 300px) 100vw, 300px\" \/><\/a> <a href=\"https:\/\/www.ipsuisse.ch\/fr\/consomateurs-2\/a-propos-consomateurs\/labels-consomateurs-2\/\"><img decoding=\"async\" class=\"alignnone wp-image-5180\" src=\"https:\/\/dicifood.ch\/wp-content\/uploads\/2023\/03\/IPS_Logo_jpg-800x800-1-e1679474450941-300x300.jpg\" alt=\"\" width=\"138\" height=\"138\" \/><\/a><\/p>","protected":false},"featured_media":11746,"comment_status":"open","ping_status":"closed","template":"","meta":[],"product_brand":[],"product_cat":[122,110],"product_tag":[],"class_list":{"0":"post-4905","1":"product","2":"type-product","3":"status-publish","4":"has-post-thumbnail","6":"product_cat-graines","7":"product_cat-petits-emballages-100-400g","9":"first","10":"instock","11":"taxable","12":"shipping-taxable","13":"purchasable","14":"product-type-simple"},"yoast_head":"<!-- This site is optimized with the Yoast SEO plugin v27.4 - https:\/\/yoast.com\/product\/yoast-seo-wordpress\/ -->\n<title>Tournesol d\u00e9cortiqu\u00e9 IP-SUISSE 250g - Dicifood<\/title>\n<meta name=\"robots\" content=\"index, follow, max-snippet:-1, max-image-preview:large, max-video-preview:-1\" \/>\n<link rel=\"canonical\" href=\"https:\/\/dicifood.ch\/de\/produkt\/tournesol-decortique-ip-suisse-250g\/\" \/>\n<meta property=\"og:locale\" content=\"de_DE\" \/>\n<meta property=\"og:type\" content=\"article\" \/>\n<meta property=\"og:title\" content=\"Tournesol d\u00e9cortiqu\u00e9 IP-SUISSE 250g - Dicifood\" \/>\n<meta property=\"og:description\" content=\"De d\u00e9licieuses graines de tournesol d\u00e9cortiqu\u00e9es, parfaites pour vos salades, birchers ou garnir votre pain.\" \/>\n<meta property=\"og:url\" content=\"https:\/\/dicifood.ch\/de\/produkt\/tournesol-decortique-ip-suisse-250g\/\" \/>\n<meta property=\"og:site_name\" content=\"Dicifood\" \/>\n<meta property=\"article:modified_time\" content=\"2024-07-22T14:41:42+00:00\" \/>\n<meta property=\"og:image\" content=\"https:\/\/dicifood.ch\/wp-content\/uploads\/2023\/02\/Tournesol1.png\" \/>\n\t<meta property=\"og:image:width\" content=\"1000\" \/>\n\t<meta property=\"og:image:height\" content=\"1000\" \/>\n\t<meta property=\"og:image:type\" content=\"image\/png\" \/>\n<meta name=\"twitter:card\" content=\"summary_large_image\" \/>\n<meta name=\"twitter:label1\" content=\"Gesch\u00e4tzte Lesezeit\" \/>\n\t<meta name=\"twitter:data1\" content=\"1\u00a0Minute\" \/>\n<script type=\"application\/ld+json\" class=\"yoast-schema-graph\">{\"@context\":\"https:\\\/\\\/schema.org\",\"@graph\":[{\"@type\":\"WebPage\",\"@id\":\"https:\\\/\\\/dicifood.ch\\\/produit\\\/tournesol-decortique-ip-suisse-250g\\\/\",\"url\":\"https:\\\/\\\/dicifood.ch\\\/produit\\\/tournesol-decortique-ip-suisse-250g\\\/\",\"name\":\"Tournesol d\u00e9cortiqu\u00e9 IP-SUISSE 250g - Dicifood\",\"isPartOf\":{\"@id\":\"https:\\\/\\\/dicifood.ch\\\/#website\"},\"primaryImageOfPage\":{\"@id\":\"https:\\\/\\\/dicifood.ch\\\/produit\\\/tournesol-decortique-ip-suisse-250g\\\/#primaryimage\"},\"image\":{\"@id\":\"https:\\\/\\\/dicifood.ch\\\/produit\\\/tournesol-decortique-ip-suisse-250g\\\/#primaryimage\"},\"thumbnailUrl\":\"https:\\\/\\\/dicifood.ch\\\/wp-content\\\/uploads\\\/2023\\\/02\\\/Tournesol1.png\",\"datePublished\":\"2023-02-27T16:03:51+00:00\",\"dateModified\":\"2024-07-22T14:41:42+00:00\",\"breadcrumb\":{\"@id\":\"https:\\\/\\\/dicifood.ch\\\/produit\\\/tournesol-decortique-ip-suisse-250g\\\/#breadcrumb\"},\"inLanguage\":\"de\",\"potentialAction\":[{\"@type\":\"ReadAction\",\"target\":[\"https:\\\/\\\/dicifood.ch\\\/produit\\\/tournesol-decortique-ip-suisse-250g\\\/\"]}]},{\"@type\":\"ImageObject\",\"inLanguage\":\"de\",\"@id\":\"https:\\\/\\\/dicifood.ch\\\/produit\\\/tournesol-decortique-ip-suisse-250g\\\/#primaryimage\",\"url\":\"https:\\\/\\\/dicifood.ch\\\/wp-content\\\/uploads\\\/2023\\\/02\\\/Tournesol1.png\",\"contentUrl\":\"https:\\\/\\\/dicifood.ch\\\/wp-content\\\/uploads\\\/2023\\\/02\\\/Tournesol1.png\",\"width\":1000,\"height\":1000,\"caption\":\"Graine de tournesol\"},{\"@type\":\"BreadcrumbList\",\"@id\":\"https:\\\/\\\/dicifood.ch\\\/produit\\\/tournesol-decortique-ip-suisse-250g\\\/#breadcrumb\",\"itemListElement\":[{\"@type\":\"ListItem\",\"position\":1,\"name\":\"Accueil\",\"item\":\"https:\\\/\\\/dicifood.ch\\\/\"},{\"@type\":\"ListItem\",\"position\":2,\"name\":\"Boutique\",\"item\":\"https:\\\/\\\/dicifood.ch\\\/boutique\\\/\"},{\"@type\":\"ListItem\",\"position\":3,\"name\":\"Tournesol d\u00e9cortiqu\u00e9 IP-SUISSE 250g\"}]},{\"@type\":\"WebSite\",\"@id\":\"https:\\\/\\\/dicifood.ch\\\/#website\",\"url\":\"https:\\\/\\\/dicifood.ch\\\/\",\"name\":\"Dicifood\",\"description\":\"De la fourche \u00e0 la fourchette\",\"potentialAction\":[{\"@type\":\"SearchAction\",\"target\":{\"@type\":\"EntryPoint\",\"urlTemplate\":\"https:\\\/\\\/dicifood.ch\\\/?s={search_term_string}\"},\"query-input\":{\"@type\":\"PropertyValueSpecification\",\"valueRequired\":true,\"valueName\":\"search_term_string\"}}],\"inLanguage\":\"de\"}]}<\/script>\n<!-- \/ Yoast SEO plugin. -->","yoast_head_json":{"title":"Tournesol d\u00e9cortiqu\u00e9 IP-SUISSE 250g - Dicifood","robots":{"index":"index","follow":"follow","max-snippet":"max-snippet:-1","max-image-preview":"max-image-preview:large","max-video-preview":"max-video-preview:-1"},"canonical":"https:\/\/dicifood.ch\/de\/produkt\/tournesol-decortique-ip-suisse-250g\/","og_locale":"de_DE","og_type":"article","og_title":"Tournesol d\u00e9cortiqu\u00e9 IP-SUISSE 250g - Dicifood","og_description":"De d\u00e9licieuses graines de tournesol d\u00e9cortiqu\u00e9es, parfaites pour vos salades, birchers ou garnir votre pain.","og_url":"https:\/\/dicifood.ch\/de\/produkt\/tournesol-decortique-ip-suisse-250g\/","og_site_name":"Dicifood","article_modified_time":"2024-07-22T14:41:42+00:00","og_image":[{"width":1000,"height":1000,"url":"https:\/\/dicifood.ch\/wp-content\/uploads\/2023\/02\/Tournesol1.png","type":"image\/png"}],"twitter_card":"summary_large_image","twitter_misc":{"Gesch\u00e4tzte Lesezeit":"1\u00a0Minute"},"schema":{"@context":"https:\/\/schema.org","@graph":[{"@type":"WebPage","@id":"https:\/\/dicifood.ch\/produit\/tournesol-decortique-ip-suisse-250g\/","url":"https:\/\/dicifood.ch\/produit\/tournesol-decortique-ip-suisse-250g\/","name":"Tournesol d\u00e9cortiqu\u00e9 IP-SUISSE 250g - Dicifood","isPartOf":{"@id":"https:\/\/dicifood.ch\/#website"},"primaryImageOfPage":{"@id":"https:\/\/dicifood.ch\/produit\/tournesol-decortique-ip-suisse-250g\/#primaryimage"},"image":{"@id":"https:\/\/dicifood.ch\/produit\/tournesol-decortique-ip-suisse-250g\/#primaryimage"},"thumbnailUrl":"https:\/\/dicifood.ch\/wp-content\/uploads\/2023\/02\/Tournesol1.png","datePublished":"2023-02-27T16:03:51+00:00","dateModified":"2024-07-22T14:41:42+00:00","breadcrumb":{"@id":"https:\/\/dicifood.ch\/produit\/tournesol-decortique-ip-suisse-250g\/#breadcrumb"},"inLanguage":"de","potentialAction":[{"@type":"ReadAction","target":["https:\/\/dicifood.ch\/produit\/tournesol-decortique-ip-suisse-250g\/"]}]},{"@type":"ImageObject","inLanguage":"de","@id":"https:\/\/dicifood.ch\/produit\/tournesol-decortique-ip-suisse-250g\/#primaryimage","url":"https:\/\/dicifood.ch\/wp-content\/uploads\/2023\/02\/Tournesol1.png","contentUrl":"https:\/\/dicifood.ch\/wp-content\/uploads\/2023\/02\/Tournesol1.png","width":1000,"height":1000,"caption":"Graine de tournesol"},{"@type":"BreadcrumbList","@id":"https:\/\/dicifood.ch\/produit\/tournesol-decortique-ip-suisse-250g\/#breadcrumb","itemListElement":[{"@type":"ListItem","position":1,"name":"Accueil","item":"https:\/\/dicifood.ch\/"},{"@type":"ListItem","position":2,"name":"Boutique","item":"https:\/\/dicifood.ch\/boutique\/"},{"@type":"ListItem","position":3,"name":"Tournesol d\u00e9cortiqu\u00e9 IP-SUISSE 250g"}]},{"@type":"WebSite","@id":"https:\/\/dicifood.ch\/#website","url":"https:\/\/dicifood.ch\/","name":"Dicifood","description":"De la fourche \u00e0 la fourchette","potentialAction":[{"@type":"SearchAction","target":{"@type":"EntryPoint","urlTemplate":"https:\/\/dicifood.ch\/?s={search_term_string}"},"query-input":{"@type":"PropertyValueSpecification","valueRequired":true,"valueName":"search_term_string"}}],"inLanguage":"de"}]}},"_links":{"self":[{"href":"https:\/\/dicifood.ch\/de\/wp-json\/wp\/v2\/product\/4905","targetHints":{"allow":["GET"]}}],"collection":[{"href":"https:\/\/dicifood.ch\/de\/wp-json\/wp\/v2\/product"}],"about":[{"href":"https:\/\/dicifood.ch\/de\/wp-json\/wp\/v2\/types\/product"}],"replies":[{"embeddable":true,"href":"https:\/\/dicifood.ch\/de\/wp-json\/wp\/v2\/comments?post=4905"}],"wp:featuredmedia":[{"embeddable":true,"href":"https:\/\/dicifood.ch\/de\/wp-json\/wp\/v2\/media\/11746"}],"wp:attachment":[{"href":"https:\/\/dicifood.ch\/de\/wp-json\/wp\/v2\/media?parent=4905"}],"wp:term":[{"taxonomy":"product_brand","embeddable":true,"href":"https:\/\/dicifood.ch\/de\/wp-json\/wp\/v2\/product_brand?post=4905"},{"taxonomy":"product_cat","embeddable":true,"href":"https:\/\/dicifood.ch\/de\/wp-json\/wp\/v2\/product_cat?post=4905"},{"taxonomy":"product_tag","embeddable":true,"href":"https:\/\/dicifood.ch\/de\/wp-json\/wp\/v2\/product_tag?post=4905"}],"curies":[{"name":"wp","href":"https:\/\/api.w.org\/{rel}","templated":true}]}}