{"id":4876,"date":"2023-02-27T16:20:48","date_gmt":"2023-02-27T15:20:48","guid":{"rendered":"https:\/\/dicifood.ch\/?post_type=product&#038;p=4876"},"modified":"2025-11-13T14:13:38","modified_gmt":"2025-11-13T13:13:38","slug":"lentilles-noires-beluga-ip-suisse-300g","status":"publish","type":"product","link":"https:\/\/dicifood.ch\/de\/produkt\/lentilles-noires-beluga-ip-suisse-300g\/","title":{"rendered":"Schwarze Linsen Beluga IP-SUISSE 300g"},"content":{"rendered":"<p>Linsen haben in den letzten Jahren ein bemerkenswertes Comeback auf unseren Tellern erlebt. Sie werden nicht nur wegen ihres Geschmacks gesch\u00e4tzt, sondern auch wegen ihrer ern\u00e4hrungsphysiologischen Qualit\u00e4ten und ihres Gehalts an Proteinen, Ballaststoffen und Mineralien. Seit 2017 bauen wir auf der Domaine du Ch\u00e2teau (Cottens) drei Sorten an: gr\u00fcne Linsen, braune Linsen und schwarze Linsen (Beluga-Linsen).<\/p>\n<p>&nbsp;<\/p>\n<p>Conditionn\u00e9 chez:<\/p>\n<p><a href=\"https:\/\/www.afiro.ch\/association\"><img decoding=\"async\" class=\"alignnone wp-image-5346\" src=\"https:\/\/dicifood.ch\/wp-content\/uploads\/2023\/03\/afiro-300x136.png\" alt=\"\" width=\"221\" height=\"100\" srcset=\"https:\/\/dicifood.ch\/wp-content\/uploads\/2023\/03\/afiro-300x136.png 300w, https:\/\/dicifood.ch\/wp-content\/uploads\/2023\/03\/afiro.png 332w\" sizes=\"(max-width: 221px) 100vw, 221px\" \/><\/a><\/p>","protected":false},"excerpt":{"rendered":"<p>Entdecken Sie die schwarzen Belugalinsen aus dem Waadtland. Ein Wunder!<\/p>\n<p><a href=\"https:\/\/webapp.beelong.ch\/fr\/public\/factsheet\/view\/5d95ede6edb73\"><img decoding=\"async\" class=\"alignnone wp-image-8211 size-medium\" src=\"https:\/\/dicifood.ch\/wp-content\/uploads\/2023\/02\/Beelong_Ecoscore_a-300x140.jpg\" alt=\"\" width=\"300\" height=\"140\" srcset=\"https:\/\/dicifood.ch\/wp-content\/uploads\/2023\/02\/Beelong_Ecoscore_a-300x140.jpg 300w, https:\/\/dicifood.ch\/wp-content\/uploads\/2023\/02\/Beelong_Ecoscore_a-600x280.jpg 600w, https:\/\/dicifood.ch\/wp-content\/uploads\/2023\/02\/Beelong_Ecoscore_a-1024x478.jpg 1024w, https:\/\/dicifood.ch\/wp-content\/uploads\/2023\/02\/Beelong_Ecoscore_a-768x358.jpg 768w, https:\/\/dicifood.ch\/wp-content\/uploads\/2023\/02\/Beelong_Ecoscore_a-18x8.jpg 18w, https:\/\/dicifood.ch\/wp-content\/uploads\/2023\/02\/Beelong_Ecoscore_a.jpg 1417w\" sizes=\"(max-width: 300px) 100vw, 300px\" \/><\/a> <a href=\"https:\/\/www.ipsuisse.ch\/fr\/consomateurs-2\/a-propos-consomateurs\/labels-consomateurs-2\/\"><img decoding=\"async\" class=\"alignnone wp-image-5180\" src=\"https:\/\/dicifood.ch\/wp-content\/uploads\/2023\/03\/IPS_Logo_jpg-800x800-1-e1679474450941-300x300.jpg\" alt=\"\" width=\"138\" height=\"138\" \/><\/a><\/p>","protected":false},"featured_media":11758,"comment_status":"open","ping_status":"closed","template":"","meta":[],"product_brand":[],"product_cat":[118,121,110],"product_tag":[],"class_list":{"0":"post-4876","1":"product","2":"type-product","3":"status-publish","4":"has-post-thumbnail","6":"product_cat-legumineuses","7":"product_cat-lentilles","8":"product_cat-petits-emballages-100-400g","10":"first","11":"instock","12":"taxable","13":"shipping-taxable","14":"purchasable","15":"product-type-simple"},"yoast_head":"<!-- This site is optimized with the Yoast SEO plugin v27.5 - https:\/\/yoast.com\/product\/yoast-seo-wordpress\/ -->\n<title>Lentilles Noires Beluga IP-SUISSE 300g - Dicifood<\/title>\n<meta name=\"robots\" content=\"index, follow, max-snippet:-1, max-image-preview:large, max-video-preview:-1\" \/>\n<link rel=\"canonical\" href=\"https:\/\/dicifood.ch\/de\/produkt\/lentilles-noires-beluga-ip-suisse-300g\/\" \/>\n<meta property=\"og:locale\" content=\"de_DE\" \/>\n<meta property=\"og:type\" content=\"article\" \/>\n<meta property=\"og:title\" content=\"Lentilles Noires Beluga IP-SUISSE 300g - Dicifood\" \/>\n<meta property=\"og:description\" content=\"D\u00e9couvrez les lentilles noires b\u00e9lugas 100% vaudoises. Une merveille !\" \/>\n<meta property=\"og:url\" content=\"https:\/\/dicifood.ch\/de\/produkt\/lentilles-noires-beluga-ip-suisse-300g\/\" \/>\n<meta property=\"og:site_name\" content=\"Dicifood\" \/>\n<meta property=\"article:modified_time\" content=\"2025-11-13T13:13:38+00:00\" \/>\n<meta property=\"og:image\" content=\"https:\/\/dicifood.ch\/wp-content\/uploads\/2023\/02\/Lentilles-beluga.png\" \/>\n\t<meta property=\"og:image:width\" content=\"1000\" \/>\n\t<meta property=\"og:image:height\" content=\"1000\" \/>\n\t<meta property=\"og:image:type\" content=\"image\/png\" \/>\n<meta name=\"twitter:card\" content=\"summary_large_image\" \/>\n<meta name=\"twitter:label1\" content=\"Gesch\u00e4tzte Lesezeit\" \/>\n\t<meta name=\"twitter:data1\" content=\"1\u00a0Minute\" \/>\n<script type=\"application\/ld+json\" class=\"yoast-schema-graph\">{\"@context\":\"https:\\\/\\\/schema.org\",\"@graph\":[{\"@type\":\"WebPage\",\"@id\":\"https:\\\/\\\/dicifood.ch\\\/produit\\\/lentilles-noires-beluga-ip-suisse-300g\\\/\",\"url\":\"https:\\\/\\\/dicifood.ch\\\/produit\\\/lentilles-noires-beluga-ip-suisse-300g\\\/\",\"name\":\"Lentilles Noires Beluga IP-SUISSE 300g - Dicifood\",\"isPartOf\":{\"@id\":\"https:\\\/\\\/dicifood.ch\\\/#website\"},\"primaryImageOfPage\":{\"@id\":\"https:\\\/\\\/dicifood.ch\\\/produit\\\/lentilles-noires-beluga-ip-suisse-300g\\\/#primaryimage\"},\"image\":{\"@id\":\"https:\\\/\\\/dicifood.ch\\\/produit\\\/lentilles-noires-beluga-ip-suisse-300g\\\/#primaryimage\"},\"thumbnailUrl\":\"https:\\\/\\\/dicifood.ch\\\/wp-content\\\/uploads\\\/2023\\\/02\\\/Lentilles-beluga.png\",\"datePublished\":\"2023-02-27T15:20:48+00:00\",\"dateModified\":\"2025-11-13T13:13:38+00:00\",\"breadcrumb\":{\"@id\":\"https:\\\/\\\/dicifood.ch\\\/produit\\\/lentilles-noires-beluga-ip-suisse-300g\\\/#breadcrumb\"},\"inLanguage\":\"de\",\"potentialAction\":[{\"@type\":\"ReadAction\",\"target\":[\"https:\\\/\\\/dicifood.ch\\\/produit\\\/lentilles-noires-beluga-ip-suisse-300g\\\/\"]}]},{\"@type\":\"ImageObject\",\"inLanguage\":\"de\",\"@id\":\"https:\\\/\\\/dicifood.ch\\\/produit\\\/lentilles-noires-beluga-ip-suisse-300g\\\/#primaryimage\",\"url\":\"https:\\\/\\\/dicifood.ch\\\/wp-content\\\/uploads\\\/2023\\\/02\\\/Lentilles-beluga.png\",\"contentUrl\":\"https:\\\/\\\/dicifood.ch\\\/wp-content\\\/uploads\\\/2023\\\/02\\\/Lentilles-beluga.png\",\"width\":1000,\"height\":1000,\"caption\":\"Lentilles b\u00e9luga noire\"},{\"@type\":\"BreadcrumbList\",\"@id\":\"https:\\\/\\\/dicifood.ch\\\/produit\\\/lentilles-noires-beluga-ip-suisse-300g\\\/#breadcrumb\",\"itemListElement\":[{\"@type\":\"ListItem\",\"position\":1,\"name\":\"Accueil\",\"item\":\"https:\\\/\\\/dicifood.ch\\\/\"},{\"@type\":\"ListItem\",\"position\":2,\"name\":\"Boutique\",\"item\":\"https:\\\/\\\/dicifood.ch\\\/boutique\\\/\"},{\"@type\":\"ListItem\",\"position\":3,\"name\":\"Lentilles Noires Beluga IP-SUISSE 300g\"}]},{\"@type\":\"WebSite\",\"@id\":\"https:\\\/\\\/dicifood.ch\\\/#website\",\"url\":\"https:\\\/\\\/dicifood.ch\\\/\",\"name\":\"Dicifood\",\"description\":\"De la fourche \u00e0 la fourchette\",\"potentialAction\":[{\"@type\":\"SearchAction\",\"target\":{\"@type\":\"EntryPoint\",\"urlTemplate\":\"https:\\\/\\\/dicifood.ch\\\/?s={search_term_string}\"},\"query-input\":{\"@type\":\"PropertyValueSpecification\",\"valueRequired\":true,\"valueName\":\"search_term_string\"}}],\"inLanguage\":\"de\"}]}<\/script>\n<!-- \/ Yoast SEO plugin. -->","yoast_head_json":{"title":"Lentilles Noires Beluga IP-SUISSE 300g - Dicifood","robots":{"index":"index","follow":"follow","max-snippet":"max-snippet:-1","max-image-preview":"max-image-preview:large","max-video-preview":"max-video-preview:-1"},"canonical":"https:\/\/dicifood.ch\/de\/produkt\/lentilles-noires-beluga-ip-suisse-300g\/","og_locale":"de_DE","og_type":"article","og_title":"Lentilles Noires Beluga IP-SUISSE 300g - Dicifood","og_description":"D\u00e9couvrez les lentilles noires b\u00e9lugas 100% vaudoises. Une merveille !","og_url":"https:\/\/dicifood.ch\/de\/produkt\/lentilles-noires-beluga-ip-suisse-300g\/","og_site_name":"Dicifood","article_modified_time":"2025-11-13T13:13:38+00:00","og_image":[{"width":1000,"height":1000,"url":"https:\/\/dicifood.ch\/wp-content\/uploads\/2023\/02\/Lentilles-beluga.png","type":"image\/png"}],"twitter_card":"summary_large_image","twitter_misc":{"Gesch\u00e4tzte Lesezeit":"1\u00a0Minute"},"schema":{"@context":"https:\/\/schema.org","@graph":[{"@type":"WebPage","@id":"https:\/\/dicifood.ch\/produit\/lentilles-noires-beluga-ip-suisse-300g\/","url":"https:\/\/dicifood.ch\/produit\/lentilles-noires-beluga-ip-suisse-300g\/","name":"Lentilles Noires Beluga IP-SUISSE 300g - Dicifood","isPartOf":{"@id":"https:\/\/dicifood.ch\/#website"},"primaryImageOfPage":{"@id":"https:\/\/dicifood.ch\/produit\/lentilles-noires-beluga-ip-suisse-300g\/#primaryimage"},"image":{"@id":"https:\/\/dicifood.ch\/produit\/lentilles-noires-beluga-ip-suisse-300g\/#primaryimage"},"thumbnailUrl":"https:\/\/dicifood.ch\/wp-content\/uploads\/2023\/02\/Lentilles-beluga.png","datePublished":"2023-02-27T15:20:48+00:00","dateModified":"2025-11-13T13:13:38+00:00","breadcrumb":{"@id":"https:\/\/dicifood.ch\/produit\/lentilles-noires-beluga-ip-suisse-300g\/#breadcrumb"},"inLanguage":"de","potentialAction":[{"@type":"ReadAction","target":["https:\/\/dicifood.ch\/produit\/lentilles-noires-beluga-ip-suisse-300g\/"]}]},{"@type":"ImageObject","inLanguage":"de","@id":"https:\/\/dicifood.ch\/produit\/lentilles-noires-beluga-ip-suisse-300g\/#primaryimage","url":"https:\/\/dicifood.ch\/wp-content\/uploads\/2023\/02\/Lentilles-beluga.png","contentUrl":"https:\/\/dicifood.ch\/wp-content\/uploads\/2023\/02\/Lentilles-beluga.png","width":1000,"height":1000,"caption":"Lentilles b\u00e9luga noire"},{"@type":"BreadcrumbList","@id":"https:\/\/dicifood.ch\/produit\/lentilles-noires-beluga-ip-suisse-300g\/#breadcrumb","itemListElement":[{"@type":"ListItem","position":1,"name":"Accueil","item":"https:\/\/dicifood.ch\/"},{"@type":"ListItem","position":2,"name":"Boutique","item":"https:\/\/dicifood.ch\/boutique\/"},{"@type":"ListItem","position":3,"name":"Lentilles Noires Beluga IP-SUISSE 300g"}]},{"@type":"WebSite","@id":"https:\/\/dicifood.ch\/#website","url":"https:\/\/dicifood.ch\/","name":"Dicifood","description":"De la fourche \u00e0 la fourchette","potentialAction":[{"@type":"SearchAction","target":{"@type":"EntryPoint","urlTemplate":"https:\/\/dicifood.ch\/?s={search_term_string}"},"query-input":{"@type":"PropertyValueSpecification","valueRequired":true,"valueName":"search_term_string"}}],"inLanguage":"de"}]}},"_links":{"self":[{"href":"https:\/\/dicifood.ch\/de\/wp-json\/wp\/v2\/product\/4876","targetHints":{"allow":["GET"]}}],"collection":[{"href":"https:\/\/dicifood.ch\/de\/wp-json\/wp\/v2\/product"}],"about":[{"href":"https:\/\/dicifood.ch\/de\/wp-json\/wp\/v2\/types\/product"}],"replies":[{"embeddable":true,"href":"https:\/\/dicifood.ch\/de\/wp-json\/wp\/v2\/comments?post=4876"}],"wp:featuredmedia":[{"embeddable":true,"href":"https:\/\/dicifood.ch\/de\/wp-json\/wp\/v2\/media\/11758"}],"wp:attachment":[{"href":"https:\/\/dicifood.ch\/de\/wp-json\/wp\/v2\/media?parent=4876"}],"wp:term":[{"taxonomy":"product_brand","embeddable":true,"href":"https:\/\/dicifood.ch\/de\/wp-json\/wp\/v2\/product_brand?post=4876"},{"taxonomy":"product_cat","embeddable":true,"href":"https:\/\/dicifood.ch\/de\/wp-json\/wp\/v2\/product_cat?post=4876"},{"taxonomy":"product_tag","embeddable":true,"href":"https:\/\/dicifood.ch\/de\/wp-json\/wp\/v2\/product_tag?post=4876"}],"curies":[{"name":"wp","href":"https:\/\/api.w.org\/{rel}","templated":true}]}}