{"id":4869,"date":"2023-02-27T16:08:21","date_gmt":"2023-02-27T15:08:21","guid":{"rendered":"https:\/\/dicifood.ch\/?post_type=product&#038;p=4869"},"modified":"2024-08-27T14:14:00","modified_gmt":"2024-08-27T12:14:00","slug":"farine-de-moutarde-brune-100g","status":"publish","type":"product","link":"https:\/\/dicifood.ch\/de\/produkt\/farine-de-moutarde-brune-100g\/","title":{"rendered":"Braune Senfk\u00f6rner, gemahlen 100g"},"content":{"rendered":"<p>Wir haben 2016 mit dem Anbau von Senf begonnen. Senf ist eine Pflanze aus der Familie der Kreuzbl\u00fctler (wie Raps). Auf dem Gut werden zwei Sorten angebaut, der wei\u00dfe Senf Sinapis Alba und der braune Senf Brassica Juncea. Wir bieten diese beiden Senfsorten auch in Form von gemahlenen Senfk\u00f6rnern an, die sich ideal f\u00fcr kulinarische Zubereitungen oder auch zur Herstellung von Senf f\u00fcr die B\u00e9nichon eignen.<\/p>","protected":false},"excerpt":{"rendered":"<p>Unsere gelbe Senfk\u00f6rner in gemahlener Form.<\/p>","protected":false},"featured_media":11761,"comment_status":"open","ping_status":"closed","template":"","meta":[],"product_brand":[],"product_cat":[122,110],"product_tag":[],"class_list":{"0":"post-4869","1":"product","2":"type-product","3":"status-publish","4":"has-post-thumbnail","6":"product_cat-graines","7":"product_cat-petits-emballages-100-400g","9":"first","10":"instock","11":"taxable","12":"shipping-taxable","13":"purchasable","14":"product-type-simple"},"yoast_head":"<!-- This site is optimized with the Yoast SEO plugin v27.4 - https:\/\/yoast.com\/product\/yoast-seo-wordpress\/ -->\n<title>Farine de moutarde brune 100g - Dicifood<\/title>\n<meta name=\"robots\" content=\"index, follow, max-snippet:-1, max-image-preview:large, max-video-preview:-1\" \/>\n<link rel=\"canonical\" href=\"https:\/\/dicifood.ch\/de\/produkt\/farine-de-moutarde-brune-100g\/\" \/>\n<meta property=\"og:locale\" content=\"de_DE\" \/>\n<meta property=\"og:type\" content=\"article\" \/>\n<meta property=\"og:title\" content=\"Farine de moutarde brune 100g - Dicifood\" \/>\n<meta property=\"og:description\" content=\"Notre moutarde brune en version moulue.\" \/>\n<meta property=\"og:url\" content=\"https:\/\/dicifood.ch\/de\/produkt\/farine-de-moutarde-brune-100g\/\" \/>\n<meta property=\"og:site_name\" content=\"Dicifood\" \/>\n<meta property=\"article:modified_time\" content=\"2024-08-27T12:14:00+00:00\" \/>\n<meta property=\"og:image\" content=\"https:\/\/dicifood.ch\/wp-content\/uploads\/2023\/02\/Moutarde-brune-moulue.png\" \/>\n\t<meta property=\"og:image:width\" content=\"1000\" \/>\n\t<meta property=\"og:image:height\" content=\"1000\" \/>\n\t<meta property=\"og:image:type\" content=\"image\/png\" \/>\n<meta name=\"twitter:card\" content=\"summary_large_image\" \/>\n<meta name=\"twitter:label1\" content=\"Gesch\u00e4tzte Lesezeit\" \/>\n\t<meta name=\"twitter:data1\" content=\"1\u00a0Minute\" \/>\n<script type=\"application\/ld+json\" class=\"yoast-schema-graph\">{\"@context\":\"https:\\\/\\\/schema.org\",\"@graph\":[{\"@type\":\"WebPage\",\"@id\":\"https:\\\/\\\/dicifood.ch\\\/produit\\\/farine-de-moutarde-brune-100g\\\/\",\"url\":\"https:\\\/\\\/dicifood.ch\\\/produit\\\/farine-de-moutarde-brune-100g\\\/\",\"name\":\"Farine de moutarde brune 100g - Dicifood\",\"isPartOf\":{\"@id\":\"https:\\\/\\\/dicifood.ch\\\/#website\"},\"primaryImageOfPage\":{\"@id\":\"https:\\\/\\\/dicifood.ch\\\/produit\\\/farine-de-moutarde-brune-100g\\\/#primaryimage\"},\"image\":{\"@id\":\"https:\\\/\\\/dicifood.ch\\\/produit\\\/farine-de-moutarde-brune-100g\\\/#primaryimage\"},\"thumbnailUrl\":\"https:\\\/\\\/dicifood.ch\\\/wp-content\\\/uploads\\\/2023\\\/02\\\/Moutarde-brune-moulue.png\",\"datePublished\":\"2023-02-27T15:08:21+00:00\",\"dateModified\":\"2024-08-27T12:14:00+00:00\",\"breadcrumb\":{\"@id\":\"https:\\\/\\\/dicifood.ch\\\/produit\\\/farine-de-moutarde-brune-100g\\\/#breadcrumb\"},\"inLanguage\":\"de\",\"potentialAction\":[{\"@type\":\"ReadAction\",\"target\":[\"https:\\\/\\\/dicifood.ch\\\/produit\\\/farine-de-moutarde-brune-100g\\\/\"]}]},{\"@type\":\"ImageObject\",\"inLanguage\":\"de\",\"@id\":\"https:\\\/\\\/dicifood.ch\\\/produit\\\/farine-de-moutarde-brune-100g\\\/#primaryimage\",\"url\":\"https:\\\/\\\/dicifood.ch\\\/wp-content\\\/uploads\\\/2023\\\/02\\\/Moutarde-brune-moulue.png\",\"contentUrl\":\"https:\\\/\\\/dicifood.ch\\\/wp-content\\\/uploads\\\/2023\\\/02\\\/Moutarde-brune-moulue.png\",\"width\":1000,\"height\":1000,\"caption\":\"Moutarde brune moulue\"},{\"@type\":\"BreadcrumbList\",\"@id\":\"https:\\\/\\\/dicifood.ch\\\/produit\\\/farine-de-moutarde-brune-100g\\\/#breadcrumb\",\"itemListElement\":[{\"@type\":\"ListItem\",\"position\":1,\"name\":\"Accueil\",\"item\":\"https:\\\/\\\/dicifood.ch\\\/\"},{\"@type\":\"ListItem\",\"position\":2,\"name\":\"Boutique\",\"item\":\"https:\\\/\\\/dicifood.ch\\\/boutique\\\/\"},{\"@type\":\"ListItem\",\"position\":3,\"name\":\"Farine de moutarde brune 100g\"}]},{\"@type\":\"WebSite\",\"@id\":\"https:\\\/\\\/dicifood.ch\\\/#website\",\"url\":\"https:\\\/\\\/dicifood.ch\\\/\",\"name\":\"Dicifood\",\"description\":\"De la fourche \u00e0 la fourchette\",\"potentialAction\":[{\"@type\":\"SearchAction\",\"target\":{\"@type\":\"EntryPoint\",\"urlTemplate\":\"https:\\\/\\\/dicifood.ch\\\/?s={search_term_string}\"},\"query-input\":{\"@type\":\"PropertyValueSpecification\",\"valueRequired\":true,\"valueName\":\"search_term_string\"}}],\"inLanguage\":\"de\"}]}<\/script>\n<!-- \/ Yoast SEO plugin. -->","yoast_head_json":{"title":"Farine de moutarde brune 100g - Dicifood","robots":{"index":"index","follow":"follow","max-snippet":"max-snippet:-1","max-image-preview":"max-image-preview:large","max-video-preview":"max-video-preview:-1"},"canonical":"https:\/\/dicifood.ch\/de\/produkt\/farine-de-moutarde-brune-100g\/","og_locale":"de_DE","og_type":"article","og_title":"Farine de moutarde brune 100g - Dicifood","og_description":"Notre moutarde brune en version moulue.","og_url":"https:\/\/dicifood.ch\/de\/produkt\/farine-de-moutarde-brune-100g\/","og_site_name":"Dicifood","article_modified_time":"2024-08-27T12:14:00+00:00","og_image":[{"width":1000,"height":1000,"url":"https:\/\/dicifood.ch\/wp-content\/uploads\/2023\/02\/Moutarde-brune-moulue.png","type":"image\/png"}],"twitter_card":"summary_large_image","twitter_misc":{"Gesch\u00e4tzte Lesezeit":"1\u00a0Minute"},"schema":{"@context":"https:\/\/schema.org","@graph":[{"@type":"WebPage","@id":"https:\/\/dicifood.ch\/produit\/farine-de-moutarde-brune-100g\/","url":"https:\/\/dicifood.ch\/produit\/farine-de-moutarde-brune-100g\/","name":"Farine de moutarde brune 100g - Dicifood","isPartOf":{"@id":"https:\/\/dicifood.ch\/#website"},"primaryImageOfPage":{"@id":"https:\/\/dicifood.ch\/produit\/farine-de-moutarde-brune-100g\/#primaryimage"},"image":{"@id":"https:\/\/dicifood.ch\/produit\/farine-de-moutarde-brune-100g\/#primaryimage"},"thumbnailUrl":"https:\/\/dicifood.ch\/wp-content\/uploads\/2023\/02\/Moutarde-brune-moulue.png","datePublished":"2023-02-27T15:08:21+00:00","dateModified":"2024-08-27T12:14:00+00:00","breadcrumb":{"@id":"https:\/\/dicifood.ch\/produit\/farine-de-moutarde-brune-100g\/#breadcrumb"},"inLanguage":"de","potentialAction":[{"@type":"ReadAction","target":["https:\/\/dicifood.ch\/produit\/farine-de-moutarde-brune-100g\/"]}]},{"@type":"ImageObject","inLanguage":"de","@id":"https:\/\/dicifood.ch\/produit\/farine-de-moutarde-brune-100g\/#primaryimage","url":"https:\/\/dicifood.ch\/wp-content\/uploads\/2023\/02\/Moutarde-brune-moulue.png","contentUrl":"https:\/\/dicifood.ch\/wp-content\/uploads\/2023\/02\/Moutarde-brune-moulue.png","width":1000,"height":1000,"caption":"Moutarde brune moulue"},{"@type":"BreadcrumbList","@id":"https:\/\/dicifood.ch\/produit\/farine-de-moutarde-brune-100g\/#breadcrumb","itemListElement":[{"@type":"ListItem","position":1,"name":"Accueil","item":"https:\/\/dicifood.ch\/"},{"@type":"ListItem","position":2,"name":"Boutique","item":"https:\/\/dicifood.ch\/boutique\/"},{"@type":"ListItem","position":3,"name":"Farine de moutarde brune 100g"}]},{"@type":"WebSite","@id":"https:\/\/dicifood.ch\/#website","url":"https:\/\/dicifood.ch\/","name":"Dicifood","description":"De la fourche \u00e0 la fourchette","potentialAction":[{"@type":"SearchAction","target":{"@type":"EntryPoint","urlTemplate":"https:\/\/dicifood.ch\/?s={search_term_string}"},"query-input":{"@type":"PropertyValueSpecification","valueRequired":true,"valueName":"search_term_string"}}],"inLanguage":"de"}]}},"_links":{"self":[{"href":"https:\/\/dicifood.ch\/de\/wp-json\/wp\/v2\/product\/4869","targetHints":{"allow":["GET"]}}],"collection":[{"href":"https:\/\/dicifood.ch\/de\/wp-json\/wp\/v2\/product"}],"about":[{"href":"https:\/\/dicifood.ch\/de\/wp-json\/wp\/v2\/types\/product"}],"replies":[{"embeddable":true,"href":"https:\/\/dicifood.ch\/de\/wp-json\/wp\/v2\/comments?post=4869"}],"wp:featuredmedia":[{"embeddable":true,"href":"https:\/\/dicifood.ch\/de\/wp-json\/wp\/v2\/media\/11761"}],"wp:attachment":[{"href":"https:\/\/dicifood.ch\/de\/wp-json\/wp\/v2\/media?parent=4869"}],"wp:term":[{"taxonomy":"product_brand","embeddable":true,"href":"https:\/\/dicifood.ch\/de\/wp-json\/wp\/v2\/product_brand?post=4869"},{"taxonomy":"product_cat","embeddable":true,"href":"https:\/\/dicifood.ch\/de\/wp-json\/wp\/v2\/product_cat?post=4869"},{"taxonomy":"product_tag","embeddable":true,"href":"https:\/\/dicifood.ch\/de\/wp-json\/wp\/v2\/product_tag?post=4869"}],"curies":[{"name":"wp","href":"https:\/\/api.w.org\/{rel}","templated":true}]}}