{"id":12599,"date":"2026-01-28T13:13:21","date_gmt":"2026-01-28T12:13:21","guid":{"rendered":"https:\/\/dicifood.ch\/?post_type=product&#038;p=12599"},"modified":"2026-01-28T16:12:33","modified_gmt":"2026-01-28T15:12:33","slug":"polenta-5kg","status":"publish","type":"product","link":"https:\/\/dicifood.ch\/de\/produkt\/polenta-5kg\/","title":{"rendered":"Polenta 5kg"},"content":{"rendered":"<p>Vous pouvez d\u00e8s \u00e0 pr\u00e9sent d\u00e9guster une polenta savoureuse et 100% vaudoise. Cultiv\u00e9 actuellement sur le Domaine du Ch\u00e2teau \u00e0 Cottens, ce classique de la gastronomie italienne et tessinoise vous permettra concocter des plats simples et d\u00e9licieux. Sa texture entre la polenta fine et Bramata la rend exquise et le temps de cuisson n&rsquo;est que de 10 minutes!<\/p>\n<p>&nbsp;<\/p>\n<p>Conditionn\u00e9 chez:<\/p>\n<p><a href=\"https:\/\/www.afiro.ch\/association\"><img decoding=\"async\" class=\"alignnone wp-image-5346\" src=\"https:\/\/dicifood.ch\/wp-content\/uploads\/2023\/03\/afiro-300x136.png\" alt=\"\" width=\"221\" height=\"100\" srcset=\"https:\/\/dicifood.ch\/wp-content\/uploads\/2023\/03\/afiro-300x136.png 300w, https:\/\/dicifood.ch\/wp-content\/uploads\/2023\/03\/afiro.png 332w\" sizes=\"(max-width: 221px) 100vw, 221px\" \/><\/a><\/p>","protected":false},"excerpt":{"rendered":"<p>Schmackhafte Polenta aus 100% Waadtland!<\/p>\n<p><a href=\"https:\/\/webapp.beelong.ch\/fr\/public\/factsheet\/view\/5d95e8dc8e91c\"><img decoding=\"async\" class=\"alignnone wp-image-11214 size-medium\" src=\"https:\/\/dicifood.ch\/wp-content\/uploads\/2023\/02\/2_Primary_color_border_screened_A-300x139.png\" alt=\"\" width=\"300\" height=\"139\" srcset=\"https:\/\/dicifood.ch\/wp-content\/uploads\/2023\/02\/2_Primary_color_border_screened_A-300x139.png 300w, https:\/\/dicifood.ch\/wp-content\/uploads\/2023\/02\/2_Primary_color_border_screened_A-600x279.png 600w, https:\/\/dicifood.ch\/wp-content\/uploads\/2023\/02\/2_Primary_color_border_screened_A-1024x476.png 1024w, https:\/\/dicifood.ch\/wp-content\/uploads\/2023\/02\/2_Primary_color_border_screened_A-768x357.png 768w, https:\/\/dicifood.ch\/wp-content\/uploads\/2023\/02\/2_Primary_color_border_screened_A-1536x713.png 1536w, https:\/\/dicifood.ch\/wp-content\/uploads\/2023\/02\/2_Primary_color_border_screened_A-2048x951.png 2048w, https:\/\/dicifood.ch\/wp-content\/uploads\/2023\/02\/2_Primary_color_border_screened_A-18x8.png 18w\" sizes=\"(max-width: 300px) 100vw, 300px\" \/><\/a><\/p>","protected":false},"featured_media":12600,"comment_status":"open","ping_status":"closed","template":"","meta":[],"product_brand":[],"product_cat":[119,115,124],"product_tag":[],"class_list":{"0":"post-12599","1":"product","2":"type-product","3":"status-publish","4":"has-post-thumbnail","6":"product_cat-cereales","7":"product_cat-grands-emballages-3-5-kg","8":"product_cat-mais","10":"first","11":"instock","12":"taxable","13":"shipping-taxable","14":"purchasable","15":"product-type-simple"},"yoast_head":"<!-- This site is optimized with the Yoast SEO plugin v27.5 - https:\/\/yoast.com\/product\/yoast-seo-wordpress\/ -->\n<title>Polenta 5kg - Dicifood<\/title>\n<meta name=\"robots\" content=\"index, follow, max-snippet:-1, max-image-preview:large, max-video-preview:-1\" \/>\n<link rel=\"canonical\" href=\"https:\/\/dicifood.ch\/de\/produkt\/polenta-5kg\/\" \/>\n<meta property=\"og:locale\" content=\"de_DE\" \/>\n<meta property=\"og:type\" content=\"article\" \/>\n<meta property=\"og:title\" content=\"Polenta 5kg - Dicifood\" \/>\n<meta property=\"og:description\" content=\"Savoureuse polenta 100% vaudoise !\" \/>\n<meta property=\"og:url\" content=\"https:\/\/dicifood.ch\/de\/produkt\/polenta-5kg\/\" \/>\n<meta property=\"og:site_name\" content=\"Dicifood\" \/>\n<meta property=\"article:modified_time\" content=\"2026-01-28T15:12:33+00:00\" \/>\n<meta property=\"og:image\" content=\"https:\/\/dicifood.ch\/wp-content\/uploads\/2026\/01\/polenta-5-819x1024.png\" \/>\n\t<meta property=\"og:image:width\" content=\"819\" \/>\n\t<meta property=\"og:image:height\" content=\"1024\" \/>\n\t<meta property=\"og:image:type\" content=\"image\/png\" \/>\n<meta name=\"twitter:card\" content=\"summary_large_image\" \/>\n<meta name=\"twitter:label1\" content=\"Gesch\u00e4tzte Lesezeit\" \/>\n\t<meta name=\"twitter:data1\" content=\"1\u00a0Minute\" \/>\n<script type=\"application\/ld+json\" class=\"yoast-schema-graph\">{\"@context\":\"https:\\\/\\\/schema.org\",\"@graph\":[{\"@type\":\"WebPage\",\"@id\":\"https:\\\/\\\/dicifood.ch\\\/produit\\\/polenta-5kg\\\/\",\"url\":\"https:\\\/\\\/dicifood.ch\\\/produit\\\/polenta-5kg\\\/\",\"name\":\"Polenta 5kg - Dicifood\",\"isPartOf\":{\"@id\":\"https:\\\/\\\/dicifood.ch\\\/#website\"},\"primaryImageOfPage\":{\"@id\":\"https:\\\/\\\/dicifood.ch\\\/produit\\\/polenta-5kg\\\/#primaryimage\"},\"image\":{\"@id\":\"https:\\\/\\\/dicifood.ch\\\/produit\\\/polenta-5kg\\\/#primaryimage\"},\"thumbnailUrl\":\"https:\\\/\\\/dicifood.ch\\\/wp-content\\\/uploads\\\/2026\\\/01\\\/polenta-5.png\",\"datePublished\":\"2026-01-28T12:13:21+00:00\",\"dateModified\":\"2026-01-28T15:12:33+00:00\",\"breadcrumb\":{\"@id\":\"https:\\\/\\\/dicifood.ch\\\/produit\\\/polenta-5kg\\\/#breadcrumb\"},\"inLanguage\":\"de\",\"potentialAction\":[{\"@type\":\"ReadAction\",\"target\":[\"https:\\\/\\\/dicifood.ch\\\/produit\\\/polenta-5kg\\\/\"]}]},{\"@type\":\"ImageObject\",\"inLanguage\":\"de\",\"@id\":\"https:\\\/\\\/dicifood.ch\\\/produit\\\/polenta-5kg\\\/#primaryimage\",\"url\":\"https:\\\/\\\/dicifood.ch\\\/wp-content\\\/uploads\\\/2026\\\/01\\\/polenta-5.png\",\"contentUrl\":\"https:\\\/\\\/dicifood.ch\\\/wp-content\\\/uploads\\\/2026\\\/01\\\/polenta-5.png\",\"width\":1080,\"height\":1350},{\"@type\":\"BreadcrumbList\",\"@id\":\"https:\\\/\\\/dicifood.ch\\\/produit\\\/polenta-5kg\\\/#breadcrumb\",\"itemListElement\":[{\"@type\":\"ListItem\",\"position\":1,\"name\":\"Accueil\",\"item\":\"https:\\\/\\\/dicifood.ch\\\/\"},{\"@type\":\"ListItem\",\"position\":2,\"name\":\"Boutique\",\"item\":\"https:\\\/\\\/dicifood.ch\\\/boutique\\\/\"},{\"@type\":\"ListItem\",\"position\":3,\"name\":\"Polenta 5kg\"}]},{\"@type\":\"WebSite\",\"@id\":\"https:\\\/\\\/dicifood.ch\\\/#website\",\"url\":\"https:\\\/\\\/dicifood.ch\\\/\",\"name\":\"Dicifood\",\"description\":\"De la fourche \u00e0 la fourchette\",\"potentialAction\":[{\"@type\":\"SearchAction\",\"target\":{\"@type\":\"EntryPoint\",\"urlTemplate\":\"https:\\\/\\\/dicifood.ch\\\/?s={search_term_string}\"},\"query-input\":{\"@type\":\"PropertyValueSpecification\",\"valueRequired\":true,\"valueName\":\"search_term_string\"}}],\"inLanguage\":\"de\"}]}<\/script>\n<!-- \/ Yoast SEO plugin. -->","yoast_head_json":{"title":"Polenta 5kg - Dicifood","robots":{"index":"index","follow":"follow","max-snippet":"max-snippet:-1","max-image-preview":"max-image-preview:large","max-video-preview":"max-video-preview:-1"},"canonical":"https:\/\/dicifood.ch\/de\/produkt\/polenta-5kg\/","og_locale":"de_DE","og_type":"article","og_title":"Polenta 5kg - Dicifood","og_description":"Savoureuse polenta 100% vaudoise !","og_url":"https:\/\/dicifood.ch\/de\/produkt\/polenta-5kg\/","og_site_name":"Dicifood","article_modified_time":"2026-01-28T15:12:33+00:00","og_image":[{"width":819,"height":1024,"url":"https:\/\/dicifood.ch\/wp-content\/uploads\/2026\/01\/polenta-5-819x1024.png","type":"image\/png"}],"twitter_card":"summary_large_image","twitter_misc":{"Gesch\u00e4tzte Lesezeit":"1\u00a0Minute"},"schema":{"@context":"https:\/\/schema.org","@graph":[{"@type":"WebPage","@id":"https:\/\/dicifood.ch\/produit\/polenta-5kg\/","url":"https:\/\/dicifood.ch\/produit\/polenta-5kg\/","name":"Polenta 5kg - Dicifood","isPartOf":{"@id":"https:\/\/dicifood.ch\/#website"},"primaryImageOfPage":{"@id":"https:\/\/dicifood.ch\/produit\/polenta-5kg\/#primaryimage"},"image":{"@id":"https:\/\/dicifood.ch\/produit\/polenta-5kg\/#primaryimage"},"thumbnailUrl":"https:\/\/dicifood.ch\/wp-content\/uploads\/2026\/01\/polenta-5.png","datePublished":"2026-01-28T12:13:21+00:00","dateModified":"2026-01-28T15:12:33+00:00","breadcrumb":{"@id":"https:\/\/dicifood.ch\/produit\/polenta-5kg\/#breadcrumb"},"inLanguage":"de","potentialAction":[{"@type":"ReadAction","target":["https:\/\/dicifood.ch\/produit\/polenta-5kg\/"]}]},{"@type":"ImageObject","inLanguage":"de","@id":"https:\/\/dicifood.ch\/produit\/polenta-5kg\/#primaryimage","url":"https:\/\/dicifood.ch\/wp-content\/uploads\/2026\/01\/polenta-5.png","contentUrl":"https:\/\/dicifood.ch\/wp-content\/uploads\/2026\/01\/polenta-5.png","width":1080,"height":1350},{"@type":"BreadcrumbList","@id":"https:\/\/dicifood.ch\/produit\/polenta-5kg\/#breadcrumb","itemListElement":[{"@type":"ListItem","position":1,"name":"Accueil","item":"https:\/\/dicifood.ch\/"},{"@type":"ListItem","position":2,"name":"Boutique","item":"https:\/\/dicifood.ch\/boutique\/"},{"@type":"ListItem","position":3,"name":"Polenta 5kg"}]},{"@type":"WebSite","@id":"https:\/\/dicifood.ch\/#website","url":"https:\/\/dicifood.ch\/","name":"Dicifood","description":"De la fourche \u00e0 la fourchette","potentialAction":[{"@type":"SearchAction","target":{"@type":"EntryPoint","urlTemplate":"https:\/\/dicifood.ch\/?s={search_term_string}"},"query-input":{"@type":"PropertyValueSpecification","valueRequired":true,"valueName":"search_term_string"}}],"inLanguage":"de"}]}},"_links":{"self":[{"href":"https:\/\/dicifood.ch\/de\/wp-json\/wp\/v2\/product\/12599","targetHints":{"allow":["GET"]}}],"collection":[{"href":"https:\/\/dicifood.ch\/de\/wp-json\/wp\/v2\/product"}],"about":[{"href":"https:\/\/dicifood.ch\/de\/wp-json\/wp\/v2\/types\/product"}],"replies":[{"embeddable":true,"href":"https:\/\/dicifood.ch\/de\/wp-json\/wp\/v2\/comments?post=12599"}],"wp:featuredmedia":[{"embeddable":true,"href":"https:\/\/dicifood.ch\/de\/wp-json\/wp\/v2\/media\/12600"}],"wp:attachment":[{"href":"https:\/\/dicifood.ch\/de\/wp-json\/wp\/v2\/media?parent=12599"}],"wp:term":[{"taxonomy":"product_brand","embeddable":true,"href":"https:\/\/dicifood.ch\/de\/wp-json\/wp\/v2\/product_brand?post=12599"},{"taxonomy":"product_cat","embeddable":true,"href":"https:\/\/dicifood.ch\/de\/wp-json\/wp\/v2\/product_cat?post=12599"},{"taxonomy":"product_tag","embeddable":true,"href":"https:\/\/dicifood.ch\/de\/wp-json\/wp\/v2\/product_tag?post=12599"}],"curies":[{"name":"wp","href":"https:\/\/api.w.org\/{rel}","templated":true}]}}