{"id":12564,"date":"2026-01-12T10:32:03","date_gmt":"2026-01-12T09:32:03","guid":{"rendered":"https:\/\/dicifood.ch\/?post_type=product&#038;p=12564"},"modified":"2026-01-17T16:58:35","modified_gmt":"2026-01-17T15:58:35","slug":"polenta-3kg-dlc-courte","status":"publish","type":"product","link":"https:\/\/dicifood.ch\/de\/produkt\/polenta-3kg-dlc-courte\/","title":{"rendered":"Polenta 3kg (DLC courte)"},"content":{"rendered":"<p>Ab sofort k\u00f6nnen Sie eine schmackhafte und zu 100 % aus dem Waadtland stammende Polenta probieren. Sie wird derzeit auf der Domaine du Ch\u00e2teau in Cottens angebaut. Mit diesem Klassiker der italienischen und Tessiner Gastronomie k\u00f6nnen Sie einfache und k\u00f6stliche Gerichte zaubern.<\/p>\n<p data-start=\"137\" data-end=\"387\"><strong data-start=\"137\" data-end=\"188\">Aidez-nous \u00e0 sauver ces produits \u00e0 prix r\u00e9duit.<\/strong><br data-start=\"188\" data-end=\"191\" \/>Leur DLC est courte, mais il s\u2019agit de <strong data-start=\"232\" data-end=\"249\" data-is-only-node=\"\">produits secs<\/strong> qui peuvent \u00eatre consomm\u00e9s <strong data-start=\"315\" data-end=\"345\">bien au-del\u00e0 de cette date<\/strong> lorsqu\u2019ils sont correctement conserv\u00e9s.<\/p>\n<p data-start=\"394\" data-end=\"618\">En choisissant ces articles, vous luttez contre le gaspillage alimentaire tout en profitant de <strong data-start=\"489\" data-end=\"528\">produits sains, bruts et de qualit\u00e9<\/strong>, \u00e0 prix r\u00e9duit. Une bonne affaire pour vous, et un geste responsable pour les ressources naturelles.<\/p>\n<p>Conditionn\u00e9 chez:<\/p>\n<p><a href=\"https:\/\/www.afiro.ch\/association\"><img decoding=\"async\" class=\"alignnone wp-image-5346\" src=\"https:\/\/dicifood.ch\/wp-content\/uploads\/2023\/03\/afiro-300x136.png\" alt=\"\" width=\"221\" height=\"100\" srcset=\"https:\/\/dicifood.ch\/wp-content\/uploads\/2023\/03\/afiro-300x136.png 300w, https:\/\/dicifood.ch\/wp-content\/uploads\/2023\/03\/afiro.png 332w\" sizes=\"(max-width: 221px) 100vw, 221px\" \/><\/a><\/p>","protected":false},"excerpt":{"rendered":"<p>Schmackhafte Polenta aus 100% Waadtland!<\/p>\n<p><a href=\"https:\/\/webapp.beelong.ch\/fr\/public\/factsheet\/view\/5d95e8dc8e91c\"><img decoding=\"async\" class=\"alignnone wp-image-11214 size-medium\" src=\"https:\/\/dicifood.ch\/wp-content\/uploads\/2023\/02\/2_Primary_color_border_screened_A-300x139.png\" alt=\"\" width=\"300\" height=\"139\" srcset=\"https:\/\/dicifood.ch\/wp-content\/uploads\/2023\/02\/2_Primary_color_border_screened_A-300x139.png 300w, https:\/\/dicifood.ch\/wp-content\/uploads\/2023\/02\/2_Primary_color_border_screened_A-600x279.png 600w, https:\/\/dicifood.ch\/wp-content\/uploads\/2023\/02\/2_Primary_color_border_screened_A-1024x476.png 1024w, https:\/\/dicifood.ch\/wp-content\/uploads\/2023\/02\/2_Primary_color_border_screened_A-768x357.png 768w, https:\/\/dicifood.ch\/wp-content\/uploads\/2023\/02\/2_Primary_color_border_screened_A-1536x713.png 1536w, https:\/\/dicifood.ch\/wp-content\/uploads\/2023\/02\/2_Primary_color_border_screened_A-2048x951.png 2048w, https:\/\/dicifood.ch\/wp-content\/uploads\/2023\/02\/2_Primary_color_border_screened_A-18x8.png 18w\" sizes=\"(max-width: 300px) 100vw, 300px\" \/><\/a><\/p>","protected":false},"featured_media":11738,"comment_status":"open","ping_status":"closed","template":"","meta":[],"product_brand":[],"product_cat":[119,264,124],"product_tag":[],"class_list":{"0":"post-12564","1":"product","2":"type-product","3":"status-publish","4":"has-post-thumbnail","6":"product_cat-cereales","7":"product_cat-le-coin-des-bonnes-affaires","8":"product_cat-mais","10":"first","11":"outofstock","12":"sale","13":"taxable","14":"shipping-taxable","15":"purchasable","16":"product-type-simple"},"yoast_head":"<!-- This site is optimized with the Yoast SEO plugin v27.4 - https:\/\/yoast.com\/product\/yoast-seo-wordpress\/ -->\n<title>Polenta 3kg (DLC courte) - Dicifood<\/title>\n<meta name=\"robots\" content=\"index, follow, max-snippet:-1, max-image-preview:large, max-video-preview:-1\" \/>\n<link rel=\"canonical\" href=\"https:\/\/dicifood.ch\/de\/produkt\/polenta-3kg-dlc-courte\/\" \/>\n<meta property=\"og:locale\" content=\"de_DE\" \/>\n<meta property=\"og:type\" content=\"article\" \/>\n<meta property=\"og:title\" content=\"Polenta 3kg (DLC courte) - Dicifood\" \/>\n<meta property=\"og:description\" content=\"Savoureuse polenta 100% vaudoise !\" \/>\n<meta property=\"og:url\" content=\"https:\/\/dicifood.ch\/de\/produkt\/polenta-3kg-dlc-courte\/\" \/>\n<meta property=\"og:site_name\" content=\"Dicifood\" \/>\n<meta property=\"article:modified_time\" content=\"2026-01-17T15:58:35+00:00\" \/>\n<meta property=\"og:image\" content=\"https:\/\/dicifood.ch\/wp-content\/uploads\/2023\/03\/Polenta-3kg-scaled.png\" \/>\n\t<meta property=\"og:image:width\" content=\"1810\" \/>\n\t<meta property=\"og:image:height\" content=\"2560\" \/>\n\t<meta property=\"og:image:type\" content=\"image\/png\" \/>\n<meta name=\"twitter:card\" content=\"summary_large_image\" \/>\n<meta name=\"twitter:label1\" content=\"Gesch\u00e4tzte Lesezeit\" \/>\n\t<meta name=\"twitter:data1\" content=\"1\u00a0Minute\" \/>\n<script type=\"application\/ld+json\" class=\"yoast-schema-graph\">{\"@context\":\"https:\\\/\\\/schema.org\",\"@graph\":[{\"@type\":\"WebPage\",\"@id\":\"https:\\\/\\\/dicifood.ch\\\/produit\\\/polenta-3kg-dlc-courte\\\/\",\"url\":\"https:\\\/\\\/dicifood.ch\\\/produit\\\/polenta-3kg-dlc-courte\\\/\",\"name\":\"Polenta 3kg (DLC courte) - Dicifood\",\"isPartOf\":{\"@id\":\"https:\\\/\\\/dicifood.ch\\\/#website\"},\"primaryImageOfPage\":{\"@id\":\"https:\\\/\\\/dicifood.ch\\\/produit\\\/polenta-3kg-dlc-courte\\\/#primaryimage\"},\"image\":{\"@id\":\"https:\\\/\\\/dicifood.ch\\\/produit\\\/polenta-3kg-dlc-courte\\\/#primaryimage\"},\"thumbnailUrl\":\"https:\\\/\\\/dicifood.ch\\\/wp-content\\\/uploads\\\/2023\\\/03\\\/Polenta-3kg-scaled.png\",\"datePublished\":\"2026-01-12T09:32:03+00:00\",\"dateModified\":\"2026-01-17T15:58:35+00:00\",\"breadcrumb\":{\"@id\":\"https:\\\/\\\/dicifood.ch\\\/produit\\\/polenta-3kg-dlc-courte\\\/#breadcrumb\"},\"inLanguage\":\"de\",\"potentialAction\":[{\"@type\":\"ReadAction\",\"target\":[\"https:\\\/\\\/dicifood.ch\\\/produit\\\/polenta-3kg-dlc-courte\\\/\"]}]},{\"@type\":\"ImageObject\",\"inLanguage\":\"de\",\"@id\":\"https:\\\/\\\/dicifood.ch\\\/produit\\\/polenta-3kg-dlc-courte\\\/#primaryimage\",\"url\":\"https:\\\/\\\/dicifood.ch\\\/wp-content\\\/uploads\\\/2023\\\/03\\\/Polenta-3kg-scaled.png\",\"contentUrl\":\"https:\\\/\\\/dicifood.ch\\\/wp-content\\\/uploads\\\/2023\\\/03\\\/Polenta-3kg-scaled.png\",\"width\":1810,\"height\":2560,\"caption\":\"Polenta\"},{\"@type\":\"BreadcrumbList\",\"@id\":\"https:\\\/\\\/dicifood.ch\\\/produit\\\/polenta-3kg-dlc-courte\\\/#breadcrumb\",\"itemListElement\":[{\"@type\":\"ListItem\",\"position\":1,\"name\":\"Accueil\",\"item\":\"https:\\\/\\\/dicifood.ch\\\/\"},{\"@type\":\"ListItem\",\"position\":2,\"name\":\"Boutique\",\"item\":\"https:\\\/\\\/dicifood.ch\\\/boutique\\\/\"},{\"@type\":\"ListItem\",\"position\":3,\"name\":\"Polenta 3kg (DLC courte)\"}]},{\"@type\":\"WebSite\",\"@id\":\"https:\\\/\\\/dicifood.ch\\\/#website\",\"url\":\"https:\\\/\\\/dicifood.ch\\\/\",\"name\":\"Dicifood\",\"description\":\"De la fourche \u00e0 la fourchette\",\"potentialAction\":[{\"@type\":\"SearchAction\",\"target\":{\"@type\":\"EntryPoint\",\"urlTemplate\":\"https:\\\/\\\/dicifood.ch\\\/?s={search_term_string}\"},\"query-input\":{\"@type\":\"PropertyValueSpecification\",\"valueRequired\":true,\"valueName\":\"search_term_string\"}}],\"inLanguage\":\"de\"}]}<\/script>\n<!-- \/ Yoast SEO plugin. -->","yoast_head_json":{"title":"Polenta 3kg (DLC courte) - Dicifood","robots":{"index":"index","follow":"follow","max-snippet":"max-snippet:-1","max-image-preview":"max-image-preview:large","max-video-preview":"max-video-preview:-1"},"canonical":"https:\/\/dicifood.ch\/de\/produkt\/polenta-3kg-dlc-courte\/","og_locale":"de_DE","og_type":"article","og_title":"Polenta 3kg (DLC courte) - Dicifood","og_description":"Savoureuse polenta 100% vaudoise !","og_url":"https:\/\/dicifood.ch\/de\/produkt\/polenta-3kg-dlc-courte\/","og_site_name":"Dicifood","article_modified_time":"2026-01-17T15:58:35+00:00","og_image":[{"width":1810,"height":2560,"url":"https:\/\/dicifood.ch\/wp-content\/uploads\/2023\/03\/Polenta-3kg-scaled.png","type":"image\/png"}],"twitter_card":"summary_large_image","twitter_misc":{"Gesch\u00e4tzte Lesezeit":"1\u00a0Minute"},"schema":{"@context":"https:\/\/schema.org","@graph":[{"@type":"WebPage","@id":"https:\/\/dicifood.ch\/produit\/polenta-3kg-dlc-courte\/","url":"https:\/\/dicifood.ch\/produit\/polenta-3kg-dlc-courte\/","name":"Polenta 3kg (DLC courte) - Dicifood","isPartOf":{"@id":"https:\/\/dicifood.ch\/#website"},"primaryImageOfPage":{"@id":"https:\/\/dicifood.ch\/produit\/polenta-3kg-dlc-courte\/#primaryimage"},"image":{"@id":"https:\/\/dicifood.ch\/produit\/polenta-3kg-dlc-courte\/#primaryimage"},"thumbnailUrl":"https:\/\/dicifood.ch\/wp-content\/uploads\/2023\/03\/Polenta-3kg-scaled.png","datePublished":"2026-01-12T09:32:03+00:00","dateModified":"2026-01-17T15:58:35+00:00","breadcrumb":{"@id":"https:\/\/dicifood.ch\/produit\/polenta-3kg-dlc-courte\/#breadcrumb"},"inLanguage":"de","potentialAction":[{"@type":"ReadAction","target":["https:\/\/dicifood.ch\/produit\/polenta-3kg-dlc-courte\/"]}]},{"@type":"ImageObject","inLanguage":"de","@id":"https:\/\/dicifood.ch\/produit\/polenta-3kg-dlc-courte\/#primaryimage","url":"https:\/\/dicifood.ch\/wp-content\/uploads\/2023\/03\/Polenta-3kg-scaled.png","contentUrl":"https:\/\/dicifood.ch\/wp-content\/uploads\/2023\/03\/Polenta-3kg-scaled.png","width":1810,"height":2560,"caption":"Polenta"},{"@type":"BreadcrumbList","@id":"https:\/\/dicifood.ch\/produit\/polenta-3kg-dlc-courte\/#breadcrumb","itemListElement":[{"@type":"ListItem","position":1,"name":"Accueil","item":"https:\/\/dicifood.ch\/"},{"@type":"ListItem","position":2,"name":"Boutique","item":"https:\/\/dicifood.ch\/boutique\/"},{"@type":"ListItem","position":3,"name":"Polenta 3kg (DLC courte)"}]},{"@type":"WebSite","@id":"https:\/\/dicifood.ch\/#website","url":"https:\/\/dicifood.ch\/","name":"Dicifood","description":"De la fourche \u00e0 la fourchette","potentialAction":[{"@type":"SearchAction","target":{"@type":"EntryPoint","urlTemplate":"https:\/\/dicifood.ch\/?s={search_term_string}"},"query-input":{"@type":"PropertyValueSpecification","valueRequired":true,"valueName":"search_term_string"}}],"inLanguage":"de"}]}},"_links":{"self":[{"href":"https:\/\/dicifood.ch\/de\/wp-json\/wp\/v2\/product\/12564","targetHints":{"allow":["GET"]}}],"collection":[{"href":"https:\/\/dicifood.ch\/de\/wp-json\/wp\/v2\/product"}],"about":[{"href":"https:\/\/dicifood.ch\/de\/wp-json\/wp\/v2\/types\/product"}],"replies":[{"embeddable":true,"href":"https:\/\/dicifood.ch\/de\/wp-json\/wp\/v2\/comments?post=12564"}],"wp:featuredmedia":[{"embeddable":true,"href":"https:\/\/dicifood.ch\/de\/wp-json\/wp\/v2\/media\/11738"}],"wp:attachment":[{"href":"https:\/\/dicifood.ch\/de\/wp-json\/wp\/v2\/media?parent=12564"}],"wp:term":[{"taxonomy":"product_brand","embeddable":true,"href":"https:\/\/dicifood.ch\/de\/wp-json\/wp\/v2\/product_brand?post=12564"},{"taxonomy":"product_cat","embeddable":true,"href":"https:\/\/dicifood.ch\/de\/wp-json\/wp\/v2\/product_cat?post=12564"},{"taxonomy":"product_tag","embeddable":true,"href":"https:\/\/dicifood.ch\/de\/wp-json\/wp\/v2\/product_tag?post=12564"}],"curies":[{"name":"wp","href":"https:\/\/api.w.org\/{rel}","templated":true}]}}