{"id":12204,"date":"2025-04-30T11:02:19","date_gmt":"2025-04-30T09:02:19","guid":{"rendered":"https:\/\/dicifood.ch\/?post_type=product&#038;p=12204"},"modified":"2026-02-05T14:41:21","modified_gmt":"2026-02-05T13:41:21","slug":"pack-degustation-noisettes-suisses-600g","status":"publish","type":"product","link":"https:\/\/dicifood.ch\/de\/produkt\/pack-degustation-noisettes-suisses-600g\/","title":{"rendered":"Pack d\u00e9gustation noisettes suisses 550g"},"content":{"rendered":"<p>D\u00e9couvrez nos trois sp\u00e9cialit\u00e9s \u00e0 base de noisettes suisses, cultiv\u00e9es avec soin par des agriculteurs vaudois. Red\u00e9couvrez l\u2019intensit\u00e9 du vrai go\u00fbt de la noisette fra\u00eeche \u2013 pour une pause locale ou une recette pleine de gourmandise.<\/p>\n<p>Conditionn\u00e9 chez:<\/p>\n<p><a href=\"https:\/\/www.afiro.ch\/association\"><img decoding=\"async\" class=\"alignnone wp-image-5346\" src=\"https:\/\/dicifood.ch\/wp-content\/uploads\/2023\/03\/afiro-300x136.png\" alt=\"\" width=\"221\" height=\"100\" srcset=\"https:\/\/dicifood.ch\/wp-content\/uploads\/2023\/03\/afiro-300x136.png 300w, https:\/\/dicifood.ch\/wp-content\/uploads\/2023\/03\/afiro.png 332w\" sizes=\"(max-width: 221px) 100vw, 221px\" \/><\/a><\/p>","protected":false},"excerpt":{"rendered":"<p>En choisissant Dicifood, vous soutenez une agriculture locale et durable, favorisez des pratiques respectueuses de la nature et participez \u00e0 la pr\u00e9servation de l\u2019environnement. Tout cela en profitant de produits sains et de qualit\u00e9 sup\u00e9rieure.<\/p>\n<p>&nbsp;<\/p>\n<p><img decoding=\"async\" class=\"alignnone wp-image-11214 size-medium\" src=\"https:\/\/dicifood.ch\/wp-content\/uploads\/2023\/02\/2_Primary_color_border_screened_A-300x139.png\" alt=\"\" width=\"300\" height=\"139\" srcset=\"https:\/\/dicifood.ch\/wp-content\/uploads\/2023\/02\/2_Primary_color_border_screened_A-300x139.png 300w, https:\/\/dicifood.ch\/wp-content\/uploads\/2023\/02\/2_Primary_color_border_screened_A-600x279.png 600w, https:\/\/dicifood.ch\/wp-content\/uploads\/2023\/02\/2_Primary_color_border_screened_A-1024x476.png 1024w, https:\/\/dicifood.ch\/wp-content\/uploads\/2023\/02\/2_Primary_color_border_screened_A-768x357.png 768w, https:\/\/dicifood.ch\/wp-content\/uploads\/2023\/02\/2_Primary_color_border_screened_A-1536x713.png 1536w, https:\/\/dicifood.ch\/wp-content\/uploads\/2023\/02\/2_Primary_color_border_screened_A-2048x951.png 2048w, https:\/\/dicifood.ch\/wp-content\/uploads\/2023\/02\/2_Primary_color_border_screened_A-18x8.png 18w\" sizes=\"(max-width: 300px) 100vw, 300px\" \/><\/p>","protected":false},"featured_media":12209,"comment_status":"closed","ping_status":"closed","template":"","meta":[],"product_brand":[],"product_cat":[230,120,110],"product_tag":[261,260,259,233,262],"class_list":{"0":"post-12204","1":"product","2":"type-product","3":"status-publish","4":"has-post-thumbnail","6":"product_cat-fruits-a-coque","7":"product_cat-noisettes","8":"product_cat-petits-emballages-100-400g","9":"product_tag-chocolat","10":"product_tag-moulue","11":"product_tag-noisettes","12":"product_tag-suisse","13":"product_tag-torrefiee","15":"first","16":"instock","17":"taxable","18":"shipping-taxable","19":"purchasable","20":"product-type-simple"},"yoast_head":"<!-- This site is optimized with the Yoast SEO plugin v27.4 - https:\/\/yoast.com\/product\/yoast-seo-wordpress\/ -->\n<title>Pack d\u00e9gustation noisettes suisses 550g - Dicifood<\/title>\n<meta name=\"robots\" content=\"index, follow, max-snippet:-1, max-image-preview:large, max-video-preview:-1\" \/>\n<link rel=\"canonical\" href=\"https:\/\/dicifood.ch\/de\/produkt\/pack-degustation-noisettes-suisses-600g\/\" \/>\n<meta property=\"og:locale\" content=\"de_DE\" \/>\n<meta property=\"og:type\" content=\"article\" \/>\n<meta property=\"og:title\" content=\"Pack d\u00e9gustation noisettes suisses 550g - Dicifood\" \/>\n<meta property=\"og:description\" content=\"En choisissant Dicifood, vous soutenez une agriculture locale et durable, favorisez des pratiques respectueuses de la nature et participez \u00e0 la pr\u00e9servation de l\u2019environnement. Tout cela en profitant de produits sains et de qualit\u00e9 sup\u00e9rieure.  &nbsp;\" \/>\n<meta property=\"og:url\" content=\"https:\/\/dicifood.ch\/de\/produkt\/pack-degustation-noisettes-suisses-600g\/\" \/>\n<meta property=\"og:site_name\" content=\"Dicifood\" \/>\n<meta property=\"article:modified_time\" content=\"2026-02-05T13:41:21+00:00\" \/>\n<meta property=\"og:image\" content=\"https:\/\/dicifood.ch\/wp-content\/uploads\/2025\/04\/Pack-degustation-noisettes.png\" \/>\n\t<meta property=\"og:image:width\" content=\"1080\" \/>\n\t<meta property=\"og:image:height\" content=\"1080\" \/>\n\t<meta property=\"og:image:type\" content=\"image\/png\" \/>\n<meta name=\"twitter:card\" content=\"summary_large_image\" \/>\n<meta name=\"twitter:label1\" content=\"Gesch\u00e4tzte Lesezeit\" \/>\n\t<meta name=\"twitter:data1\" content=\"1\u00a0Minute\" \/>\n<script type=\"application\/ld+json\" class=\"yoast-schema-graph\">{\"@context\":\"https:\\\/\\\/schema.org\",\"@graph\":[{\"@type\":\"WebPage\",\"@id\":\"https:\\\/\\\/dicifood.ch\\\/produit\\\/pack-degustation-noisettes-suisses-600g\\\/\",\"url\":\"https:\\\/\\\/dicifood.ch\\\/produit\\\/pack-degustation-noisettes-suisses-600g\\\/\",\"name\":\"Pack d\u00e9gustation noisettes suisses 550g - Dicifood\",\"isPartOf\":{\"@id\":\"https:\\\/\\\/dicifood.ch\\\/#website\"},\"primaryImageOfPage\":{\"@id\":\"https:\\\/\\\/dicifood.ch\\\/produit\\\/pack-degustation-noisettes-suisses-600g\\\/#primaryimage\"},\"image\":{\"@id\":\"https:\\\/\\\/dicifood.ch\\\/produit\\\/pack-degustation-noisettes-suisses-600g\\\/#primaryimage\"},\"thumbnailUrl\":\"https:\\\/\\\/dicifood.ch\\\/wp-content\\\/uploads\\\/2025\\\/04\\\/Pack-degustation-noisettes.png\",\"datePublished\":\"2025-04-30T09:02:19+00:00\",\"dateModified\":\"2026-02-05T13:41:21+00:00\",\"breadcrumb\":{\"@id\":\"https:\\\/\\\/dicifood.ch\\\/produit\\\/pack-degustation-noisettes-suisses-600g\\\/#breadcrumb\"},\"inLanguage\":\"de\",\"potentialAction\":[{\"@type\":\"ReadAction\",\"target\":[\"https:\\\/\\\/dicifood.ch\\\/produit\\\/pack-degustation-noisettes-suisses-600g\\\/\"]}]},{\"@type\":\"ImageObject\",\"inLanguage\":\"de\",\"@id\":\"https:\\\/\\\/dicifood.ch\\\/produit\\\/pack-degustation-noisettes-suisses-600g\\\/#primaryimage\",\"url\":\"https:\\\/\\\/dicifood.ch\\\/wp-content\\\/uploads\\\/2025\\\/04\\\/Pack-degustation-noisettes.png\",\"contentUrl\":\"https:\\\/\\\/dicifood.ch\\\/wp-content\\\/uploads\\\/2025\\\/04\\\/Pack-degustation-noisettes.png\",\"width\":1080,\"height\":1080},{\"@type\":\"BreadcrumbList\",\"@id\":\"https:\\\/\\\/dicifood.ch\\\/produit\\\/pack-degustation-noisettes-suisses-600g\\\/#breadcrumb\",\"itemListElement\":[{\"@type\":\"ListItem\",\"position\":1,\"name\":\"Accueil\",\"item\":\"https:\\\/\\\/dicifood.ch\\\/\"},{\"@type\":\"ListItem\",\"position\":2,\"name\":\"Boutique\",\"item\":\"https:\\\/\\\/dicifood.ch\\\/boutique\\\/\"},{\"@type\":\"ListItem\",\"position\":3,\"name\":\"Pack d\u00e9gustation noisettes suisses 550g\"}]},{\"@type\":\"WebSite\",\"@id\":\"https:\\\/\\\/dicifood.ch\\\/#website\",\"url\":\"https:\\\/\\\/dicifood.ch\\\/\",\"name\":\"Dicifood\",\"description\":\"De la fourche \u00e0 la fourchette\",\"potentialAction\":[{\"@type\":\"SearchAction\",\"target\":{\"@type\":\"EntryPoint\",\"urlTemplate\":\"https:\\\/\\\/dicifood.ch\\\/?s={search_term_string}\"},\"query-input\":{\"@type\":\"PropertyValueSpecification\",\"valueRequired\":true,\"valueName\":\"search_term_string\"}}],\"inLanguage\":\"de\"}]}<\/script>\n<!-- \/ Yoast SEO plugin. -->","yoast_head_json":{"title":"Pack d\u00e9gustation noisettes suisses 550g - Dicifood","robots":{"index":"index","follow":"follow","max-snippet":"max-snippet:-1","max-image-preview":"max-image-preview:large","max-video-preview":"max-video-preview:-1"},"canonical":"https:\/\/dicifood.ch\/de\/produkt\/pack-degustation-noisettes-suisses-600g\/","og_locale":"de_DE","og_type":"article","og_title":"Pack d\u00e9gustation noisettes suisses 550g - Dicifood","og_description":"En choisissant Dicifood, vous soutenez une agriculture locale et durable, favorisez des pratiques respectueuses de la nature et participez \u00e0 la pr\u00e9servation de l\u2019environnement. Tout cela en profitant de produits sains et de qualit\u00e9 sup\u00e9rieure.  &nbsp;","og_url":"https:\/\/dicifood.ch\/de\/produkt\/pack-degustation-noisettes-suisses-600g\/","og_site_name":"Dicifood","article_modified_time":"2026-02-05T13:41:21+00:00","og_image":[{"width":1080,"height":1080,"url":"https:\/\/dicifood.ch\/wp-content\/uploads\/2025\/04\/Pack-degustation-noisettes.png","type":"image\/png"}],"twitter_card":"summary_large_image","twitter_misc":{"Gesch\u00e4tzte Lesezeit":"1\u00a0Minute"},"schema":{"@context":"https:\/\/schema.org","@graph":[{"@type":"WebPage","@id":"https:\/\/dicifood.ch\/produit\/pack-degustation-noisettes-suisses-600g\/","url":"https:\/\/dicifood.ch\/produit\/pack-degustation-noisettes-suisses-600g\/","name":"Pack d\u00e9gustation noisettes suisses 550g - Dicifood","isPartOf":{"@id":"https:\/\/dicifood.ch\/#website"},"primaryImageOfPage":{"@id":"https:\/\/dicifood.ch\/produit\/pack-degustation-noisettes-suisses-600g\/#primaryimage"},"image":{"@id":"https:\/\/dicifood.ch\/produit\/pack-degustation-noisettes-suisses-600g\/#primaryimage"},"thumbnailUrl":"https:\/\/dicifood.ch\/wp-content\/uploads\/2025\/04\/Pack-degustation-noisettes.png","datePublished":"2025-04-30T09:02:19+00:00","dateModified":"2026-02-05T13:41:21+00:00","breadcrumb":{"@id":"https:\/\/dicifood.ch\/produit\/pack-degustation-noisettes-suisses-600g\/#breadcrumb"},"inLanguage":"de","potentialAction":[{"@type":"ReadAction","target":["https:\/\/dicifood.ch\/produit\/pack-degustation-noisettes-suisses-600g\/"]}]},{"@type":"ImageObject","inLanguage":"de","@id":"https:\/\/dicifood.ch\/produit\/pack-degustation-noisettes-suisses-600g\/#primaryimage","url":"https:\/\/dicifood.ch\/wp-content\/uploads\/2025\/04\/Pack-degustation-noisettes.png","contentUrl":"https:\/\/dicifood.ch\/wp-content\/uploads\/2025\/04\/Pack-degustation-noisettes.png","width":1080,"height":1080},{"@type":"BreadcrumbList","@id":"https:\/\/dicifood.ch\/produit\/pack-degustation-noisettes-suisses-600g\/#breadcrumb","itemListElement":[{"@type":"ListItem","position":1,"name":"Accueil","item":"https:\/\/dicifood.ch\/"},{"@type":"ListItem","position":2,"name":"Boutique","item":"https:\/\/dicifood.ch\/boutique\/"},{"@type":"ListItem","position":3,"name":"Pack d\u00e9gustation noisettes suisses 550g"}]},{"@type":"WebSite","@id":"https:\/\/dicifood.ch\/#website","url":"https:\/\/dicifood.ch\/","name":"Dicifood","description":"De la fourche \u00e0 la fourchette","potentialAction":[{"@type":"SearchAction","target":{"@type":"EntryPoint","urlTemplate":"https:\/\/dicifood.ch\/?s={search_term_string}"},"query-input":{"@type":"PropertyValueSpecification","valueRequired":true,"valueName":"search_term_string"}}],"inLanguage":"de"}]}},"_links":{"self":[{"href":"https:\/\/dicifood.ch\/de\/wp-json\/wp\/v2\/product\/12204","targetHints":{"allow":["GET"]}}],"collection":[{"href":"https:\/\/dicifood.ch\/de\/wp-json\/wp\/v2\/product"}],"about":[{"href":"https:\/\/dicifood.ch\/de\/wp-json\/wp\/v2\/types\/product"}],"replies":[{"embeddable":true,"href":"https:\/\/dicifood.ch\/de\/wp-json\/wp\/v2\/comments?post=12204"}],"wp:featuredmedia":[{"embeddable":true,"href":"https:\/\/dicifood.ch\/de\/wp-json\/wp\/v2\/media\/12209"}],"wp:attachment":[{"href":"https:\/\/dicifood.ch\/de\/wp-json\/wp\/v2\/media?parent=12204"}],"wp:term":[{"taxonomy":"product_brand","embeddable":true,"href":"https:\/\/dicifood.ch\/de\/wp-json\/wp\/v2\/product_brand?post=12204"},{"taxonomy":"product_cat","embeddable":true,"href":"https:\/\/dicifood.ch\/de\/wp-json\/wp\/v2\/product_cat?post=12204"},{"taxonomy":"product_tag","embeddable":true,"href":"https:\/\/dicifood.ch\/de\/wp-json\/wp\/v2\/product_tag?post=12204"}],"curies":[{"name":"wp","href":"https:\/\/api.w.org\/{rel}","templated":true}]}}