{"id":12091,"date":"2025-03-04T10:07:20","date_gmt":"2025-03-04T09:07:20","guid":{"rendered":"https:\/\/dicifood.ch\/?post_type=product&#038;p=12091"},"modified":"2026-04-27T14:06:28","modified_gmt":"2026-04-27T12:06:28","slug":"amandes-entieres-vaudoises","status":"publish","type":"product","link":"https:\/\/dicifood.ch\/de\/produkt\/amandes-entieres-vaudoises\/","title":{"rendered":"Amandes enti\u00e8res vaudoises 300g"},"content":{"rendered":"<p>Craquez pour une exclusivit\u00e9 100% vaudoise! Nos amandes enti\u00e8res, cultiv\u00e9es localement, sont une premi\u00e8re du genre. Riche en go\u00fbt et en nutriments, c&rsquo;est le snack parfait pour allier plaisir et \u00e9quilibre. \u00c0 grignoter nature ou \u00e0 int\u00e9grer dans vos recettes pr\u00e9f\u00e9r\u00e9es!<\/p>\n<p>Conditionn\u00e9 chez:<\/p>\n<p><a href=\"https:\/\/www.afiro.ch\/association\"><img decoding=\"async\" class=\"alignnone wp-image-5346\" src=\"https:\/\/dicifood.ch\/wp-content\/uploads\/2023\/03\/afiro-300x136.png\" alt=\"\" width=\"221\" height=\"100\" srcset=\"https:\/\/dicifood.ch\/wp-content\/uploads\/2023\/03\/afiro-300x136.png 300w, https:\/\/dicifood.ch\/wp-content\/uploads\/2023\/03\/afiro.png 332w\" sizes=\"(max-width: 221px) 100vw, 221px\" \/><\/a><\/p>","protected":false},"excerpt":{"rendered":"<p>En choisissant Dicifood, vous soutenez une agriculture locale et durable, favorisez des pratiques respectueuses de la nature et participez \u00e0 la pr\u00e9servation de l\u2019environnement. Tout cela en profitant de produits sains et de qualit\u00e9 sup\u00e9rieure.<\/p>\n<p>&nbsp;<\/p>\n<p><img decoding=\"async\" class=\"alignnone wp-image-11214 size-medium\" src=\"https:\/\/dicifood.ch\/wp-content\/uploads\/2023\/02\/2_Primary_color_border_screened_A-300x139.png\" alt=\"\" width=\"300\" height=\"139\" srcset=\"https:\/\/dicifood.ch\/wp-content\/uploads\/2023\/02\/2_Primary_color_border_screened_A-300x139.png 300w, https:\/\/dicifood.ch\/wp-content\/uploads\/2023\/02\/2_Primary_color_border_screened_A-600x279.png 600w, https:\/\/dicifood.ch\/wp-content\/uploads\/2023\/02\/2_Primary_color_border_screened_A-1024x476.png 1024w, https:\/\/dicifood.ch\/wp-content\/uploads\/2023\/02\/2_Primary_color_border_screened_A-768x357.png 768w, https:\/\/dicifood.ch\/wp-content\/uploads\/2023\/02\/2_Primary_color_border_screened_A-1536x713.png 1536w, https:\/\/dicifood.ch\/wp-content\/uploads\/2023\/02\/2_Primary_color_border_screened_A-2048x951.png 2048w, https:\/\/dicifood.ch\/wp-content\/uploads\/2023\/02\/2_Primary_color_border_screened_A-18x8.png 18w\" sizes=\"(max-width: 300px) 100vw, 300px\" \/><\/p>","protected":false},"featured_media":12161,"comment_status":"closed","ping_status":"closed","template":"","meta":[],"product_brand":[],"product_cat":[230,110],"product_tag":[227,234,228,221,220,233,232],"class_list":{"0":"post-12091","1":"product","2":"type-product","3":"status-publish","4":"has-post-thumbnail","6":"product_cat-fruits-a-coque","7":"product_cat-petits-emballages-100-400g","8":"product_tag-alimentation","9":"product_tag-amandes","10":"product_tag-durable","11":"product_tag-local","12":"product_tag-sain","13":"product_tag-suisse","14":"product_tag-vaud","16":"first","17":"outofstock","18":"taxable","19":"shipping-taxable","20":"purchasable","21":"product-type-simple"},"yoast_head":"<!-- This site is optimized with the Yoast SEO plugin v27.5 - https:\/\/yoast.com\/product\/yoast-seo-wordpress\/ -->\n<title>Amandes enti\u00e8res vaudoises 300g - Dicifood<\/title>\n<meta name=\"robots\" content=\"index, follow, max-snippet:-1, max-image-preview:large, max-video-preview:-1\" \/>\n<link rel=\"canonical\" href=\"https:\/\/dicifood.ch\/de\/produkt\/amandes-entieres-vaudoises\/\" \/>\n<meta property=\"og:locale\" content=\"de_DE\" \/>\n<meta property=\"og:type\" content=\"article\" \/>\n<meta property=\"og:title\" content=\"Amandes enti\u00e8res vaudoises 300g - Dicifood\" \/>\n<meta property=\"og:description\" content=\"En choisissant Dicifood, vous soutenez une agriculture locale et durable, favorisez des pratiques respectueuses de la nature et participez \u00e0 la pr\u00e9servation de l\u2019environnement. Tout cela en profitant de produits sains et de qualit\u00e9 sup\u00e9rieure.  &nbsp;\" \/>\n<meta property=\"og:url\" content=\"https:\/\/dicifood.ch\/de\/produkt\/amandes-entieres-vaudoises\/\" \/>\n<meta property=\"og:site_name\" content=\"Dicifood\" \/>\n<meta property=\"article:modified_time\" content=\"2026-04-27T12:06:28+00:00\" \/>\n<meta property=\"og:image\" content=\"https:\/\/dicifood.ch\/wp-content\/uploads\/2025\/03\/Amandes-300g.png\" \/>\n\t<meta property=\"og:image:width\" content=\"1000\" \/>\n\t<meta property=\"og:image:height\" content=\"1000\" \/>\n\t<meta property=\"og:image:type\" content=\"image\/png\" \/>\n<meta name=\"twitter:card\" content=\"summary_large_image\" \/>\n<meta name=\"twitter:label1\" content=\"Gesch\u00e4tzte Lesezeit\" \/>\n\t<meta name=\"twitter:data1\" content=\"1\u00a0Minute\" \/>\n<script type=\"application\/ld+json\" class=\"yoast-schema-graph\">{\"@context\":\"https:\\\/\\\/schema.org\",\"@graph\":[{\"@type\":\"WebPage\",\"@id\":\"https:\\\/\\\/dicifood.ch\\\/produit\\\/amandes-entieres-vaudoises\\\/\",\"url\":\"https:\\\/\\\/dicifood.ch\\\/produit\\\/amandes-entieres-vaudoises\\\/\",\"name\":\"Amandes enti\u00e8res vaudoises 300g - Dicifood\",\"isPartOf\":{\"@id\":\"https:\\\/\\\/dicifood.ch\\\/#website\"},\"primaryImageOfPage\":{\"@id\":\"https:\\\/\\\/dicifood.ch\\\/produit\\\/amandes-entieres-vaudoises\\\/#primaryimage\"},\"image\":{\"@id\":\"https:\\\/\\\/dicifood.ch\\\/produit\\\/amandes-entieres-vaudoises\\\/#primaryimage\"},\"thumbnailUrl\":\"https:\\\/\\\/dicifood.ch\\\/wp-content\\\/uploads\\\/2025\\\/03\\\/Amandes-300g.png\",\"datePublished\":\"2025-03-04T09:07:20+00:00\",\"dateModified\":\"2026-04-27T12:06:28+00:00\",\"breadcrumb\":{\"@id\":\"https:\\\/\\\/dicifood.ch\\\/produit\\\/amandes-entieres-vaudoises\\\/#breadcrumb\"},\"inLanguage\":\"de\",\"potentialAction\":[{\"@type\":\"ReadAction\",\"target\":[\"https:\\\/\\\/dicifood.ch\\\/produit\\\/amandes-entieres-vaudoises\\\/\"]}]},{\"@type\":\"ImageObject\",\"inLanguage\":\"de\",\"@id\":\"https:\\\/\\\/dicifood.ch\\\/produit\\\/amandes-entieres-vaudoises\\\/#primaryimage\",\"url\":\"https:\\\/\\\/dicifood.ch\\\/wp-content\\\/uploads\\\/2025\\\/03\\\/Amandes-300g.png\",\"contentUrl\":\"https:\\\/\\\/dicifood.ch\\\/wp-content\\\/uploads\\\/2025\\\/03\\\/Amandes-300g.png\",\"width\":1000,\"height\":1000},{\"@type\":\"BreadcrumbList\",\"@id\":\"https:\\\/\\\/dicifood.ch\\\/produit\\\/amandes-entieres-vaudoises\\\/#breadcrumb\",\"itemListElement\":[{\"@type\":\"ListItem\",\"position\":1,\"name\":\"Accueil\",\"item\":\"https:\\\/\\\/dicifood.ch\\\/\"},{\"@type\":\"ListItem\",\"position\":2,\"name\":\"Boutique\",\"item\":\"https:\\\/\\\/dicifood.ch\\\/boutique\\\/\"},{\"@type\":\"ListItem\",\"position\":3,\"name\":\"Amandes enti\u00e8res vaudoises 300g\"}]},{\"@type\":\"WebSite\",\"@id\":\"https:\\\/\\\/dicifood.ch\\\/#website\",\"url\":\"https:\\\/\\\/dicifood.ch\\\/\",\"name\":\"Dicifood\",\"description\":\"De la fourche \u00e0 la fourchette\",\"potentialAction\":[{\"@type\":\"SearchAction\",\"target\":{\"@type\":\"EntryPoint\",\"urlTemplate\":\"https:\\\/\\\/dicifood.ch\\\/?s={search_term_string}\"},\"query-input\":{\"@type\":\"PropertyValueSpecification\",\"valueRequired\":true,\"valueName\":\"search_term_string\"}}],\"inLanguage\":\"de\"}]}<\/script>\n<!-- \/ Yoast SEO plugin. -->","yoast_head_json":{"title":"Amandes enti\u00e8res vaudoises 300g - Dicifood","robots":{"index":"index","follow":"follow","max-snippet":"max-snippet:-1","max-image-preview":"max-image-preview:large","max-video-preview":"max-video-preview:-1"},"canonical":"https:\/\/dicifood.ch\/de\/produkt\/amandes-entieres-vaudoises\/","og_locale":"de_DE","og_type":"article","og_title":"Amandes enti\u00e8res vaudoises 300g - Dicifood","og_description":"En choisissant Dicifood, vous soutenez une agriculture locale et durable, favorisez des pratiques respectueuses de la nature et participez \u00e0 la pr\u00e9servation de l\u2019environnement. Tout cela en profitant de produits sains et de qualit\u00e9 sup\u00e9rieure.  &nbsp;","og_url":"https:\/\/dicifood.ch\/de\/produkt\/amandes-entieres-vaudoises\/","og_site_name":"Dicifood","article_modified_time":"2026-04-27T12:06:28+00:00","og_image":[{"width":1000,"height":1000,"url":"https:\/\/dicifood.ch\/wp-content\/uploads\/2025\/03\/Amandes-300g.png","type":"image\/png"}],"twitter_card":"summary_large_image","twitter_misc":{"Gesch\u00e4tzte Lesezeit":"1\u00a0Minute"},"schema":{"@context":"https:\/\/schema.org","@graph":[{"@type":"WebPage","@id":"https:\/\/dicifood.ch\/produit\/amandes-entieres-vaudoises\/","url":"https:\/\/dicifood.ch\/produit\/amandes-entieres-vaudoises\/","name":"Amandes enti\u00e8res vaudoises 300g - Dicifood","isPartOf":{"@id":"https:\/\/dicifood.ch\/#website"},"primaryImageOfPage":{"@id":"https:\/\/dicifood.ch\/produit\/amandes-entieres-vaudoises\/#primaryimage"},"image":{"@id":"https:\/\/dicifood.ch\/produit\/amandes-entieres-vaudoises\/#primaryimage"},"thumbnailUrl":"https:\/\/dicifood.ch\/wp-content\/uploads\/2025\/03\/Amandes-300g.png","datePublished":"2025-03-04T09:07:20+00:00","dateModified":"2026-04-27T12:06:28+00:00","breadcrumb":{"@id":"https:\/\/dicifood.ch\/produit\/amandes-entieres-vaudoises\/#breadcrumb"},"inLanguage":"de","potentialAction":[{"@type":"ReadAction","target":["https:\/\/dicifood.ch\/produit\/amandes-entieres-vaudoises\/"]}]},{"@type":"ImageObject","inLanguage":"de","@id":"https:\/\/dicifood.ch\/produit\/amandes-entieres-vaudoises\/#primaryimage","url":"https:\/\/dicifood.ch\/wp-content\/uploads\/2025\/03\/Amandes-300g.png","contentUrl":"https:\/\/dicifood.ch\/wp-content\/uploads\/2025\/03\/Amandes-300g.png","width":1000,"height":1000},{"@type":"BreadcrumbList","@id":"https:\/\/dicifood.ch\/produit\/amandes-entieres-vaudoises\/#breadcrumb","itemListElement":[{"@type":"ListItem","position":1,"name":"Accueil","item":"https:\/\/dicifood.ch\/"},{"@type":"ListItem","position":2,"name":"Boutique","item":"https:\/\/dicifood.ch\/boutique\/"},{"@type":"ListItem","position":3,"name":"Amandes enti\u00e8res vaudoises 300g"}]},{"@type":"WebSite","@id":"https:\/\/dicifood.ch\/#website","url":"https:\/\/dicifood.ch\/","name":"Dicifood","description":"De la fourche \u00e0 la fourchette","potentialAction":[{"@type":"SearchAction","target":{"@type":"EntryPoint","urlTemplate":"https:\/\/dicifood.ch\/?s={search_term_string}"},"query-input":{"@type":"PropertyValueSpecification","valueRequired":true,"valueName":"search_term_string"}}],"inLanguage":"de"}]}},"_links":{"self":[{"href":"https:\/\/dicifood.ch\/de\/wp-json\/wp\/v2\/product\/12091","targetHints":{"allow":["GET"]}}],"collection":[{"href":"https:\/\/dicifood.ch\/de\/wp-json\/wp\/v2\/product"}],"about":[{"href":"https:\/\/dicifood.ch\/de\/wp-json\/wp\/v2\/types\/product"}],"replies":[{"embeddable":true,"href":"https:\/\/dicifood.ch\/de\/wp-json\/wp\/v2\/comments?post=12091"}],"wp:featuredmedia":[{"embeddable":true,"href":"https:\/\/dicifood.ch\/de\/wp-json\/wp\/v2\/media\/12161"}],"wp:attachment":[{"href":"https:\/\/dicifood.ch\/de\/wp-json\/wp\/v2\/media?parent=12091"}],"wp:term":[{"taxonomy":"product_brand","embeddable":true,"href":"https:\/\/dicifood.ch\/de\/wp-json\/wp\/v2\/product_brand?post=12091"},{"taxonomy":"product_cat","embeddable":true,"href":"https:\/\/dicifood.ch\/de\/wp-json\/wp\/v2\/product_cat?post=12091"},{"taxonomy":"product_tag","embeddable":true,"href":"https:\/\/dicifood.ch\/de\/wp-json\/wp\/v2\/product_tag?post=12091"}],"curies":[{"name":"wp","href":"https:\/\/api.w.org\/{rel}","templated":true}]}}