{"id":11989,"date":"2024-11-28T11:16:31","date_gmt":"2024-11-28T10:16:31","guid":{"rendered":"https:\/\/dicifood.ch\/?post_type=product&#038;p=11989"},"modified":"2025-10-01T00:00:34","modified_gmt":"2025-09-30T22:00:34","slug":"noisettes-suisses-au-chocolat-noir-200g","status":"publish","type":"product","link":"https:\/\/dicifood.ch\/de\/produkt\/noisettes-suisses-au-chocolat-noir-200g\/","title":{"rendered":"Noisettes suisses au chocolat 200g"},"content":{"rendered":"<p data-pm-slice=\"1 1 []\">Le meilleur de nos vergers et un chocolat noir d\u00e9licat pour cr\u00e9er une douceur irr\u00e9sistible. Un snack \u00e0 base de nos noisettes suisses riches en fibres et en bons nutriments, parfait pour une pause saine et savoureuse.<\/p>","protected":false},"excerpt":{"rendered":"<p>En choisissant nos produits, vous soutenez une agriculture locale et durable, contribuez \u00e0 la pr\u00e9servation de l&rsquo;environnement, et encouragez les pratiques agricoles respectueuses de la nature tout en b\u00e9n\u00e9ficiant de produits de qualit\u00e9 sup\u00e9rieure<\/p>\n<p><img decoding=\"async\" class=\"alignnone wp-image-11214 size-medium\" src=\"https:\/\/dicifood.ch\/wp-content\/uploads\/2023\/02\/2_Primary_color_border_screened_A-300x139.png\" alt=\"\" width=\"300\" height=\"139\" srcset=\"https:\/\/dicifood.ch\/wp-content\/uploads\/2023\/02\/2_Primary_color_border_screened_A-300x139.png 300w, https:\/\/dicifood.ch\/wp-content\/uploads\/2023\/02\/2_Primary_color_border_screened_A-600x279.png 600w, https:\/\/dicifood.ch\/wp-content\/uploads\/2023\/02\/2_Primary_color_border_screened_A-1024x476.png 1024w, https:\/\/dicifood.ch\/wp-content\/uploads\/2023\/02\/2_Primary_color_border_screened_A-768x357.png 768w, https:\/\/dicifood.ch\/wp-content\/uploads\/2023\/02\/2_Primary_color_border_screened_A-1536x713.png 1536w, https:\/\/dicifood.ch\/wp-content\/uploads\/2023\/02\/2_Primary_color_border_screened_A-2048x951.png 2048w, https:\/\/dicifood.ch\/wp-content\/uploads\/2023\/02\/2_Primary_color_border_screened_A-18x8.png 18w\" sizes=\"(max-width: 300px) 100vw, 300px\" \/><\/p>","protected":false},"featured_media":12163,"comment_status":"closed","ping_status":"closed","template":"","meta":[],"product_brand":[],"product_cat":[230,120,15],"product_tag":[],"class_list":{"0":"post-11989","1":"product","2":"type-product","3":"status-publish","4":"has-post-thumbnail","6":"product_cat-fruits-a-coque","7":"product_cat-noisettes","8":"product_cat-non-classe","10":"first","11":"instock","12":"taxable","13":"shipping-taxable","14":"purchasable","15":"product-type-simple"},"yoast_head":"<!-- This site is optimized with the Yoast SEO plugin v27.5 - https:\/\/yoast.com\/product\/yoast-seo-wordpress\/ -->\n<title>Noisettes suisses au chocolat 200g - Dicifood<\/title>\n<meta name=\"robots\" content=\"index, follow, max-snippet:-1, max-image-preview:large, max-video-preview:-1\" \/>\n<link rel=\"canonical\" href=\"https:\/\/dicifood.ch\/de\/produkt\/noisettes-suisses-au-chocolat-noir-200g\/\" \/>\n<meta property=\"og:locale\" content=\"de_DE\" \/>\n<meta property=\"og:type\" content=\"article\" \/>\n<meta property=\"og:title\" content=\"Noisettes suisses au chocolat 200g - Dicifood\" \/>\n<meta property=\"og:description\" content=\"En choisissant nos produits, vous soutenez une agriculture locale et durable, contribuez \u00e0 la pr\u00e9servation de l&#039;environnement, et encouragez les pratiques agricoles respectueuses de la nature tout en b\u00e9n\u00e9ficiant de produits de qualit\u00e9 sup\u00e9rieure\" \/>\n<meta property=\"og:url\" content=\"https:\/\/dicifood.ch\/de\/produkt\/noisettes-suisses-au-chocolat-noir-200g\/\" \/>\n<meta property=\"og:site_name\" content=\"Dicifood\" \/>\n<meta property=\"article:modified_time\" content=\"2025-09-30T22:00:34+00:00\" \/>\n<meta property=\"og:image\" content=\"https:\/\/dicifood.ch\/wp-content\/uploads\/2024\/11\/Noisettes-chocolat.png\" \/>\n\t<meta property=\"og:image:width\" content=\"1000\" \/>\n\t<meta property=\"og:image:height\" content=\"1000\" \/>\n\t<meta property=\"og:image:type\" content=\"image\/png\" \/>\n<meta name=\"twitter:card\" content=\"summary_large_image\" \/>\n<meta name=\"twitter:label1\" content=\"Gesch\u00e4tzte Lesezeit\" \/>\n\t<meta name=\"twitter:data1\" content=\"1\u00a0Minute\" \/>\n<script type=\"application\/ld+json\" class=\"yoast-schema-graph\">{\"@context\":\"https:\\\/\\\/schema.org\",\"@graph\":[{\"@type\":\"WebPage\",\"@id\":\"https:\\\/\\\/dicifood.ch\\\/produit\\\/noisettes-suisses-au-chocolat-noir-200g\\\/\",\"url\":\"https:\\\/\\\/dicifood.ch\\\/produit\\\/noisettes-suisses-au-chocolat-noir-200g\\\/\",\"name\":\"Noisettes suisses au chocolat 200g - Dicifood\",\"isPartOf\":{\"@id\":\"https:\\\/\\\/dicifood.ch\\\/#website\"},\"primaryImageOfPage\":{\"@id\":\"https:\\\/\\\/dicifood.ch\\\/produit\\\/noisettes-suisses-au-chocolat-noir-200g\\\/#primaryimage\"},\"image\":{\"@id\":\"https:\\\/\\\/dicifood.ch\\\/produit\\\/noisettes-suisses-au-chocolat-noir-200g\\\/#primaryimage\"},\"thumbnailUrl\":\"https:\\\/\\\/dicifood.ch\\\/wp-content\\\/uploads\\\/2024\\\/11\\\/Noisettes-chocolat.png\",\"datePublished\":\"2024-11-28T10:16:31+00:00\",\"dateModified\":\"2025-09-30T22:00:34+00:00\",\"breadcrumb\":{\"@id\":\"https:\\\/\\\/dicifood.ch\\\/produit\\\/noisettes-suisses-au-chocolat-noir-200g\\\/#breadcrumb\"},\"inLanguage\":\"de\",\"potentialAction\":[{\"@type\":\"ReadAction\",\"target\":[\"https:\\\/\\\/dicifood.ch\\\/produit\\\/noisettes-suisses-au-chocolat-noir-200g\\\/\"]}]},{\"@type\":\"ImageObject\",\"inLanguage\":\"de\",\"@id\":\"https:\\\/\\\/dicifood.ch\\\/produit\\\/noisettes-suisses-au-chocolat-noir-200g\\\/#primaryimage\",\"url\":\"https:\\\/\\\/dicifood.ch\\\/wp-content\\\/uploads\\\/2024\\\/11\\\/Noisettes-chocolat.png\",\"contentUrl\":\"https:\\\/\\\/dicifood.ch\\\/wp-content\\\/uploads\\\/2024\\\/11\\\/Noisettes-chocolat.png\",\"width\":1000,\"height\":1000},{\"@type\":\"BreadcrumbList\",\"@id\":\"https:\\\/\\\/dicifood.ch\\\/produit\\\/noisettes-suisses-au-chocolat-noir-200g\\\/#breadcrumb\",\"itemListElement\":[{\"@type\":\"ListItem\",\"position\":1,\"name\":\"Accueil\",\"item\":\"https:\\\/\\\/dicifood.ch\\\/\"},{\"@type\":\"ListItem\",\"position\":2,\"name\":\"Boutique\",\"item\":\"https:\\\/\\\/dicifood.ch\\\/boutique\\\/\"},{\"@type\":\"ListItem\",\"position\":3,\"name\":\"Noisettes suisses au chocolat 200g\"}]},{\"@type\":\"WebSite\",\"@id\":\"https:\\\/\\\/dicifood.ch\\\/#website\",\"url\":\"https:\\\/\\\/dicifood.ch\\\/\",\"name\":\"Dicifood\",\"description\":\"De la fourche \u00e0 la fourchette\",\"potentialAction\":[{\"@type\":\"SearchAction\",\"target\":{\"@type\":\"EntryPoint\",\"urlTemplate\":\"https:\\\/\\\/dicifood.ch\\\/?s={search_term_string}\"},\"query-input\":{\"@type\":\"PropertyValueSpecification\",\"valueRequired\":true,\"valueName\":\"search_term_string\"}}],\"inLanguage\":\"de\"}]}<\/script>\n<!-- \/ Yoast SEO plugin. -->","yoast_head_json":{"title":"Noisettes suisses au chocolat 200g - Dicifood","robots":{"index":"index","follow":"follow","max-snippet":"max-snippet:-1","max-image-preview":"max-image-preview:large","max-video-preview":"max-video-preview:-1"},"canonical":"https:\/\/dicifood.ch\/de\/produkt\/noisettes-suisses-au-chocolat-noir-200g\/","og_locale":"de_DE","og_type":"article","og_title":"Noisettes suisses au chocolat 200g - Dicifood","og_description":"En choisissant nos produits, vous soutenez une agriculture locale et durable, contribuez \u00e0 la pr\u00e9servation de l'environnement, et encouragez les pratiques agricoles respectueuses de la nature tout en b\u00e9n\u00e9ficiant de produits de qualit\u00e9 sup\u00e9rieure","og_url":"https:\/\/dicifood.ch\/de\/produkt\/noisettes-suisses-au-chocolat-noir-200g\/","og_site_name":"Dicifood","article_modified_time":"2025-09-30T22:00:34+00:00","og_image":[{"width":1000,"height":1000,"url":"https:\/\/dicifood.ch\/wp-content\/uploads\/2024\/11\/Noisettes-chocolat.png","type":"image\/png"}],"twitter_card":"summary_large_image","twitter_misc":{"Gesch\u00e4tzte Lesezeit":"1\u00a0Minute"},"schema":{"@context":"https:\/\/schema.org","@graph":[{"@type":"WebPage","@id":"https:\/\/dicifood.ch\/produit\/noisettes-suisses-au-chocolat-noir-200g\/","url":"https:\/\/dicifood.ch\/produit\/noisettes-suisses-au-chocolat-noir-200g\/","name":"Noisettes suisses au chocolat 200g - Dicifood","isPartOf":{"@id":"https:\/\/dicifood.ch\/#website"},"primaryImageOfPage":{"@id":"https:\/\/dicifood.ch\/produit\/noisettes-suisses-au-chocolat-noir-200g\/#primaryimage"},"image":{"@id":"https:\/\/dicifood.ch\/produit\/noisettes-suisses-au-chocolat-noir-200g\/#primaryimage"},"thumbnailUrl":"https:\/\/dicifood.ch\/wp-content\/uploads\/2024\/11\/Noisettes-chocolat.png","datePublished":"2024-11-28T10:16:31+00:00","dateModified":"2025-09-30T22:00:34+00:00","breadcrumb":{"@id":"https:\/\/dicifood.ch\/produit\/noisettes-suisses-au-chocolat-noir-200g\/#breadcrumb"},"inLanguage":"de","potentialAction":[{"@type":"ReadAction","target":["https:\/\/dicifood.ch\/produit\/noisettes-suisses-au-chocolat-noir-200g\/"]}]},{"@type":"ImageObject","inLanguage":"de","@id":"https:\/\/dicifood.ch\/produit\/noisettes-suisses-au-chocolat-noir-200g\/#primaryimage","url":"https:\/\/dicifood.ch\/wp-content\/uploads\/2024\/11\/Noisettes-chocolat.png","contentUrl":"https:\/\/dicifood.ch\/wp-content\/uploads\/2024\/11\/Noisettes-chocolat.png","width":1000,"height":1000},{"@type":"BreadcrumbList","@id":"https:\/\/dicifood.ch\/produit\/noisettes-suisses-au-chocolat-noir-200g\/#breadcrumb","itemListElement":[{"@type":"ListItem","position":1,"name":"Accueil","item":"https:\/\/dicifood.ch\/"},{"@type":"ListItem","position":2,"name":"Boutique","item":"https:\/\/dicifood.ch\/boutique\/"},{"@type":"ListItem","position":3,"name":"Noisettes suisses au chocolat 200g"}]},{"@type":"WebSite","@id":"https:\/\/dicifood.ch\/#website","url":"https:\/\/dicifood.ch\/","name":"Dicifood","description":"De la fourche \u00e0 la fourchette","potentialAction":[{"@type":"SearchAction","target":{"@type":"EntryPoint","urlTemplate":"https:\/\/dicifood.ch\/?s={search_term_string}"},"query-input":{"@type":"PropertyValueSpecification","valueRequired":true,"valueName":"search_term_string"}}],"inLanguage":"de"}]}},"_links":{"self":[{"href":"https:\/\/dicifood.ch\/de\/wp-json\/wp\/v2\/product\/11989","targetHints":{"allow":["GET"]}}],"collection":[{"href":"https:\/\/dicifood.ch\/de\/wp-json\/wp\/v2\/product"}],"about":[{"href":"https:\/\/dicifood.ch\/de\/wp-json\/wp\/v2\/types\/product"}],"replies":[{"embeddable":true,"href":"https:\/\/dicifood.ch\/de\/wp-json\/wp\/v2\/comments?post=11989"}],"wp:featuredmedia":[{"embeddable":true,"href":"https:\/\/dicifood.ch\/de\/wp-json\/wp\/v2\/media\/12163"}],"wp:attachment":[{"href":"https:\/\/dicifood.ch\/de\/wp-json\/wp\/v2\/media?parent=11989"}],"wp:term":[{"taxonomy":"product_brand","embeddable":true,"href":"https:\/\/dicifood.ch\/de\/wp-json\/wp\/v2\/product_brand?post=11989"},{"taxonomy":"product_cat","embeddable":true,"href":"https:\/\/dicifood.ch\/de\/wp-json\/wp\/v2\/product_cat?post=11989"},{"taxonomy":"product_tag","embeddable":true,"href":"https:\/\/dicifood.ch\/de\/wp-json\/wp\/v2\/product_tag?post=11989"}],"curies":[{"name":"wp","href":"https:\/\/api.w.org\/{rel}","templated":true}]}}