{"id":11514,"date":"2024-02-06T11:37:13","date_gmt":"2024-02-06T10:37:13","guid":{"rendered":"https:\/\/dicifood.ch\/?post_type=product&#038;p=11514"},"modified":"2026-03-23T15:04:21","modified_gmt":"2026-03-23T14:04:21","slug":"purepeautre-350g-copie","status":"publish","type":"product","link":"https:\/\/dicifood.ch\/de\/produkt\/purepeautre-350g-copie\/","title":{"rendered":"\u00c9peautre 5kg"},"content":{"rendered":"<p>L&rsquo;\u00e9peautre a \u00e9t\u00e9 pendant des si\u00e8cles la principale c\u00e9r\u00e9ale panifiable en Suisse, jusqu&rsquo;au tournant du 20\u00e8me si\u00e8cle o\u00f9 il a \u00e9t\u00e9 largement remplac\u00e9 par les vari\u00e9t\u00e9s modernes de bl\u00e9. Cependant, gr\u00e2ce \u00e0 l&rsquo;engagement passionn\u00e9 des agriculteurs, meuniers et boulangers de la Communaut\u00e9 d&rsquo;int\u00e9r\u00eat pour la promotion de l&rsquo;\u00e9peautre depuis 1995, cette c\u00e9r\u00e9ale unique en son genre a \u00e9t\u00e9 pr\u00e9serv\u00e9e.<\/p>\n<p>Les produits issus de pures et authentiques vari\u00e9t\u00e9s d&rsquo;\u00e9peautre suisses sont d\u00e9sormais r\u00e9unis sous la marque de qualit\u00e9 PurEpeautre, incarnant un v\u00e9ritable \u00e9l\u00e9ment de notre culture c\u00e9r\u00e9ali\u00e8re suisse. En choisissant notre pur \u00e9peautre suisse, vous optez pour un produit qui incarne l&rsquo;histoire, la qualit\u00e9 et le savoir-faire traditionnel de notre pays.<\/p>\n<p>&nbsp;<\/p>\n<p>Conditionn\u00e9 chez:<\/p>\n<p><a href=\"https:\/\/www.afiro.ch\/association\"><img decoding=\"async\" class=\"alignnone wp-image-5346\" src=\"https:\/\/dicifood.ch\/wp-content\/uploads\/2023\/03\/afiro-300x136.png\" alt=\"\" width=\"221\" height=\"100\" srcset=\"https:\/\/dicifood.ch\/wp-content\/uploads\/2023\/03\/afiro-300x136.png 300w, https:\/\/dicifood.ch\/wp-content\/uploads\/2023\/03\/afiro.png 332w\" sizes=\"(max-width: 221px) 100vw, 221px\" \/><\/a><\/p>","protected":false},"excerpt":{"rendered":"<p>En choisissant notre \u00e9peautre suisse d\u00e9cortiqu\u00e9 et poli, vous optez pour un produit qui incarne l&rsquo;histoire, la qualit\u00e9 et le savoir-faire traditionnel de notre pays.<\/p>\n<p><img decoding=\"async\" class=\"alignnone wp-image-11214 size-medium\" src=\"https:\/\/dicifood.ch\/wp-content\/uploads\/2023\/02\/2_Primary_color_border_screened_A-300x139.png\" alt=\"\" width=\"300\" height=\"139\" srcset=\"https:\/\/dicifood.ch\/wp-content\/uploads\/2023\/02\/2_Primary_color_border_screened_A-300x139.png 300w, https:\/\/dicifood.ch\/wp-content\/uploads\/2023\/02\/2_Primary_color_border_screened_A-600x279.png 600w, https:\/\/dicifood.ch\/wp-content\/uploads\/2023\/02\/2_Primary_color_border_screened_A-1024x476.png 1024w, https:\/\/dicifood.ch\/wp-content\/uploads\/2023\/02\/2_Primary_color_border_screened_A-768x357.png 768w, https:\/\/dicifood.ch\/wp-content\/uploads\/2023\/02\/2_Primary_color_border_screened_A-1536x713.png 1536w, https:\/\/dicifood.ch\/wp-content\/uploads\/2023\/02\/2_Primary_color_border_screened_A-2048x951.png 2048w, https:\/\/dicifood.ch\/wp-content\/uploads\/2023\/02\/2_Primary_color_border_screened_A-18x8.png 18w\" sizes=\"(max-width: 300px) 100vw, 300px\" \/><\/p>","protected":false},"featured_media":12732,"comment_status":"open","ping_status":"closed","template":"","meta":[],"product_brand":[],"product_cat":[119,218,115],"product_tag":[],"class_list":{"0":"post-11514","1":"product","2":"type-product","3":"status-publish","4":"has-post-thumbnail","6":"product_cat-cereales","7":"product_cat-epeautre","8":"product_cat-grands-emballages-3-5-kg","10":"first","11":"instock","12":"taxable","13":"shipping-taxable","14":"purchasable","15":"product-type-simple"},"yoast_head":"<!-- This site is optimized with the Yoast SEO plugin v27.4 - https:\/\/yoast.com\/product\/yoast-seo-wordpress\/ -->\n<title>\u00c9peautre 5kg - Dicifood<\/title>\n<meta name=\"robots\" content=\"index, follow, max-snippet:-1, max-image-preview:large, max-video-preview:-1\" \/>\n<link rel=\"canonical\" href=\"https:\/\/dicifood.ch\/de\/produkt\/purepeautre-350g-copie\/\" \/>\n<meta property=\"og:locale\" content=\"de_DE\" \/>\n<meta property=\"og:type\" content=\"article\" \/>\n<meta property=\"og:title\" content=\"\u00c9peautre 5kg - Dicifood\" \/>\n<meta property=\"og:description\" content=\"En choisissant notre \u00e9peautre suisse d\u00e9cortiqu\u00e9 et poli, vous optez pour un produit qui incarne l&#039;histoire, la qualit\u00e9 et le savoir-faire traditionnel de notre pays.\" \/>\n<meta property=\"og:url\" content=\"https:\/\/dicifood.ch\/de\/produkt\/purepeautre-350g-copie\/\" \/>\n<meta property=\"og:site_name\" content=\"Dicifood\" \/>\n<meta property=\"article:modified_time\" content=\"2026-03-23T14:04:21+00:00\" \/>\n<meta property=\"og:image\" content=\"https:\/\/dicifood.ch\/wp-content\/uploads\/2024\/02\/Sujet-8-818x1024.png\" \/>\n\t<meta property=\"og:image:width\" content=\"818\" \/>\n\t<meta property=\"og:image:height\" content=\"1024\" \/>\n\t<meta property=\"og:image:type\" content=\"image\/png\" \/>\n<meta name=\"twitter:card\" content=\"summary_large_image\" \/>\n<meta name=\"twitter:label1\" content=\"Gesch\u00e4tzte Lesezeit\" \/>\n\t<meta name=\"twitter:data1\" content=\"1\u00a0Minute\" \/>\n<script type=\"application\/ld+json\" class=\"yoast-schema-graph\">{\"@context\":\"https:\\\/\\\/schema.org\",\"@graph\":[{\"@type\":\"WebPage\",\"@id\":\"https:\\\/\\\/dicifood.ch\\\/produit\\\/purepeautre-350g-copie\\\/\",\"url\":\"https:\\\/\\\/dicifood.ch\\\/produit\\\/purepeautre-350g-copie\\\/\",\"name\":\"\u00c9peautre 5kg - Dicifood\",\"isPartOf\":{\"@id\":\"https:\\\/\\\/dicifood.ch\\\/#website\"},\"primaryImageOfPage\":{\"@id\":\"https:\\\/\\\/dicifood.ch\\\/produit\\\/purepeautre-350g-copie\\\/#primaryimage\"},\"image\":{\"@id\":\"https:\\\/\\\/dicifood.ch\\\/produit\\\/purepeautre-350g-copie\\\/#primaryimage\"},\"thumbnailUrl\":\"https:\\\/\\\/dicifood.ch\\\/wp-content\\\/uploads\\\/2024\\\/02\\\/Sujet-8-scaled.png\",\"datePublished\":\"2024-02-06T10:37:13+00:00\",\"dateModified\":\"2026-03-23T14:04:21+00:00\",\"breadcrumb\":{\"@id\":\"https:\\\/\\\/dicifood.ch\\\/produit\\\/purepeautre-350g-copie\\\/#breadcrumb\"},\"inLanguage\":\"de\",\"potentialAction\":[{\"@type\":\"ReadAction\",\"target\":[\"https:\\\/\\\/dicifood.ch\\\/produit\\\/purepeautre-350g-copie\\\/\"]}]},{\"@type\":\"ImageObject\",\"inLanguage\":\"de\",\"@id\":\"https:\\\/\\\/dicifood.ch\\\/produit\\\/purepeautre-350g-copie\\\/#primaryimage\",\"url\":\"https:\\\/\\\/dicifood.ch\\\/wp-content\\\/uploads\\\/2024\\\/02\\\/Sujet-8-scaled.png\",\"contentUrl\":\"https:\\\/\\\/dicifood.ch\\\/wp-content\\\/uploads\\\/2024\\\/02\\\/Sujet-8-scaled.png\",\"width\":2046,\"height\":2560},{\"@type\":\"BreadcrumbList\",\"@id\":\"https:\\\/\\\/dicifood.ch\\\/produit\\\/purepeautre-350g-copie\\\/#breadcrumb\",\"itemListElement\":[{\"@type\":\"ListItem\",\"position\":1,\"name\":\"Accueil\",\"item\":\"https:\\\/\\\/dicifood.ch\\\/\"},{\"@type\":\"ListItem\",\"position\":2,\"name\":\"Boutique\",\"item\":\"https:\\\/\\\/dicifood.ch\\\/boutique\\\/\"},{\"@type\":\"ListItem\",\"position\":3,\"name\":\"\u00c9peautre 5kg\"}]},{\"@type\":\"WebSite\",\"@id\":\"https:\\\/\\\/dicifood.ch\\\/#website\",\"url\":\"https:\\\/\\\/dicifood.ch\\\/\",\"name\":\"Dicifood\",\"description\":\"De la fourche \u00e0 la fourchette\",\"potentialAction\":[{\"@type\":\"SearchAction\",\"target\":{\"@type\":\"EntryPoint\",\"urlTemplate\":\"https:\\\/\\\/dicifood.ch\\\/?s={search_term_string}\"},\"query-input\":{\"@type\":\"PropertyValueSpecification\",\"valueRequired\":true,\"valueName\":\"search_term_string\"}}],\"inLanguage\":\"de\"}]}<\/script>\n<!-- \/ Yoast SEO plugin. -->","yoast_head_json":{"title":"\u00c9peautre 5kg - Dicifood","robots":{"index":"index","follow":"follow","max-snippet":"max-snippet:-1","max-image-preview":"max-image-preview:large","max-video-preview":"max-video-preview:-1"},"canonical":"https:\/\/dicifood.ch\/de\/produkt\/purepeautre-350g-copie\/","og_locale":"de_DE","og_type":"article","og_title":"\u00c9peautre 5kg - Dicifood","og_description":"En choisissant notre \u00e9peautre suisse d\u00e9cortiqu\u00e9 et poli, vous optez pour un produit qui incarne l'histoire, la qualit\u00e9 et le savoir-faire traditionnel de notre pays.","og_url":"https:\/\/dicifood.ch\/de\/produkt\/purepeautre-350g-copie\/","og_site_name":"Dicifood","article_modified_time":"2026-03-23T14:04:21+00:00","og_image":[{"width":818,"height":1024,"url":"https:\/\/dicifood.ch\/wp-content\/uploads\/2024\/02\/Sujet-8-818x1024.png","type":"image\/png"}],"twitter_card":"summary_large_image","twitter_misc":{"Gesch\u00e4tzte Lesezeit":"1\u00a0Minute"},"schema":{"@context":"https:\/\/schema.org","@graph":[{"@type":"WebPage","@id":"https:\/\/dicifood.ch\/produit\/purepeautre-350g-copie\/","url":"https:\/\/dicifood.ch\/produit\/purepeautre-350g-copie\/","name":"\u00c9peautre 5kg - Dicifood","isPartOf":{"@id":"https:\/\/dicifood.ch\/#website"},"primaryImageOfPage":{"@id":"https:\/\/dicifood.ch\/produit\/purepeautre-350g-copie\/#primaryimage"},"image":{"@id":"https:\/\/dicifood.ch\/produit\/purepeautre-350g-copie\/#primaryimage"},"thumbnailUrl":"https:\/\/dicifood.ch\/wp-content\/uploads\/2024\/02\/Sujet-8-scaled.png","datePublished":"2024-02-06T10:37:13+00:00","dateModified":"2026-03-23T14:04:21+00:00","breadcrumb":{"@id":"https:\/\/dicifood.ch\/produit\/purepeautre-350g-copie\/#breadcrumb"},"inLanguage":"de","potentialAction":[{"@type":"ReadAction","target":["https:\/\/dicifood.ch\/produit\/purepeautre-350g-copie\/"]}]},{"@type":"ImageObject","inLanguage":"de","@id":"https:\/\/dicifood.ch\/produit\/purepeautre-350g-copie\/#primaryimage","url":"https:\/\/dicifood.ch\/wp-content\/uploads\/2024\/02\/Sujet-8-scaled.png","contentUrl":"https:\/\/dicifood.ch\/wp-content\/uploads\/2024\/02\/Sujet-8-scaled.png","width":2046,"height":2560},{"@type":"BreadcrumbList","@id":"https:\/\/dicifood.ch\/produit\/purepeautre-350g-copie\/#breadcrumb","itemListElement":[{"@type":"ListItem","position":1,"name":"Accueil","item":"https:\/\/dicifood.ch\/"},{"@type":"ListItem","position":2,"name":"Boutique","item":"https:\/\/dicifood.ch\/boutique\/"},{"@type":"ListItem","position":3,"name":"\u00c9peautre 5kg"}]},{"@type":"WebSite","@id":"https:\/\/dicifood.ch\/#website","url":"https:\/\/dicifood.ch\/","name":"Dicifood","description":"De la fourche \u00e0 la fourchette","potentialAction":[{"@type":"SearchAction","target":{"@type":"EntryPoint","urlTemplate":"https:\/\/dicifood.ch\/?s={search_term_string}"},"query-input":{"@type":"PropertyValueSpecification","valueRequired":true,"valueName":"search_term_string"}}],"inLanguage":"de"}]}},"_links":{"self":[{"href":"https:\/\/dicifood.ch\/de\/wp-json\/wp\/v2\/product\/11514","targetHints":{"allow":["GET"]}}],"collection":[{"href":"https:\/\/dicifood.ch\/de\/wp-json\/wp\/v2\/product"}],"about":[{"href":"https:\/\/dicifood.ch\/de\/wp-json\/wp\/v2\/types\/product"}],"replies":[{"embeddable":true,"href":"https:\/\/dicifood.ch\/de\/wp-json\/wp\/v2\/comments?post=11514"}],"wp:featuredmedia":[{"embeddable":true,"href":"https:\/\/dicifood.ch\/de\/wp-json\/wp\/v2\/media\/12732"}],"wp:attachment":[{"href":"https:\/\/dicifood.ch\/de\/wp-json\/wp\/v2\/media?parent=11514"}],"wp:term":[{"taxonomy":"product_brand","embeddable":true,"href":"https:\/\/dicifood.ch\/de\/wp-json\/wp\/v2\/product_brand?post=11514"},{"taxonomy":"product_cat","embeddable":true,"href":"https:\/\/dicifood.ch\/de\/wp-json\/wp\/v2\/product_cat?post=11514"},{"taxonomy":"product_tag","embeddable":true,"href":"https:\/\/dicifood.ch\/de\/wp-json\/wp\/v2\/product_tag?post=11514"}],"curies":[{"name":"wp","href":"https:\/\/api.w.org\/{rel}","templated":true}]}}