{"id":11406,"date":"2023-10-25T16:44:37","date_gmt":"2023-10-25T14:44:37","guid":{"rendered":"https:\/\/dicifood.ch\/?post_type=product&#038;p=11406"},"modified":"2025-09-01T09:49:13","modified_gmt":"2025-09-01T07:49:13","slug":"melange-falafel-de-laudato-si","status":"publish","type":"product","link":"https:\/\/dicifood.ch\/de\/produkt\/melange-falafel-de-laudato-si\/","title":{"rendered":"M\u00e9lange Falafel de Laudato Si"},"content":{"rendered":"<p>Nos amis de chez Laudato Si&rsquo; nous ont concoct\u00e9 ce d\u00e9licieux m\u00e9lange \u00e0 falafels aux pois-cass\u00e9s Dicifood pour que vous puissiez r\u00e9aliser vous-m\u00eame votre prochain repas aux saveurs orientales!<\/p>","protected":false},"excerpt":{"rendered":"<p>D\u00e9licieux m\u00e9lange \u00e0 falafel \u00e0 base de pois-cass\u00e9s Dicifood!<\/p>","protected":false},"featured_media":11407,"comment_status":"closed","ping_status":"closed","template":"","meta":[],"product_brand":[],"product_cat":[110,128],"product_tag":[],"class_list":{"0":"post-11406","1":"product","2":"type-product","3":"status-publish","4":"has-post-thumbnail","6":"product_cat-petits-emballages-100-400g","7":"product_cat-pois","9":"first","10":"instock","11":"taxable","12":"shipping-taxable","13":"purchasable","14":"product-type-simple"},"yoast_head":"<!-- This site is optimized with the Yoast SEO plugin v27.4 - https:\/\/yoast.com\/product\/yoast-seo-wordpress\/ -->\n<title>M\u00e9lange Falafel de Laudato Si - Dicifood<\/title>\n<meta name=\"robots\" content=\"index, follow, max-snippet:-1, max-image-preview:large, max-video-preview:-1\" \/>\n<link rel=\"canonical\" href=\"https:\/\/dicifood.ch\/de\/produkt\/melange-falafel-de-laudato-si\/\" \/>\n<meta property=\"og:locale\" content=\"de_DE\" \/>\n<meta property=\"og:type\" content=\"article\" \/>\n<meta property=\"og:title\" content=\"M\u00e9lange Falafel de Laudato Si - Dicifood\" \/>\n<meta property=\"og:description\" content=\"D\u00e9licieux m\u00e9lange \u00e0 falafel \u00e0 base de pois-cass\u00e9s Dicifood!\" \/>\n<meta property=\"og:url\" content=\"https:\/\/dicifood.ch\/de\/produkt\/melange-falafel-de-laudato-si\/\" \/>\n<meta property=\"og:site_name\" content=\"Dicifood\" \/>\n<meta property=\"article:modified_time\" content=\"2025-09-01T07:49:13+00:00\" \/>\n<meta property=\"og:image\" content=\"https:\/\/dicifood.ch\/wp-content\/uploads\/2023\/10\/falafel.jpg\" \/>\n\t<meta property=\"og:image:width\" content=\"1199\" \/>\n\t<meta property=\"og:image:height\" content=\"1600\" \/>\n\t<meta property=\"og:image:type\" content=\"image\/jpeg\" \/>\n<meta name=\"twitter:card\" content=\"summary_large_image\" \/>\n<meta name=\"twitter:label1\" content=\"Gesch\u00e4tzte Lesezeit\" \/>\n\t<meta name=\"twitter:data1\" content=\"1\u00a0Minute\" \/>\n<script type=\"application\/ld+json\" class=\"yoast-schema-graph\">{\"@context\":\"https:\\\/\\\/schema.org\",\"@graph\":[{\"@type\":\"WebPage\",\"@id\":\"https:\\\/\\\/dicifood.ch\\\/produit\\\/melange-falafel-de-laudato-si\\\/\",\"url\":\"https:\\\/\\\/dicifood.ch\\\/produit\\\/melange-falafel-de-laudato-si\\\/\",\"name\":\"M\u00e9lange Falafel de Laudato Si - Dicifood\",\"isPartOf\":{\"@id\":\"https:\\\/\\\/dicifood.ch\\\/#website\"},\"primaryImageOfPage\":{\"@id\":\"https:\\\/\\\/dicifood.ch\\\/produit\\\/melange-falafel-de-laudato-si\\\/#primaryimage\"},\"image\":{\"@id\":\"https:\\\/\\\/dicifood.ch\\\/produit\\\/melange-falafel-de-laudato-si\\\/#primaryimage\"},\"thumbnailUrl\":\"https:\\\/\\\/dicifood.ch\\\/wp-content\\\/uploads\\\/2023\\\/10\\\/falafel.jpg\",\"datePublished\":\"2023-10-25T14:44:37+00:00\",\"dateModified\":\"2025-09-01T07:49:13+00:00\",\"breadcrumb\":{\"@id\":\"https:\\\/\\\/dicifood.ch\\\/produit\\\/melange-falafel-de-laudato-si\\\/#breadcrumb\"},\"inLanguage\":\"de\",\"potentialAction\":[{\"@type\":\"ReadAction\",\"target\":[\"https:\\\/\\\/dicifood.ch\\\/produit\\\/melange-falafel-de-laudato-si\\\/\"]}]},{\"@type\":\"ImageObject\",\"inLanguage\":\"de\",\"@id\":\"https:\\\/\\\/dicifood.ch\\\/produit\\\/melange-falafel-de-laudato-si\\\/#primaryimage\",\"url\":\"https:\\\/\\\/dicifood.ch\\\/wp-content\\\/uploads\\\/2023\\\/10\\\/falafel.jpg\",\"contentUrl\":\"https:\\\/\\\/dicifood.ch\\\/wp-content\\\/uploads\\\/2023\\\/10\\\/falafel.jpg\",\"width\":1199,\"height\":1600,\"caption\":\"m\u00e9lange \u00e0 falafel\"},{\"@type\":\"BreadcrumbList\",\"@id\":\"https:\\\/\\\/dicifood.ch\\\/produit\\\/melange-falafel-de-laudato-si\\\/#breadcrumb\",\"itemListElement\":[{\"@type\":\"ListItem\",\"position\":1,\"name\":\"Accueil\",\"item\":\"https:\\\/\\\/dicifood.ch\\\/\"},{\"@type\":\"ListItem\",\"position\":2,\"name\":\"Boutique\",\"item\":\"https:\\\/\\\/dicifood.ch\\\/boutique\\\/\"},{\"@type\":\"ListItem\",\"position\":3,\"name\":\"M\u00e9lange Falafel de Laudato Si\"}]},{\"@type\":\"WebSite\",\"@id\":\"https:\\\/\\\/dicifood.ch\\\/#website\",\"url\":\"https:\\\/\\\/dicifood.ch\\\/\",\"name\":\"Dicifood\",\"description\":\"De la fourche \u00e0 la fourchette\",\"potentialAction\":[{\"@type\":\"SearchAction\",\"target\":{\"@type\":\"EntryPoint\",\"urlTemplate\":\"https:\\\/\\\/dicifood.ch\\\/?s={search_term_string}\"},\"query-input\":{\"@type\":\"PropertyValueSpecification\",\"valueRequired\":true,\"valueName\":\"search_term_string\"}}],\"inLanguage\":\"de\"}]}<\/script>\n<!-- \/ Yoast SEO plugin. -->","yoast_head_json":{"title":"M\u00e9lange Falafel de Laudato Si - Dicifood","robots":{"index":"index","follow":"follow","max-snippet":"max-snippet:-1","max-image-preview":"max-image-preview:large","max-video-preview":"max-video-preview:-1"},"canonical":"https:\/\/dicifood.ch\/de\/produkt\/melange-falafel-de-laudato-si\/","og_locale":"de_DE","og_type":"article","og_title":"M\u00e9lange Falafel de Laudato Si - Dicifood","og_description":"D\u00e9licieux m\u00e9lange \u00e0 falafel \u00e0 base de pois-cass\u00e9s Dicifood!","og_url":"https:\/\/dicifood.ch\/de\/produkt\/melange-falafel-de-laudato-si\/","og_site_name":"Dicifood","article_modified_time":"2025-09-01T07:49:13+00:00","og_image":[{"width":1199,"height":1600,"url":"https:\/\/dicifood.ch\/wp-content\/uploads\/2023\/10\/falafel.jpg","type":"image\/jpeg"}],"twitter_card":"summary_large_image","twitter_misc":{"Gesch\u00e4tzte Lesezeit":"1\u00a0Minute"},"schema":{"@context":"https:\/\/schema.org","@graph":[{"@type":"WebPage","@id":"https:\/\/dicifood.ch\/produit\/melange-falafel-de-laudato-si\/","url":"https:\/\/dicifood.ch\/produit\/melange-falafel-de-laudato-si\/","name":"M\u00e9lange Falafel de Laudato Si - Dicifood","isPartOf":{"@id":"https:\/\/dicifood.ch\/#website"},"primaryImageOfPage":{"@id":"https:\/\/dicifood.ch\/produit\/melange-falafel-de-laudato-si\/#primaryimage"},"image":{"@id":"https:\/\/dicifood.ch\/produit\/melange-falafel-de-laudato-si\/#primaryimage"},"thumbnailUrl":"https:\/\/dicifood.ch\/wp-content\/uploads\/2023\/10\/falafel.jpg","datePublished":"2023-10-25T14:44:37+00:00","dateModified":"2025-09-01T07:49:13+00:00","breadcrumb":{"@id":"https:\/\/dicifood.ch\/produit\/melange-falafel-de-laudato-si\/#breadcrumb"},"inLanguage":"de","potentialAction":[{"@type":"ReadAction","target":["https:\/\/dicifood.ch\/produit\/melange-falafel-de-laudato-si\/"]}]},{"@type":"ImageObject","inLanguage":"de","@id":"https:\/\/dicifood.ch\/produit\/melange-falafel-de-laudato-si\/#primaryimage","url":"https:\/\/dicifood.ch\/wp-content\/uploads\/2023\/10\/falafel.jpg","contentUrl":"https:\/\/dicifood.ch\/wp-content\/uploads\/2023\/10\/falafel.jpg","width":1199,"height":1600,"caption":"m\u00e9lange \u00e0 falafel"},{"@type":"BreadcrumbList","@id":"https:\/\/dicifood.ch\/produit\/melange-falafel-de-laudato-si\/#breadcrumb","itemListElement":[{"@type":"ListItem","position":1,"name":"Accueil","item":"https:\/\/dicifood.ch\/"},{"@type":"ListItem","position":2,"name":"Boutique","item":"https:\/\/dicifood.ch\/boutique\/"},{"@type":"ListItem","position":3,"name":"M\u00e9lange Falafel de Laudato Si"}]},{"@type":"WebSite","@id":"https:\/\/dicifood.ch\/#website","url":"https:\/\/dicifood.ch\/","name":"Dicifood","description":"De la fourche \u00e0 la fourchette","potentialAction":[{"@type":"SearchAction","target":{"@type":"EntryPoint","urlTemplate":"https:\/\/dicifood.ch\/?s={search_term_string}"},"query-input":{"@type":"PropertyValueSpecification","valueRequired":true,"valueName":"search_term_string"}}],"inLanguage":"de"}]}},"_links":{"self":[{"href":"https:\/\/dicifood.ch\/de\/wp-json\/wp\/v2\/product\/11406","targetHints":{"allow":["GET"]}}],"collection":[{"href":"https:\/\/dicifood.ch\/de\/wp-json\/wp\/v2\/product"}],"about":[{"href":"https:\/\/dicifood.ch\/de\/wp-json\/wp\/v2\/types\/product"}],"replies":[{"embeddable":true,"href":"https:\/\/dicifood.ch\/de\/wp-json\/wp\/v2\/comments?post=11406"}],"wp:featuredmedia":[{"embeddable":true,"href":"https:\/\/dicifood.ch\/de\/wp-json\/wp\/v2\/media\/11407"}],"wp:attachment":[{"href":"https:\/\/dicifood.ch\/de\/wp-json\/wp\/v2\/media?parent=11406"}],"wp:term":[{"taxonomy":"product_brand","embeddable":true,"href":"https:\/\/dicifood.ch\/de\/wp-json\/wp\/v2\/product_brand?post=11406"},{"taxonomy":"product_cat","embeddable":true,"href":"https:\/\/dicifood.ch\/de\/wp-json\/wp\/v2\/product_cat?post=11406"},{"taxonomy":"product_tag","embeddable":true,"href":"https:\/\/dicifood.ch\/de\/wp-json\/wp\/v2\/product_tag?post=11406"}],"curies":[{"name":"wp","href":"https:\/\/api.w.org\/{rel}","templated":true}]}}