{"id":5221,"date":"2023-03-22T16:56:51","date_gmt":"2023-03-22T15:56:51","guid":{"rendered":"https:\/\/dicifood.ch\/?page_id=5221"},"modified":"2023-03-22T16:56:51","modified_gmt":"2023-03-22T15:56:51","slug":"cgv","status":"publish","type":"page","link":"https:\/\/dicifood.ch\/de\/cgv\/","title":{"rendered":"Conditions g\u00e9n\u00e9rales de vente"},"content":{"rendered":"<p><strong><em>Preis<\/em><\/strong><em><br \/>\nDie Preise in diesem Katalog sind in Schweizer Franken angegeben, Nettobetr\u00e4ge, inklusive Mehrwertsteuer und garantiert.<br \/>\nArtikel, f\u00fcr die eine Garantie gilt, unterliegen den Bedingungen des zum Zeitpunkt des Kaufs g\u00fcltigen Angebots. Die Garantie beginnt mit dem Datum der Lieferung des Artikels, die durch das Begleitdokument (Rechnung) belegt wird, das Sie bitte sorgf\u00e4ltig aufbewahren. Nicht abgedeckt sind: Sch\u00e4den, die durch unsachgem\u00e4\u00dfe Pflege, Nichtbeachtung der Gebrauchsanweisung oder normalen Verschlei\u00df entstanden sind.<\/em><\/p>\n<p><strong><em>Verf\u00fcgbarkeit<\/em><\/strong><em>\u00a0<\/em><em><br \/>\nUnsere Lieferverpflichtung entf\u00e4llt bei Ausfall oder Nichteinhaltung der Lieferfristen seitens unserer eigenen Lieferanten, und insofern diese Nichtverf\u00fcgbarkeit nicht zur\u00fcckzuf\u00fchren ist auf <u>Dicifood<\/u>Sollte ein Produkt nicht verf\u00fcgbar sein, werden wir Sie so schnell wie m\u00f6glich informieren.<\/em><\/p>\n<p><strong><em>Zahlungsmodalit\u00e4ten<\/em><\/strong><em><br \/>\nZahlungsmethoden: Kreditkarten - Twint.<\/p>\n<p><strong>Lieferung und Transport<\/strong><br \/>\nDer Versand der verf\u00fcgbaren Artikel erfolgt per Post innerhalb von\u00a0<u>etwa 5 bis 8 Tagen<\/u>. Eine Beteiligungmal pro Bestellung verlangt.<br \/>\nHINWEIS: <u>Dicifood <\/u>liefert seine Pakete nicht in Postf\u00e4cher und liefert keine Waren an minderj\u00e4hrige oder bevormundete Kunden, es sei denn, es liegt eine schriftliche Genehmigung der Eltern oder des Vormunds vor.<\/em><\/p>\n<p><strong><em>R\u00fcckgabe oder Umtausch von Waren<\/em><\/strong><em><br \/>\nDie Artikel m\u00fcssen innerhalb von 7 Tagen nach Erhalt Ihres Pakets intakt und vollst\u00e4ndig in ihrer Originalverpackung (mit den Etiketten, auf denen die Artikelnummern vermerkt sind) zusammen mit dem Lieferschein zur\u00fcckgeschickt werden. Die mit der R\u00fccksendung verbundenen Portokosten gehen zu Ihren Lasten. Im Falle einer Umtauschbestellung werden Ihnen die Versandkosten f\u00fcr Ihre neue Bestellung erlassen.<\/p>\n<p><strong>Gesetzliche Garantie<\/strong><br \/>\n\u00dcberpr\u00fcfen Sie den Zustand der gelieferten Waren unverz\u00fcglich, um offensichtliche Material- und Herstellungsfehler sowie Transportsch\u00e4den auszuschlie\u00dfen. Nach dem Gesetz sind Sie verpflichtet, uns alle M\u00e4ngel oder Anomalien an den gelieferten Waren mitzuteilen, damit wir Abhilfe schaffen k\u00f6nnen.<\/p>\n<p><strong>Schutz der Daten<\/strong><br \/>\nAlle pers\u00f6nlichen Daten werden vertraulich behandelt. Die f\u00fcr die Abwicklung der Bestellung erforderlichen Informationen werden elektronisch verarbeitet und k\u00f6nnen im Rahmen der Bestellabwicklung an verbundene Unternehmen weitergegeben werden.<\/em><\/p>\n<p><strong><em>Anwendbares Recht und Gerichtsstand<\/em><\/strong><br \/>\n<em>Das anwendbare Recht ist das Schweizer Recht, und alle Streitigkeiten werden vom Bezirksgericht Morges behandelt.<\/em> \u207d\u00b9\u207e<\/p>","protected":false},"excerpt":{"rendered":"<p>Prix Les prix de ce catalogue sont indiqu\u00e9s en francs suisses, montants nets, TVA comprise et garantis. Les articles b\u00e9n\u00e9ficiant d&rsquo;une garantie sont soumis aux conditions de l&rsquo;offre valable lors de l&rsquo;achat. La garantie prend effet \u00e0 la date de livraison de l&rsquo;article, justifi\u00e9e par le document d&rsquo;accompagnement (facture) que nous vous demandons de conserver &hellip; <br \/><a href=\"https:\/\/dicifood.ch\/de\/cgv\/\" class=\"more-link\">Continue reading <span class=\"screen-reader-text\">Conditions g\u00e9n\u00e9rales de vente<\/span><\/a><\/p>","protected":false},"author":1,"featured_media":0,"parent":0,"menu_order":0,"comment_status":"closed","ping_status":"closed","template":"","meta":{"footnotes":""},"class_list":["post-5221","page","type-page","status-publish","hentry"],"yoast_head":"<!-- This site is optimized with the Yoast SEO plugin v27.4 - https:\/\/yoast.com\/product\/yoast-seo-wordpress\/ -->\n<title>Conditions g\u00e9n\u00e9rales de vente - Dicifood<\/title>\n<meta name=\"robots\" content=\"index, follow, max-snippet:-1, max-image-preview:large, max-video-preview:-1\" \/>\n<link rel=\"canonical\" href=\"https:\/\/dicifood.ch\/de\/cgv\/\" \/>\n<meta property=\"og:locale\" content=\"de_DE\" \/>\n<meta property=\"og:type\" content=\"article\" \/>\n<meta property=\"og:title\" content=\"Conditions g\u00e9n\u00e9rales de vente - Dicifood\" \/>\n<meta property=\"og:description\" content=\"Prix Les prix de ce catalogue sont indiqu\u00e9s en francs suisses, montants nets, TVA comprise et garantis. Les articles b\u00e9n\u00e9ficiant d&rsquo;une garantie sont soumis aux conditions de l&rsquo;offre valable lors de l&rsquo;achat. La garantie prend effet \u00e0 la date de livraison de l&rsquo;article, justifi\u00e9e par le document d&rsquo;accompagnement (facture) que nous vous demandons de conserver &hellip; Continue reading Conditions g\u00e9n\u00e9rales de vente\" \/>\n<meta property=\"og:url\" content=\"https:\/\/dicifood.ch\/de\/cgv\/\" \/>\n<meta property=\"og:site_name\" content=\"Dicifood\" \/>\n<meta name=\"twitter:card\" content=\"summary_large_image\" \/>\n<meta name=\"twitter:label1\" content=\"Gesch\u00e4tzte Lesezeit\" \/>\n\t<meta name=\"twitter:data1\" content=\"2\u00a0Minuten\" \/>\n<script type=\"application\/ld+json\" class=\"yoast-schema-graph\">{\"@context\":\"https:\\\/\\\/schema.org\",\"@graph\":[{\"@type\":\"WebPage\",\"@id\":\"https:\\\/\\\/dicifood.ch\\\/cgv\\\/\",\"url\":\"https:\\\/\\\/dicifood.ch\\\/cgv\\\/\",\"name\":\"Conditions g\u00e9n\u00e9rales de vente - Dicifood\",\"isPartOf\":{\"@id\":\"https:\\\/\\\/dicifood.ch\\\/#website\"},\"datePublished\":\"2023-03-22T15:56:51+00:00\",\"breadcrumb\":{\"@id\":\"https:\\\/\\\/dicifood.ch\\\/cgv\\\/#breadcrumb\"},\"inLanguage\":\"de\",\"potentialAction\":[{\"@type\":\"ReadAction\",\"target\":[\"https:\\\/\\\/dicifood.ch\\\/cgv\\\/\"]}]},{\"@type\":\"BreadcrumbList\",\"@id\":\"https:\\\/\\\/dicifood.ch\\\/cgv\\\/#breadcrumb\",\"itemListElement\":[{\"@type\":\"ListItem\",\"position\":1,\"name\":\"Accueil\",\"item\":\"https:\\\/\\\/dicifood.ch\\\/\"},{\"@type\":\"ListItem\",\"position\":2,\"name\":\"Conditions g\u00e9n\u00e9rales de vente\"}]},{\"@type\":\"WebSite\",\"@id\":\"https:\\\/\\\/dicifood.ch\\\/#website\",\"url\":\"https:\\\/\\\/dicifood.ch\\\/\",\"name\":\"Dicifood\",\"description\":\"De la fourche \u00e0 la fourchette\",\"potentialAction\":[{\"@type\":\"SearchAction\",\"target\":{\"@type\":\"EntryPoint\",\"urlTemplate\":\"https:\\\/\\\/dicifood.ch\\\/?s={search_term_string}\"},\"query-input\":{\"@type\":\"PropertyValueSpecification\",\"valueRequired\":true,\"valueName\":\"search_term_string\"}}],\"inLanguage\":\"de\"}]}<\/script>\n<!-- \/ Yoast SEO plugin. -->","yoast_head_json":{"title":"Conditions g\u00e9n\u00e9rales de vente - Dicifood","robots":{"index":"index","follow":"follow","max-snippet":"max-snippet:-1","max-image-preview":"max-image-preview:large","max-video-preview":"max-video-preview:-1"},"canonical":"https:\/\/dicifood.ch\/de\/cgv\/","og_locale":"de_DE","og_type":"article","og_title":"Conditions g\u00e9n\u00e9rales de vente - Dicifood","og_description":"Prix Les prix de ce catalogue sont indiqu\u00e9s en francs suisses, montants nets, TVA comprise et garantis. Les articles b\u00e9n\u00e9ficiant d&rsquo;une garantie sont soumis aux conditions de l&rsquo;offre valable lors de l&rsquo;achat. La garantie prend effet \u00e0 la date de livraison de l&rsquo;article, justifi\u00e9e par le document d&rsquo;accompagnement (facture) que nous vous demandons de conserver &hellip; Continue reading Conditions g\u00e9n\u00e9rales de vente","og_url":"https:\/\/dicifood.ch\/de\/cgv\/","og_site_name":"Dicifood","twitter_card":"summary_large_image","twitter_misc":{"Gesch\u00e4tzte Lesezeit":"2\u00a0Minuten"},"schema":{"@context":"https:\/\/schema.org","@graph":[{"@type":"WebPage","@id":"https:\/\/dicifood.ch\/cgv\/","url":"https:\/\/dicifood.ch\/cgv\/","name":"Conditions g\u00e9n\u00e9rales de vente - Dicifood","isPartOf":{"@id":"https:\/\/dicifood.ch\/#website"},"datePublished":"2023-03-22T15:56:51+00:00","breadcrumb":{"@id":"https:\/\/dicifood.ch\/cgv\/#breadcrumb"},"inLanguage":"de","potentialAction":[{"@type":"ReadAction","target":["https:\/\/dicifood.ch\/cgv\/"]}]},{"@type":"BreadcrumbList","@id":"https:\/\/dicifood.ch\/cgv\/#breadcrumb","itemListElement":[{"@type":"ListItem","position":1,"name":"Accueil","item":"https:\/\/dicifood.ch\/"},{"@type":"ListItem","position":2,"name":"Conditions g\u00e9n\u00e9rales de vente"}]},{"@type":"WebSite","@id":"https:\/\/dicifood.ch\/#website","url":"https:\/\/dicifood.ch\/","name":"Dicifood","description":"De la fourche \u00e0 la fourchette","potentialAction":[{"@type":"SearchAction","target":{"@type":"EntryPoint","urlTemplate":"https:\/\/dicifood.ch\/?s={search_term_string}"},"query-input":{"@type":"PropertyValueSpecification","valueRequired":true,"valueName":"search_term_string"}}],"inLanguage":"de"}]}},"_links":{"self":[{"href":"https:\/\/dicifood.ch\/de\/wp-json\/wp\/v2\/pages\/5221","targetHints":{"allow":["GET"]}}],"collection":[{"href":"https:\/\/dicifood.ch\/de\/wp-json\/wp\/v2\/pages"}],"about":[{"href":"https:\/\/dicifood.ch\/de\/wp-json\/wp\/v2\/types\/page"}],"author":[{"embeddable":true,"href":"https:\/\/dicifood.ch\/de\/wp-json\/wp\/v2\/users\/1"}],"replies":[{"embeddable":true,"href":"https:\/\/dicifood.ch\/de\/wp-json\/wp\/v2\/comments?post=5221"}],"version-history":[{"count":1,"href":"https:\/\/dicifood.ch\/de\/wp-json\/wp\/v2\/pages\/5221\/revisions"}],"predecessor-version":[{"id":5222,"href":"https:\/\/dicifood.ch\/de\/wp-json\/wp\/v2\/pages\/5221\/revisions\/5222"}],"wp:attachment":[{"href":"https:\/\/dicifood.ch\/de\/wp-json\/wp\/v2\/media?parent=5221"}],"curies":[{"name":"wp","href":"https:\/\/api.w.org\/{rel}","templated":true}]}}