{"id":4782,"date":"2023-02-17T17:00:19","date_gmt":"2023-02-17T16:00:19","guid":{"rendered":"https:\/\/dicifood.ch\/?page_id=4782"},"modified":"2023-09-13T09:10:56","modified_gmt":"2023-09-13T07:10:56","slug":"createurs-de-filieres","status":"publish","type":"page","link":"https:\/\/dicifood.ch\/de\/createurs-de-filieres\/","title":{"rendered":"Sch\u00f6pfer von Lebensmittelketten"},"content":{"rendered":"<div data-elementor-type=\"wp-page\" data-elementor-id=\"4782\" class=\"elementor elementor-4782\" data-elementor-post-type=\"page\">\n\t\t\t\t\t\t<section class=\"elementor-section elementor-top-section elementor-element elementor-element-67d30d2a elementor-section-boxed elementor-section-height-default elementor-section-height-default\" data-id=\"67d30d2a\" data-element_type=\"section\" data-e-type=\"section\">\n\t\t\t\t\t\t<div class=\"elementor-container elementor-column-gap-default\">\n\t\t\t\t\t<div class=\"elementor-column elementor-col-100 elementor-top-column elementor-element elementor-element-75cfcc7e\" data-id=\"75cfcc7e\" data-element_type=\"column\" data-e-type=\"column\">\n\t\t\t<div class=\"elementor-widget-wrap elementor-element-populated\">\n\t\t\t\t\t\t<div class=\"elementor-element elementor-element-6e081689 e-transform elementor-widget elementor-widget-text-editor\" data-id=\"6e081689\" data-element_type=\"widget\" data-e-type=\"widget\" data-settings=\"{&quot;_transform_scale_effect&quot;:{&quot;unit&quot;:&quot;px&quot;,&quot;size&quot;:&quot;&quot;,&quot;sizes&quot;:[]},&quot;_transform_scale_effect_tablet&quot;:{&quot;unit&quot;:&quot;px&quot;,&quot;size&quot;:&quot;&quot;,&quot;sizes&quot;:[]},&quot;_transform_scale_effect_mobile&quot;:{&quot;unit&quot;:&quot;px&quot;,&quot;size&quot;:&quot;&quot;,&quot;sizes&quot;:[]}}\" data-widget_type=\"text-editor.default\">\n\t\t\t\t<div class=\"elementor-widget-container\">\n\t\t\t\t\t\t\t\t\t<p class=\"font_12\">Wenn Sie nach bestimmten lokalen Produkten suchen, aber nicht wissen, an wen Sie sich wenden sollen, k\u00f6nnen wir Ihnen vielleicht helfen. Mit unserer Erfahrung und unserem Netzwerk konnten wir mehrere unserer Kunden, die nach einem ganz bestimmten Produkt suchen, mit Produzenten in Verbindung bringen. Manchmal kann es schwierig sein, die richtige Person zu finden, und dank unseres guten Netzwerks unter den Landwirten\/Produzenten in der Region k\u00f6nnen wir Teil der L\u00f6sung sein.<\/p>\n<p class=\"font_12 translation-block\">Z\u00f6gern Sie also nicht, uns zu kontaktieren und uns Ihr Anliegen mitzuteilen!<\/p>\t\t\t\t\t\t\t\t<\/div>\n\t\t\t\t<\/div>\n\t\t\t\t<div class=\"elementor-element elementor-element-022a414 elementor-widget elementor-widget-button\" data-id=\"022a414\" data-element_type=\"widget\" data-e-type=\"widget\" data-widget_type=\"button.default\">\n\t\t\t\t<div class=\"elementor-widget-container\">\n\t\t\t\t\t\t\t\t\t<div class=\"elementor-button-wrapper\">\n\t\t\t\t\t<a class=\"elementor-button elementor-button-link elementor-size-sm\" href=\"https:\/\/dicifood.ch\/contact\/\">\n\t\t\t\t\t\t<span class=\"elementor-button-content-wrapper\">\n\t\t\t\t\t\t\t\t\t<span class=\"elementor-button-text\">Kontaktieren Sie uns !<\/span>\n\t\t\t\t\t<\/span>\n\t\t\t\t\t<\/a>\n\t\t\t\t<\/div>\n\t\t\t\t\t\t\t\t<\/div>\n\t\t\t\t<\/div>\n\t\t\t\t<div class=\"elementor-element elementor-element-fa84370 elementor-widget elementor-widget-spacer\" data-id=\"fa84370\" data-element_type=\"widget\" data-e-type=\"widget\" data-widget_type=\"spacer.default\">\n\t\t\t\t<div class=\"elementor-widget-container\">\n\t\t\t\t\t\t\t<div class=\"elementor-spacer\">\n\t\t\t<div class=\"elementor-spacer-inner\"><\/div>\n\t\t<\/div>\n\t\t\t\t\t\t<\/div>\n\t\t\t\t<\/div>\n\t\t\t\t<div class=\"elementor-element elementor-element-399361a elementor-widget elementor-widget-heading\" data-id=\"399361a\" data-element_type=\"widget\" data-e-type=\"widget\" data-widget_type=\"heading.default\">\n\t\t\t\t<div class=\"elementor-widget-container\">\n\t\t\t\t\t<h2 class=\"elementor-heading-title elementor-size-default\">Sie vertrauen uns<\/h2>\t\t\t\t<\/div>\n\t\t\t\t<\/div>\n\t\t\t\t\t<\/div>\n\t\t<\/div>\n\t\t\t\t\t<\/div>\n\t\t<\/section>\n\t\t\t\t<section class=\"elementor-section elementor-top-section elementor-element elementor-element-9e67dd2 elementor-section-boxed elementor-section-height-default elementor-section-height-default\" data-id=\"9e67dd2\" data-element_type=\"section\" data-e-type=\"section\">\n\t\t\t\t\t\t<div class=\"elementor-container elementor-column-gap-default\">\n\t\t\t\t\t<div class=\"elementor-column elementor-col-16 elementor-top-column elementor-element elementor-element-a0699d1\" data-id=\"a0699d1\" data-element_type=\"column\" data-e-type=\"column\">\n\t\t\t<div class=\"elementor-widget-wrap elementor-element-populated\">\n\t\t\t\t\t\t<div class=\"elementor-element elementor-element-8249780 elementor-widget elementor-widget-image\" data-id=\"8249780\" data-element_type=\"widget\" data-e-type=\"widget\" data-widget_type=\"image.default\">\n\t\t\t\t<div class=\"elementor-widget-container\">\n\t\t\t\t\t\t\t\t\t\t\t\t\t\t\t\t<a href=\"https:\/\/www.hugoreitzel.ch\/fr\/\">\n\t\t\t\t\t\t\t<img fetchpriority=\"high\" decoding=\"async\" width=\"660\" height=\"743\" src=\"https:\/\/dicifood.ch\/wp-content\/uploads\/2023\/03\/mini-bocal-moutarde-hugo.png\" class=\"attachment-large size-large wp-image-4988\" alt=\"\" srcset=\"https:\/\/dicifood.ch\/wp-content\/uploads\/2023\/03\/mini-bocal-moutarde-hugo.png 800w, https:\/\/dicifood.ch\/wp-content\/uploads\/2023\/03\/mini-bocal-moutarde-hugo-600x675.png 600w, https:\/\/dicifood.ch\/wp-content\/uploads\/2023\/03\/mini-bocal-moutarde-hugo-267x300.png 267w, https:\/\/dicifood.ch\/wp-content\/uploads\/2023\/03\/mini-bocal-moutarde-hugo-768x864.png 768w\" sizes=\"(max-width: 660px) 100vw, 660px\" \/>\t\t\t\t\t\t\t\t<\/a>\n\t\t\t\t\t\t\t\t\t\t\t\t\t\t\t<\/div>\n\t\t\t\t<\/div>\n\t\t\t\t\t<\/div>\n\t\t<\/div>\n\t\t\t\t<div class=\"elementor-column elementor-col-16 elementor-top-column elementor-element elementor-element-0f68645\" data-id=\"0f68645\" data-element_type=\"column\" data-e-type=\"column\">\n\t\t\t<div class=\"elementor-widget-wrap elementor-element-populated\">\n\t\t\t\t\t\t<div class=\"elementor-element elementor-element-3dca2c9 elementor-widget elementor-widget-image\" data-id=\"3dca2c9\" data-element_type=\"widget\" data-e-type=\"widget\" data-widget_type=\"image.default\">\n\t\t\t\t<div class=\"elementor-widget-container\">\n\t\t\t\t\t\t\t\t\t\t\t\t\t\t\t\t<a href=\"http:\/\/www.fleurdebarres.ch\/\">\n\t\t\t\t\t\t\t<img decoding=\"async\" width=\"660\" height=\"660\" src=\"https:\/\/dicifood.ch\/wp-content\/uploads\/2023\/03\/fleur-de-barres-2-1024x1024.png\" class=\"attachment-large size-large wp-image-5002\" alt=\"\" srcset=\"https:\/\/dicifood.ch\/wp-content\/uploads\/2023\/03\/fleur-de-barres-2-1024x1024.png 1024w, https:\/\/dicifood.ch\/wp-content\/uploads\/2023\/03\/fleur-de-barres-2-300x300.png 300w, https:\/\/dicifood.ch\/wp-content\/uploads\/2023\/03\/fleur-de-barres-2-160x160.png 160w, https:\/\/dicifood.ch\/wp-content\/uploads\/2023\/03\/fleur-de-barres-2-600x600.png 600w, https:\/\/dicifood.ch\/wp-content\/uploads\/2023\/03\/fleur-de-barres-2-150x150.png 150w, https:\/\/dicifood.ch\/wp-content\/uploads\/2023\/03\/fleur-de-barres-2-768x768.png 768w, https:\/\/dicifood.ch\/wp-content\/uploads\/2023\/03\/fleur-de-barres-2-850x850.png 850w, https:\/\/dicifood.ch\/wp-content\/uploads\/2023\/03\/fleur-de-barres-2-410x410.png 410w, https:\/\/dicifood.ch\/wp-content\/uploads\/2023\/03\/fleur-de-barres-2.png 1330w\" sizes=\"(max-width: 660px) 100vw, 660px\" \/>\t\t\t\t\t\t\t\t<\/a>\n\t\t\t\t\t\t\t\t\t\t\t\t\t\t\t<\/div>\n\t\t\t\t<\/div>\n\t\t\t\t\t<\/div>\n\t\t<\/div>\n\t\t\t\t<div class=\"elementor-column elementor-col-16 elementor-top-column elementor-element elementor-element-f0348df\" data-id=\"f0348df\" data-element_type=\"column\" data-e-type=\"column\">\n\t\t\t<div class=\"elementor-widget-wrap elementor-element-populated\">\n\t\t\t\t\t\t<div class=\"elementor-element elementor-element-168d519 elementor-widget elementor-widget-image\" data-id=\"168d519\" data-element_type=\"widget\" data-e-type=\"widget\" data-widget_type=\"image.default\">\n\t\t\t\t<div class=\"elementor-widget-container\">\n\t\t\t\t\t\t\t\t\t\t\t\t\t\t\t\t<a href=\"https:\/\/labrebisane.ch\/\">\n\t\t\t\t\t\t\t<img decoding=\"async\" width=\"164\" height=\"91\" src=\"https:\/\/dicifood.ch\/wp-content\/uploads\/2023\/03\/brebisane-1.webp\" class=\"attachment-medium size-medium wp-image-4989\" alt=\"\" \/>\t\t\t\t\t\t\t\t<\/a>\n\t\t\t\t\t\t\t\t\t\t\t\t\t\t\t<\/div>\n\t\t\t\t<\/div>\n\t\t\t\t\t<\/div>\n\t\t<\/div>\n\t\t\t\t<div class=\"elementor-column elementor-col-16 elementor-top-column elementor-element elementor-element-da3822d\" data-id=\"da3822d\" data-element_type=\"column\" data-e-type=\"column\">\n\t\t\t<div class=\"elementor-widget-wrap elementor-element-populated\">\n\t\t\t\t\t\t<div class=\"elementor-element elementor-element-dbf3c45 elementor-widget elementor-widget-image\" data-id=\"dbf3c45\" data-element_type=\"widget\" data-e-type=\"widget\" data-widget_type=\"image.default\">\n\t\t\t\t<div class=\"elementor-widget-container\">\n\t\t\t\t\t\t\t\t\t\t\t\t\t\t\t\t<a href=\"https:\/\/moulindesevery.ch\/\">\n\t\t\t\t\t\t\t<img loading=\"lazy\" decoding=\"async\" width=\"660\" height=\"450\" src=\"https:\/\/dicifood.ch\/wp-content\/uploads\/2023\/03\/MOULIN_logo_quadri-page-001-1170x798-1-1024x698.jpg\" class=\"attachment-large size-large wp-image-5032\" alt=\"\" srcset=\"https:\/\/dicifood.ch\/wp-content\/uploads\/2023\/03\/MOULIN_logo_quadri-page-001-1170x798-1-1024x698.jpg 1024w, https:\/\/dicifood.ch\/wp-content\/uploads\/2023\/03\/MOULIN_logo_quadri-page-001-1170x798-1-600x409.jpg 600w, https:\/\/dicifood.ch\/wp-content\/uploads\/2023\/03\/MOULIN_logo_quadri-page-001-1170x798-1-300x205.jpg 300w, https:\/\/dicifood.ch\/wp-content\/uploads\/2023\/03\/MOULIN_logo_quadri-page-001-1170x798-1-768x524.jpg 768w, https:\/\/dicifood.ch\/wp-content\/uploads\/2023\/03\/MOULIN_logo_quadri-page-001-1170x798-1.jpg 1170w\" sizes=\"(max-width: 660px) 100vw, 660px\" \/>\t\t\t\t\t\t\t\t<\/a>\n\t\t\t\t\t\t\t\t\t\t\t\t\t\t\t<\/div>\n\t\t\t\t<\/div>\n\t\t\t\t\t<\/div>\n\t\t<\/div>\n\t\t\t\t<div class=\"elementor-column elementor-col-16 elementor-top-column elementor-element elementor-element-fac0e95\" data-id=\"fac0e95\" data-element_type=\"column\" data-e-type=\"column\">\n\t\t\t<div class=\"elementor-widget-wrap elementor-element-populated\">\n\t\t\t\t\t\t<div class=\"elementor-element elementor-element-1f8cbab elementor-widget elementor-widget-image\" data-id=\"1f8cbab\" data-element_type=\"widget\" data-e-type=\"widget\" data-widget_type=\"image.default\">\n\t\t\t\t<div class=\"elementor-widget-container\">\n\t\t\t\t\t\t\t\t\t\t\t\t\t\t\t<img loading=\"lazy\" decoding=\"async\" width=\"660\" height=\"280\" src=\"https:\/\/dicifood.ch\/wp-content\/uploads\/2023\/03\/moulin-de-la-vaux-1-1024x434.png\" class=\"attachment-large size-large wp-image-4980\" alt=\"\" srcset=\"https:\/\/dicifood.ch\/wp-content\/uploads\/2023\/03\/moulin-de-la-vaux-1-1024x434.png 1024w, https:\/\/dicifood.ch\/wp-content\/uploads\/2023\/03\/moulin-de-la-vaux-1-600x254.png 600w, https:\/\/dicifood.ch\/wp-content\/uploads\/2023\/03\/moulin-de-la-vaux-1-300x127.png 300w, https:\/\/dicifood.ch\/wp-content\/uploads\/2023\/03\/moulin-de-la-vaux-1-768x325.png 768w, https:\/\/dicifood.ch\/wp-content\/uploads\/2023\/03\/moulin-de-la-vaux-1-1536x651.png 1536w, https:\/\/dicifood.ch\/wp-content\/uploads\/2023\/03\/moulin-de-la-vaux-1-2048x868.png 2048w\" sizes=\"(max-width: 660px) 100vw, 660px\" \/>\t\t\t\t\t\t\t\t\t\t\t\t\t\t\t<\/div>\n\t\t\t\t<\/div>\n\t\t\t\t\t<\/div>\n\t\t<\/div>\n\t\t\t\t<div class=\"elementor-column elementor-col-16 elementor-top-column elementor-element elementor-element-91dfbde\" data-id=\"91dfbde\" data-element_type=\"column\" data-e-type=\"column\">\n\t\t\t<div class=\"elementor-widget-wrap elementor-element-populated\">\n\t\t\t\t\t\t<div class=\"elementor-element elementor-element-9e35fbd elementor-widget elementor-widget-image\" data-id=\"9e35fbd\" data-element_type=\"widget\" data-e-type=\"widget\" data-widget_type=\"image.default\">\n\t\t\t\t<div class=\"elementor-widget-container\">\n\t\t\t\t\t\t\t\t\t\t\t\t\t\t\t\t<a href=\"https:\/\/www.lucul-swiss.ch\/\">\n\t\t\t\t\t\t\t<img loading=\"lazy\" decoding=\"async\" width=\"570\" height=\"288\" src=\"https:\/\/dicifood.ch\/wp-content\/uploads\/2023\/03\/lucul-1.png\" class=\"attachment-large size-large wp-image-4979\" alt=\"\" srcset=\"https:\/\/dicifood.ch\/wp-content\/uploads\/2023\/03\/lucul-1.png 570w, https:\/\/dicifood.ch\/wp-content\/uploads\/2023\/03\/lucul-1-300x152.png 300w\" sizes=\"(max-width: 570px) 100vw, 570px\" \/>\t\t\t\t\t\t\t\t<\/a>\n\t\t\t\t\t\t\t\t\t\t\t\t\t\t\t<\/div>\n\t\t\t\t<\/div>\n\t\t\t\t\t<\/div>\n\t\t<\/div>\n\t\t\t\t\t<\/div>\n\t\t<\/section>\n\t\t\t\t<section class=\"elementor-section elementor-top-section elementor-element elementor-element-168b1dd elementor-section-boxed elementor-section-height-default elementor-section-height-default\" data-id=\"168b1dd\" data-element_type=\"section\" data-e-type=\"section\">\n\t\t\t\t\t\t<div class=\"elementor-container elementor-column-gap-default\">\n\t\t\t\t\t<div class=\"elementor-column elementor-col-16 elementor-top-column elementor-element elementor-element-d45fd4c\" data-id=\"d45fd4c\" data-element_type=\"column\" data-e-type=\"column\">\n\t\t\t<div class=\"elementor-widget-wrap elementor-element-populated\">\n\t\t\t\t\t\t<div class=\"elementor-element elementor-element-fc19680 elementor-widget elementor-widget-image\" data-id=\"fc19680\" data-element_type=\"widget\" data-e-type=\"widget\" data-widget_type=\"image.default\">\n\t\t\t\t<div class=\"elementor-widget-container\">\n\t\t\t\t\t\t\t\t\t\t\t\t\t\t\t\t<a href=\"https:\/\/duditjo.ch\/\">\n\t\t\t\t\t\t\t<img loading=\"lazy\" decoding=\"async\" width=\"164\" height=\"101\" src=\"https:\/\/dicifood.ch\/wp-content\/uploads\/2023\/03\/moutarde-du-dit-jo.webp\" class=\"attachment-large size-large wp-image-4970\" alt=\"\" \/>\t\t\t\t\t\t\t\t<\/a>\n\t\t\t\t\t\t\t\t\t\t\t\t\t\t\t<\/div>\n\t\t\t\t<\/div>\n\t\t\t\t\t<\/div>\n\t\t<\/div>\n\t\t\t\t<div class=\"elementor-column elementor-col-16 elementor-top-column elementor-element elementor-element-6f0f4c6\" data-id=\"6f0f4c6\" data-element_type=\"column\" data-e-type=\"column\">\n\t\t\t<div class=\"elementor-widget-wrap elementor-element-populated\">\n\t\t\t\t\t\t<div class=\"elementor-element elementor-element-5d7c80d elementor-widget elementor-widget-image\" data-id=\"5d7c80d\" data-element_type=\"widget\" data-e-type=\"widget\" data-widget_type=\"image.default\">\n\t\t\t\t<div class=\"elementor-widget-container\">\n\t\t\t\t\t\t\t\t\t\t\t\t\t\t\t\t<a href=\"https:\/\/www.facebook.com\/moutardedebegnins\/\">\n\t\t\t\t\t\t\t<img loading=\"lazy\" decoding=\"async\" width=\"187\" height=\"91\" src=\"https:\/\/dicifood.ch\/wp-content\/uploads\/2023\/03\/moutarde-begnins.webp\" class=\"attachment-large size-large wp-image-4969\" alt=\"\" \/>\t\t\t\t\t\t\t\t<\/a>\n\t\t\t\t\t\t\t\t\t\t\t\t\t\t\t<\/div>\n\t\t\t\t<\/div>\n\t\t\t\t\t<\/div>\n\t\t<\/div>\n\t\t\t\t<div class=\"elementor-column elementor-col-16 elementor-top-column elementor-element elementor-element-7521ab8\" data-id=\"7521ab8\" data-element_type=\"column\" data-e-type=\"column\">\n\t\t\t<div class=\"elementor-widget-wrap elementor-element-populated\">\n\t\t\t\t\t\t<div class=\"elementor-element elementor-element-670519c elementor-widget elementor-widget-image\" data-id=\"670519c\" data-element_type=\"widget\" data-e-type=\"widget\" data-widget_type=\"image.default\">\n\t\t\t\t<div class=\"elementor-widget-container\">\n\t\t\t\t\t\t\t\t\t\t\t\t\t\t\t\t<a href=\"https:\/\/www.moleson-sa.ch\/\">\n\t\t\t\t\t\t\t<img loading=\"lazy\" decoding=\"async\" width=\"129\" height=\"91\" src=\"https:\/\/dicifood.ch\/wp-content\/uploads\/2023\/03\/moleson.webp\" class=\"attachment-large size-large wp-image-4967\" alt=\"\" \/>\t\t\t\t\t\t\t\t<\/a>\n\t\t\t\t\t\t\t\t\t\t\t\t\t\t\t<\/div>\n\t\t\t\t<\/div>\n\t\t\t\t\t<\/div>\n\t\t<\/div>\n\t\t\t\t<div class=\"elementor-column elementor-col-16 elementor-top-column elementor-element elementor-element-b2a471e\" data-id=\"b2a471e\" data-element_type=\"column\" data-e-type=\"column\">\n\t\t\t<div class=\"elementor-widget-wrap\">\n\t\t\t\t\t\t\t<\/div>\n\t\t<\/div>\n\t\t\t\t<div class=\"elementor-column elementor-col-16 elementor-top-column elementor-element elementor-element-b765261\" data-id=\"b765261\" data-element_type=\"column\" data-e-type=\"column\">\n\t\t\t<div class=\"elementor-widget-wrap\">\n\t\t\t\t\t\t\t<\/div>\n\t\t<\/div>\n\t\t\t\t<div class=\"elementor-column elementor-col-16 elementor-top-column elementor-element elementor-element-7ad53c6\" data-id=\"7ad53c6\" data-element_type=\"column\" data-e-type=\"column\">\n\t\t\t<div class=\"elementor-widget-wrap\">\n\t\t\t\t\t\t\t<\/div>\n\t\t<\/div>\n\t\t\t\t\t<\/div>\n\t\t<\/section>\n\t\t\t\t<\/div>","protected":false},"excerpt":{"rendered":"<p>Si vous cherchez des produits locaux sp\u00e9cifiques, mais que vous ne savez pas vers qui vous tourner, nous pouvons peut-\u00eatre vous aider. Avec notre exp\u00e9rience et notre r\u00e9seau, nous avons pu mettre en relation plusieurs de nos clients \u00e0 la recherche d&rsquo;un produit bien sp\u00e9cifique avec des producteurs. Parfois il peut \u00eatre compliqu\u00e9 de trouver &hellip; <br \/><a href=\"https:\/\/dicifood.ch\/de\/createurs-de-filieres\/\" class=\"more-link\">Continue reading <span class=\"screen-reader-text\">Sch\u00f6pfer von Lebensmittelketten<\/span><\/a><\/p>","protected":false},"author":1,"featured_media":0,"parent":0,"menu_order":0,"comment_status":"closed","ping_status":"closed","template":"","meta":{"footnotes":""},"class_list":["post-4782","page","type-page","status-publish","hentry"],"yoast_head":"<!-- This site is optimized with the Yoast SEO plugin v27.4 - https:\/\/yoast.com\/product\/yoast-seo-wordpress\/ -->\n<title>Cr\u00e9ateurs de fili\u00e8res - Dicifood<\/title>\n<meta name=\"description\" content=\"Notre r\u00e9seau de producteurs r\u00e9gionaux saura vous satisfaire si vous cherchez des produits locaux sp\u00e9cifiques. Contactez-nous.\" \/>\n<meta name=\"robots\" content=\"index, follow, max-snippet:-1, max-image-preview:large, max-video-preview:-1\" \/>\n<link rel=\"canonical\" href=\"https:\/\/dicifood.ch\/de\/createurs-de-filieres\/\" \/>\n<meta property=\"og:locale\" content=\"de_DE\" \/>\n<meta property=\"og:type\" content=\"article\" \/>\n<meta property=\"og:title\" content=\"Cr\u00e9ateurs de fili\u00e8res - Dicifood\" \/>\n<meta property=\"og:description\" content=\"Notre r\u00e9seau de producteurs r\u00e9gionaux saura vous satisfaire si vous cherchez des produits locaux sp\u00e9cifiques. Contactez-nous.\" \/>\n<meta property=\"og:url\" content=\"https:\/\/dicifood.ch\/de\/createurs-de-filieres\/\" \/>\n<meta property=\"og:site_name\" content=\"Dicifood\" \/>\n<meta property=\"article:modified_time\" content=\"2023-09-13T07:10:56+00:00\" \/>\n<meta property=\"og:image\" content=\"https:\/\/dicifood.ch\/wp-content\/uploads\/2023\/03\/mini-bocal-moutarde-hugo.png\" \/>\n<meta name=\"twitter:card\" content=\"summary_large_image\" \/>\n<meta name=\"twitter:label1\" content=\"Gesch\u00e4tzte Lesezeit\" \/>\n\t<meta name=\"twitter:data1\" content=\"3\u00a0Minuten\" \/>\n<script type=\"application\/ld+json\" class=\"yoast-schema-graph\">{\"@context\":\"https:\\\/\\\/schema.org\",\"@graph\":[{\"@type\":\"WebPage\",\"@id\":\"https:\\\/\\\/dicifood.ch\\\/createurs-de-filieres\\\/\",\"url\":\"https:\\\/\\\/dicifood.ch\\\/createurs-de-filieres\\\/\",\"name\":\"Cr\u00e9ateurs de fili\u00e8res - Dicifood\",\"isPartOf\":{\"@id\":\"https:\\\/\\\/dicifood.ch\\\/#website\"},\"primaryImageOfPage\":{\"@id\":\"https:\\\/\\\/dicifood.ch\\\/createurs-de-filieres\\\/#primaryimage\"},\"image\":{\"@id\":\"https:\\\/\\\/dicifood.ch\\\/createurs-de-filieres\\\/#primaryimage\"},\"thumbnailUrl\":\"https:\\\/\\\/dicifood.ch\\\/wp-content\\\/uploads\\\/2023\\\/03\\\/mini-bocal-moutarde-hugo.png\",\"datePublished\":\"2023-02-17T16:00:19+00:00\",\"dateModified\":\"2023-09-13T07:10:56+00:00\",\"description\":\"Notre r\u00e9seau de producteurs r\u00e9gionaux saura vous satisfaire si vous cherchez des produits locaux sp\u00e9cifiques. Contactez-nous.\",\"breadcrumb\":{\"@id\":\"https:\\\/\\\/dicifood.ch\\\/createurs-de-filieres\\\/#breadcrumb\"},\"inLanguage\":\"de\",\"potentialAction\":[{\"@type\":\"ReadAction\",\"target\":[\"https:\\\/\\\/dicifood.ch\\\/createurs-de-filieres\\\/\"]}]},{\"@type\":\"ImageObject\",\"inLanguage\":\"de\",\"@id\":\"https:\\\/\\\/dicifood.ch\\\/createurs-de-filieres\\\/#primaryimage\",\"url\":\"https:\\\/\\\/dicifood.ch\\\/wp-content\\\/uploads\\\/2023\\\/03\\\/mini-bocal-moutarde-hugo.png\",\"contentUrl\":\"https:\\\/\\\/dicifood.ch\\\/wp-content\\\/uploads\\\/2023\\\/03\\\/mini-bocal-moutarde-hugo.png\"},{\"@type\":\"BreadcrumbList\",\"@id\":\"https:\\\/\\\/dicifood.ch\\\/createurs-de-filieres\\\/#breadcrumb\",\"itemListElement\":[{\"@type\":\"ListItem\",\"position\":1,\"name\":\"Accueil\",\"item\":\"https:\\\/\\\/dicifood.ch\\\/\"},{\"@type\":\"ListItem\",\"position\":2,\"name\":\"Cr\u00e9ateurs de fili\u00e8res\"}]},{\"@type\":\"WebSite\",\"@id\":\"https:\\\/\\\/dicifood.ch\\\/#website\",\"url\":\"https:\\\/\\\/dicifood.ch\\\/\",\"name\":\"Dicifood\",\"description\":\"De la fourche \u00e0 la fourchette\",\"potentialAction\":[{\"@type\":\"SearchAction\",\"target\":{\"@type\":\"EntryPoint\",\"urlTemplate\":\"https:\\\/\\\/dicifood.ch\\\/?s={search_term_string}\"},\"query-input\":{\"@type\":\"PropertyValueSpecification\",\"valueRequired\":true,\"valueName\":\"search_term_string\"}}],\"inLanguage\":\"de\"}]}<\/script>\n<!-- \/ Yoast SEO plugin. -->","yoast_head_json":{"title":"Cr\u00e9ateurs de fili\u00e8res - Dicifood","description":"Notre r\u00e9seau de producteurs r\u00e9gionaux saura vous satisfaire si vous cherchez des produits locaux sp\u00e9cifiques. Contactez-nous.","robots":{"index":"index","follow":"follow","max-snippet":"max-snippet:-1","max-image-preview":"max-image-preview:large","max-video-preview":"max-video-preview:-1"},"canonical":"https:\/\/dicifood.ch\/de\/createurs-de-filieres\/","og_locale":"de_DE","og_type":"article","og_title":"Cr\u00e9ateurs de fili\u00e8res - Dicifood","og_description":"Notre r\u00e9seau de producteurs r\u00e9gionaux saura vous satisfaire si vous cherchez des produits locaux sp\u00e9cifiques. Contactez-nous.","og_url":"https:\/\/dicifood.ch\/de\/createurs-de-filieres\/","og_site_name":"Dicifood","article_modified_time":"2023-09-13T07:10:56+00:00","og_image":[{"url":"https:\/\/dicifood.ch\/wp-content\/uploads\/2023\/03\/mini-bocal-moutarde-hugo.png","type":"","width":"","height":""}],"twitter_card":"summary_large_image","twitter_misc":{"Gesch\u00e4tzte Lesezeit":"3\u00a0Minuten"},"schema":{"@context":"https:\/\/schema.org","@graph":[{"@type":"WebPage","@id":"https:\/\/dicifood.ch\/createurs-de-filieres\/","url":"https:\/\/dicifood.ch\/createurs-de-filieres\/","name":"Cr\u00e9ateurs de fili\u00e8res - Dicifood","isPartOf":{"@id":"https:\/\/dicifood.ch\/#website"},"primaryImageOfPage":{"@id":"https:\/\/dicifood.ch\/createurs-de-filieres\/#primaryimage"},"image":{"@id":"https:\/\/dicifood.ch\/createurs-de-filieres\/#primaryimage"},"thumbnailUrl":"https:\/\/dicifood.ch\/wp-content\/uploads\/2023\/03\/mini-bocal-moutarde-hugo.png","datePublished":"2023-02-17T16:00:19+00:00","dateModified":"2023-09-13T07:10:56+00:00","description":"Notre r\u00e9seau de producteurs r\u00e9gionaux saura vous satisfaire si vous cherchez des produits locaux sp\u00e9cifiques. Contactez-nous.","breadcrumb":{"@id":"https:\/\/dicifood.ch\/createurs-de-filieres\/#breadcrumb"},"inLanguage":"de","potentialAction":[{"@type":"ReadAction","target":["https:\/\/dicifood.ch\/createurs-de-filieres\/"]}]},{"@type":"ImageObject","inLanguage":"de","@id":"https:\/\/dicifood.ch\/createurs-de-filieres\/#primaryimage","url":"https:\/\/dicifood.ch\/wp-content\/uploads\/2023\/03\/mini-bocal-moutarde-hugo.png","contentUrl":"https:\/\/dicifood.ch\/wp-content\/uploads\/2023\/03\/mini-bocal-moutarde-hugo.png"},{"@type":"BreadcrumbList","@id":"https:\/\/dicifood.ch\/createurs-de-filieres\/#breadcrumb","itemListElement":[{"@type":"ListItem","position":1,"name":"Accueil","item":"https:\/\/dicifood.ch\/"},{"@type":"ListItem","position":2,"name":"Cr\u00e9ateurs de fili\u00e8res"}]},{"@type":"WebSite","@id":"https:\/\/dicifood.ch\/#website","url":"https:\/\/dicifood.ch\/","name":"Dicifood","description":"De la fourche \u00e0 la fourchette","potentialAction":[{"@type":"SearchAction","target":{"@type":"EntryPoint","urlTemplate":"https:\/\/dicifood.ch\/?s={search_term_string}"},"query-input":{"@type":"PropertyValueSpecification","valueRequired":true,"valueName":"search_term_string"}}],"inLanguage":"de"}]}},"_links":{"self":[{"href":"https:\/\/dicifood.ch\/de\/wp-json\/wp\/v2\/pages\/4782","targetHints":{"allow":["GET"]}}],"collection":[{"href":"https:\/\/dicifood.ch\/de\/wp-json\/wp\/v2\/pages"}],"about":[{"href":"https:\/\/dicifood.ch\/de\/wp-json\/wp\/v2\/types\/page"}],"author":[{"embeddable":true,"href":"https:\/\/dicifood.ch\/de\/wp-json\/wp\/v2\/users\/1"}],"replies":[{"embeddable":true,"href":"https:\/\/dicifood.ch\/de\/wp-json\/wp\/v2\/comments?post=4782"}],"version-history":[{"count":44,"href":"https:\/\/dicifood.ch\/de\/wp-json\/wp\/v2\/pages\/4782\/revisions"}],"predecessor-version":[{"id":11328,"href":"https:\/\/dicifood.ch\/de\/wp-json\/wp\/v2\/pages\/4782\/revisions\/11328"}],"wp:attachment":[{"href":"https:\/\/dicifood.ch\/de\/wp-json\/wp\/v2\/media?parent=4782"}],"curies":[{"name":"wp","href":"https:\/\/api.w.org\/{rel}","templated":true}]}}