{"id":4711,"date":"2021-07-28T10:32:18","date_gmt":"2021-07-28T10:32:18","guid":{"rendered":"https:\/\/demoapus2.com\/freshen\/?page_id=3"},"modified":"2023-04-05T16:42:40","modified_gmt":"2023-04-05T14:42:40","slug":"mentions-legales","status":"publish","type":"page","link":"https:\/\/dicifood.ch\/de\/mentions-legales\/","title":{"rendered":"Rechtliche Hinweise"},"content":{"rendered":"<p>Die \u00fcber unsere Kontaktformulare gesammelten Informationen werden von unserem Unternehmen in einer computergest\u00fctzten Datei gespeichert, um den Austausch mit den Interessenten und Kunden des Unternehmens zu erleichtern.<\/p>\r\n<p><br \/>Die Informationen sind f\u00fcr alle Mitarbeiter von Dicifood S\u00e0rl bestimmt, die sie m\u00f6glicherweise ben\u00f6tigen, um die Anfrage des betreffenden Kunden zu beantworten. Beim Absenden eines Formulars \u00fcber unsere Website werden keine IP-Adressen gesammelt.<br \/>Die gesammelten Daten werden f\u00fcr maximal 6 Monate aufbewahrt, falls kein Vertrag mit unserem Unternehmen zustande kommt.<\/p>\r\n<p><br \/>Gem\u00e4\u00df den Bestimmungen der DSGVO hat jeder Nutzer das Recht auf Zugang, Berichtigung, L\u00f6schung und Widerspruch bez\u00fcglich der ihn betreffenden personenbezogenen Daten.<br \/>Um dies auszu\u00fcben, richten Sie Ihre Anfrage per Post an :<\/p>\r\n<p style=\"text-align: center;\">Dicifood S\u00e0rl \u2013 Chemin du Vieux R\u00e9servoir 7 \u2013 1116 Cottens<\/p>\r\n<p>Der Antrag muss schriftlich und unterschrieben sein, zusammen mit einer Kopie des Personalausweises mit Unterschrift des Inhabers des Dokuments, und die Adresse angeben, an die die Antwort gesendet werden soll.<\/p>\r\n<p>Keine pers\u00f6nlichen Informationen des Nutzers der Website www.dicifood.ch werden ohne das Wissen des Nutzers ver\u00f6ffentlicht, ausgetauscht, \u00fcbertragen, abgetreten oder auf irgendeinem Datentr\u00e4ger an Dritte verkauft. Nur die Annahme des R\u00fcckkaufs der Website www.dicifood.ch vom Eigent\u00fcmer der Website und seiner Rechte erm\u00f6glicht die \u00dcbertragung der genannten Informationen an einen eventuellen Erwerber, der seinerseits gegen\u00fcber dem Benutzer der Website www.dicifood.ch die gleiche Verpflichtung zur Aufbewahrung und \u00c4nderung der Daten hat.<\/p>","protected":false},"excerpt":{"rendered":"<p>Les informations recueillies par le biais de nos formulaires de contact sont enregistr\u00e9es dans un fichier informatis\u00e9 par notre entreprise pour faciliter les \u00e9changes avec les prospects et clients de la soci\u00e9t\u00e9. Les informations sont destin\u00e9es \u00e0 tous les collaborateurs de Dicifood S\u00e0rl susceptible d\u2019en avoir besoin pour r\u00e9pondre \u00e0 la demande du client concern\u00e9. &hellip; <br \/><a href=\"https:\/\/dicifood.ch\/de\/mentions-legales\/\" class=\"more-link\">Continue reading <span class=\"screen-reader-text\">Rechtliche Hinweise<\/span><\/a><\/p>","protected":false},"author":1,"featured_media":0,"parent":0,"menu_order":0,"comment_status":"closed","ping_status":"open","template":"","meta":{"footnotes":""},"class_list":["post-4711","page","type-page","status-publish","hentry"],"yoast_head":"<!-- This site is optimized with the Yoast SEO plugin v27.5 - https:\/\/yoast.com\/product\/yoast-seo-wordpress\/ -->\n<title>Mentions l\u00e9gales - Dicifood<\/title>\n<meta name=\"robots\" content=\"index, follow, max-snippet:-1, max-image-preview:large, max-video-preview:-1\" \/>\n<link rel=\"canonical\" href=\"https:\/\/dicifood.ch\/de\/mentions-legales\/\" \/>\n<meta property=\"og:locale\" content=\"de_DE\" \/>\n<meta property=\"og:type\" content=\"article\" \/>\n<meta property=\"og:title\" content=\"Mentions l\u00e9gales - Dicifood\" \/>\n<meta property=\"og:description\" content=\"Les informations recueillies par le biais de nos formulaires de contact sont enregistr\u00e9es dans un fichier informatis\u00e9 par notre entreprise pour faciliter les \u00e9changes avec les prospects et clients de la soci\u00e9t\u00e9. Les informations sont destin\u00e9es \u00e0 tous les collaborateurs de Dicifood S\u00e0rl susceptible d\u2019en avoir besoin pour r\u00e9pondre \u00e0 la demande du client concern\u00e9. &hellip; Continue reading Mentions l\u00e9gales\" \/>\n<meta property=\"og:url\" content=\"https:\/\/dicifood.ch\/de\/mentions-legales\/\" \/>\n<meta property=\"og:site_name\" content=\"Dicifood\" \/>\n<meta property=\"article:modified_time\" content=\"2023-04-05T14:42:40+00:00\" \/>\n<meta name=\"twitter:card\" content=\"summary_large_image\" \/>\n<meta name=\"twitter:label1\" content=\"Gesch\u00e4tzte Lesezeit\" \/>\n\t<meta name=\"twitter:data1\" content=\"1\u00a0Minute\" \/>\n<script type=\"application\/ld+json\" class=\"yoast-schema-graph\">{\"@context\":\"https:\\\/\\\/schema.org\",\"@graph\":[{\"@type\":\"WebPage\",\"@id\":\"https:\\\/\\\/dicifood.ch\\\/mentions-legales\\\/\",\"url\":\"https:\\\/\\\/dicifood.ch\\\/mentions-legales\\\/\",\"name\":\"Mentions l\u00e9gales - Dicifood\",\"isPartOf\":{\"@id\":\"https:\\\/\\\/dicifood.ch\\\/#website\"},\"datePublished\":\"2021-07-28T10:32:18+00:00\",\"dateModified\":\"2023-04-05T14:42:40+00:00\",\"breadcrumb\":{\"@id\":\"https:\\\/\\\/dicifood.ch\\\/mentions-legales\\\/#breadcrumb\"},\"inLanguage\":\"de\",\"potentialAction\":[{\"@type\":\"ReadAction\",\"target\":[\"https:\\\/\\\/dicifood.ch\\\/mentions-legales\\\/\"]}]},{\"@type\":\"BreadcrumbList\",\"@id\":\"https:\\\/\\\/dicifood.ch\\\/mentions-legales\\\/#breadcrumb\",\"itemListElement\":[{\"@type\":\"ListItem\",\"position\":1,\"name\":\"Accueil\",\"item\":\"https:\\\/\\\/dicifood.ch\\\/\"},{\"@type\":\"ListItem\",\"position\":2,\"name\":\"Mentions l\u00e9gales\"}]},{\"@type\":\"WebSite\",\"@id\":\"https:\\\/\\\/dicifood.ch\\\/#website\",\"url\":\"https:\\\/\\\/dicifood.ch\\\/\",\"name\":\"Dicifood\",\"description\":\"De la fourche \u00e0 la fourchette\",\"potentialAction\":[{\"@type\":\"SearchAction\",\"target\":{\"@type\":\"EntryPoint\",\"urlTemplate\":\"https:\\\/\\\/dicifood.ch\\\/?s={search_term_string}\"},\"query-input\":{\"@type\":\"PropertyValueSpecification\",\"valueRequired\":true,\"valueName\":\"search_term_string\"}}],\"inLanguage\":\"de\"}]}<\/script>\n<!-- \/ Yoast SEO plugin. -->","yoast_head_json":{"title":"Mentions l\u00e9gales - Dicifood","robots":{"index":"index","follow":"follow","max-snippet":"max-snippet:-1","max-image-preview":"max-image-preview:large","max-video-preview":"max-video-preview:-1"},"canonical":"https:\/\/dicifood.ch\/de\/mentions-legales\/","og_locale":"de_DE","og_type":"article","og_title":"Mentions l\u00e9gales - Dicifood","og_description":"Les informations recueillies par le biais de nos formulaires de contact sont enregistr\u00e9es dans un fichier informatis\u00e9 par notre entreprise pour faciliter les \u00e9changes avec les prospects et clients de la soci\u00e9t\u00e9. Les informations sont destin\u00e9es \u00e0 tous les collaborateurs de Dicifood S\u00e0rl susceptible d\u2019en avoir besoin pour r\u00e9pondre \u00e0 la demande du client concern\u00e9. &hellip; Continue reading Mentions l\u00e9gales","og_url":"https:\/\/dicifood.ch\/de\/mentions-legales\/","og_site_name":"Dicifood","article_modified_time":"2023-04-05T14:42:40+00:00","twitter_card":"summary_large_image","twitter_misc":{"Gesch\u00e4tzte Lesezeit":"1\u00a0Minute"},"schema":{"@context":"https:\/\/schema.org","@graph":[{"@type":"WebPage","@id":"https:\/\/dicifood.ch\/mentions-legales\/","url":"https:\/\/dicifood.ch\/mentions-legales\/","name":"Mentions l\u00e9gales - Dicifood","isPartOf":{"@id":"https:\/\/dicifood.ch\/#website"},"datePublished":"2021-07-28T10:32:18+00:00","dateModified":"2023-04-05T14:42:40+00:00","breadcrumb":{"@id":"https:\/\/dicifood.ch\/mentions-legales\/#breadcrumb"},"inLanguage":"de","potentialAction":[{"@type":"ReadAction","target":["https:\/\/dicifood.ch\/mentions-legales\/"]}]},{"@type":"BreadcrumbList","@id":"https:\/\/dicifood.ch\/mentions-legales\/#breadcrumb","itemListElement":[{"@type":"ListItem","position":1,"name":"Accueil","item":"https:\/\/dicifood.ch\/"},{"@type":"ListItem","position":2,"name":"Mentions l\u00e9gales"}]},{"@type":"WebSite","@id":"https:\/\/dicifood.ch\/#website","url":"https:\/\/dicifood.ch\/","name":"Dicifood","description":"De la fourche \u00e0 la fourchette","potentialAction":[{"@type":"SearchAction","target":{"@type":"EntryPoint","urlTemplate":"https:\/\/dicifood.ch\/?s={search_term_string}"},"query-input":{"@type":"PropertyValueSpecification","valueRequired":true,"valueName":"search_term_string"}}],"inLanguage":"de"}]}},"_links":{"self":[{"href":"https:\/\/dicifood.ch\/de\/wp-json\/wp\/v2\/pages\/4711","targetHints":{"allow":["GET"]}}],"collection":[{"href":"https:\/\/dicifood.ch\/de\/wp-json\/wp\/v2\/pages"}],"about":[{"href":"https:\/\/dicifood.ch\/de\/wp-json\/wp\/v2\/types\/page"}],"author":[{"embeddable":true,"href":"https:\/\/dicifood.ch\/de\/wp-json\/wp\/v2\/users\/1"}],"replies":[{"embeddable":true,"href":"https:\/\/dicifood.ch\/de\/wp-json\/wp\/v2\/comments?post=4711"}],"version-history":[{"count":2,"href":"https:\/\/dicifood.ch\/de\/wp-json\/wp\/v2\/pages\/4711\/revisions"}],"predecessor-version":[{"id":5443,"href":"https:\/\/dicifood.ch\/de\/wp-json\/wp\/v2\/pages\/4711\/revisions\/5443"}],"wp:attachment":[{"href":"https:\/\/dicifood.ch\/de\/wp-json\/wp\/v2\/media?parent=4711"}],"curies":[{"name":"wp","href":"https:\/\/api.w.org\/{rel}","templated":true}]}}